{"id":6518,"date":"2025-01-09T18:00:21","date_gmt":"2025-01-09T18:00:21","guid":{"rendered":"https:\/\/medusea.es\/shop\/uncategorized\/luminaria-em-forma-de-esfera-de-vidro-com-aguas-vivas\/"},"modified":"2025-01-09T18:00:21","modified_gmt":"2025-01-09T18:00:21","slug":"luminaria-em-forma-de-esfera-de-vidro-com-aguas-vivas","status":"publish","type":"product","link":"https:\/\/medusea.es\/pt\/loja\/presentes-originais\/luminaria-em-forma-de-esfera-de-vidro-com-aguas-vivas\/","title":{"rendered":"Lumin\u00e1ria em forma de esfera de vidro com \u00e1guas-vivas"},"content":{"rendered":"<p>Lumin\u00e1ria decorativa em formato de esfera de vidro com \u00e1guas-vivas entalhadas e base de madeira com luzes LED.<\/p>\n<p>D\u00ea um toque m\u00e1gico e relaxante a qualquer canto da sua casa com esta lumin\u00e1ria original.<br \/>Ela \u00e9 composta por uma esfera de vidro com um desenho entalhado de \u00e1guas-vivas em seu interior, acompanhada de uma base de madeira com luzes LED de cor branca quente.<br \/>Funciona por conex\u00e3o USB e possui um bot\u00e3o de liga\/desliga.  <\/p>\n<p>A luz suave cria uma atmosfera acolhedora, ideal como luz de vig\u00edlia \u00e0 noite.<br \/>Perfeita para decorar salas, estantes, quartos&#8230; <\/p>\n<p>Um presente \u00fanico e original para surpreender a pessoa apaixonada por \u00e1guas-vivas ou pelo mar.<\/p>\n","protected":false},"excerpt":{"rendered":"<p>Descubra esta elegante lumin\u00e1ria decorativa em forma de esfera de vidro com \u00e1guas-vivas entalhadas, com base de madeira e luz LED.<br \/>Perfeita para decorar ou para presentear. Deixe seu espa\u00e7o \u00fanico!  <\/p>\n","protected":false},"featured_media":6520,"comment_status":"open","ping_status":"closed","template":"","meta":{"_monsterinsights_skip_tracking":false,"_monsterinsights_sitenote_active":false,"_monsterinsights_sitenote_note":"","_monsterinsights_sitenote_category":0,"ocean_post_layout":"","ocean_both_sidebars_style":"","ocean_both_sidebars_content_width":0,"ocean_both_sidebars_sidebars_width":0,"ocean_sidebar":"0","ocean_second_sidebar":"0","ocean_disable_margins":"enable","ocean_add_body_class":"","ocean_shortcode_before_top_bar":"","ocean_shortcode_after_top_bar":"","ocean_shortcode_before_header":"","ocean_shortcode_after_header":"","ocean_has_shortcode":"","ocean_shortcode_after_title":"","ocean_shortcode_before_footer_widgets":"","ocean_shortcode_after_footer_widgets":"","ocean_shortcode_before_footer_bottom":"","ocean_shortcode_after_footer_bottom":"","ocean_display_top_bar":"default","ocean_display_header":"default","ocean_header_style":"","ocean_center_header_left_menu":"0","ocean_custom_header_template":"0","ocean_custom_logo":0,"ocean_custom_retina_logo":0,"ocean_custom_logo_max_width":0,"ocean_custom_logo_tablet_max_width":0,"ocean_custom_logo_mobile_max_width":0,"ocean_custom_logo_max_height":0,"ocean_custom_logo_tablet_max_height":0,"ocean_custom_logo_mobile_max_height":0,"ocean_header_custom_menu":"0","ocean_menu_typo_font_family":"0","ocean_menu_typo_font_subset":"","ocean_menu_typo_font_size":0,"ocean_menu_typo_font_size_tablet":0,"ocean_menu_typo_font_size_mobile":0,"ocean_menu_typo_font_size_unit":"px","ocean_menu_typo_font_weight":"","ocean_menu_typo_font_weight_tablet":"","ocean_menu_typo_font_weight_mobile":"","ocean_menu_typo_transform":"","ocean_menu_typo_transform_tablet":"","ocean_menu_typo_transform_mobile":"","ocean_menu_typo_line_height":0,"ocean_menu_typo_line_height_tablet":0,"ocean_menu_typo_line_height_mobile":0,"ocean_menu_typo_line_height_unit":"","ocean_menu_typo_spacing":0,"ocean_menu_typo_spacing_tablet":0,"ocean_menu_typo_spacing_mobile":0,"ocean_menu_typo_spacing_unit":"","ocean_menu_link_color":"","ocean_menu_link_color_hover":"","ocean_menu_link_color_active":"","ocean_menu_link_background":"","ocean_menu_link_hover_background":"","ocean_menu_link_active_background":"","ocean_menu_social_links_bg":"","ocean_menu_social_hover_links_bg":"","ocean_menu_social_links_color":"","ocean_menu_social_hover_links_color":"","ocean_disable_title":"default","ocean_disable_heading":"default","ocean_post_title":"","ocean_post_subheading":"","ocean_post_title_style":"","ocean_post_title_background_color":"","ocean_post_title_background":0,"ocean_post_title_bg_image_position":"","ocean_post_title_bg_image_attachment":"","ocean_post_title_bg_image_repeat":"","ocean_post_title_bg_image_size":"","ocean_post_title_height":0,"ocean_post_title_bg_overlay":0.5,"ocean_post_title_bg_overlay_color":"","ocean_disable_breadcrumbs":"default","ocean_breadcrumbs_color":"","ocean_breadcrumbs_separator_color":"","ocean_breadcrumbs_links_color":"","ocean_breadcrumbs_links_hover_color":"","ocean_display_footer_widgets":"default","ocean_display_footer_bottom":"default","ocean_custom_footer_template":"0"},"product_brand":[],"product_cat":[118],"product_tag":[],"class_list":{"0":"post-6518","1":"product","2":"type-product","3":"status-publish","4":"has-post-thumbnail","6":"product_cat-presentes-originais","8":"entry","9":"has-media","11":"first","12":"outofstock","13":"featured","14":"taxable","15":"shipping-taxable","16":"purchasable","17":"product-type-simple","18":"has-product-nav","19":"col","20":"span_1_of_3","21":"owp-content-center","22":"item-entry","23":"owp-thumbs-layout-horizontal","24":"owp-btn-normal","25":"owp-tabs-layout-horizontal","27":"circle-sale"},"yoast_head":"<!-- This site is optimized with the Yoast SEO plugin v27.2 - https:\/\/yoast.com\/product\/yoast-seo-wordpress\/ -->\n<title>Lumin\u00e1ria em forma de esfera de vidro com \u00e1guas-vivas - Medusea<\/title>\n<meta name=\"description\" content=\"Descubra esta elegante lumin\u00e1ria decorativa em forma de esfera de vidro com \u00e1guas-vivas entalhadas, com base de madeira e luz LED.\" \/>\n<meta name=\"robots\" content=\"index, follow, max-snippet:-1, max-image-preview:large, max-video-preview:-1\" \/>\n<link rel=\"canonical\" href=\"https:\/\/medusea.es\/pt\/loja\/presentes-originais\/luminaria-em-forma-de-esfera-de-vidro-com-aguas-vivas\/\" \/>\n<meta property=\"og:locale\" content=\"pt_PT\" \/>\n<meta property=\"og:type\" content=\"article\" \/>\n<meta property=\"og:title\" content=\"Lumin\u00e1ria em forma de esfera de vidro com \u00e1guas-vivas - Medusea\" \/>\n<meta property=\"og:description\" content=\"Descubra esta elegante lumin\u00e1ria decorativa em forma de esfera de vidro com \u00e1guas-vivas entalhadas, com base de madeira e luz LED.\" \/>\n<meta property=\"og:url\" content=\"https:\/\/medusea.es\/pt\/loja\/presentes-originais\/luminaria-em-forma-de-esfera-de-vidro-com-aguas-vivas\/\" \/>\n<meta property=\"og:site_name\" content=\"Medusea\" \/>\n<meta property=\"article:publisher\" content=\"https:\/\/www.facebook.com\/medusea.es\/\" \/>\n<meta property=\"og:image\" content=\"https:\/\/medusea.es\/wp-content\/uploads\/2024\/12\/1733329237222.jpg\" \/>\n\t<meta property=\"og:image:width\" content=\"2126\" \/>\n\t<meta property=\"og:image:height\" content=\"2128\" \/>\n\t<meta property=\"og:image:type\" content=\"image\/jpeg\" \/>\n<meta name=\"twitter:card\" content=\"summary_large_image\" \/>\n<meta name=\"twitter:label1\" content=\"Est. reading time\" \/>\n\t<meta name=\"twitter:data1\" content=\"1 minute\" \/>\n<script type=\"application\/ld+json\" class=\"yoast-schema-graph\">{\"@context\":\"https:\/\/schema.org\",\"@graph\":[{\"@type\":\"WebPage\",\"@id\":\"https:\/\/medusea.es\/pt\/loja\/presentes-originais\/luminaria-em-forma-de-esfera-de-vidro-com-aguas-vivas\/\",\"url\":\"https:\/\/medusea.es\/pt\/loja\/presentes-originais\/luminaria-em-forma-de-esfera-de-vidro-com-aguas-vivas\/\",\"name\":\"Lumin\u00e1ria em forma de esfera de vidro com \u00e1guas-vivas - Medusea\",\"isPartOf\":{\"@id\":\"https:\/\/medusea.es\/#website\"},\"primaryImageOfPage\":{\"@id\":\"https:\/\/medusea.es\/pt\/loja\/presentes-originais\/luminaria-em-forma-de-esfera-de-vidro-com-aguas-vivas\/#primaryimage\"},\"image\":{\"@id\":\"https:\/\/medusea.es\/pt\/loja\/presentes-originais\/luminaria-em-forma-de-esfera-de-vidro-com-aguas-vivas\/#primaryimage\"},\"thumbnailUrl\":\"https:\/\/medusea.es\/wp-content\/uploads\/2024\/12\/1733329237222.jpg\",\"datePublished\":\"2025-01-09T18:00:21+00:00\",\"description\":\"Descubra esta elegante lumin\u00e1ria decorativa em forma de esfera de vidro com \u00e1guas-vivas entalhadas, com base de madeira e luz LED.\",\"breadcrumb\":{\"@id\":\"https:\/\/medusea.es\/pt\/loja\/presentes-originais\/luminaria-em-forma-de-esfera-de-vidro-com-aguas-vivas\/#breadcrumb\"},\"inLanguage\":\"pt-PI\",\"potentialAction\":[{\"@type\":\"ReadAction\",\"target\":[\"https:\/\/medusea.es\/pt\/loja\/presentes-originais\/luminaria-em-forma-de-esfera-de-vidro-com-aguas-vivas\/\"]}]},{\"@type\":\"ImageObject\",\"inLanguage\":\"pt-PI\",\"@id\":\"https:\/\/medusea.es\/pt\/loja\/presentes-originais\/luminaria-em-forma-de-esfera-de-vidro-com-aguas-vivas\/#primaryimage\",\"url\":\"https:\/\/medusea.es\/wp-content\/uploads\/2024\/12\/1733329237222.jpg\",\"contentUrl\":\"https:\/\/medusea.es\/wp-content\/uploads\/2024\/12\/1733329237222.jpg\",\"width\":2126,\"height\":2128,\"caption\":\"regalos originales medusas\"},{\"@type\":\"BreadcrumbList\",\"@id\":\"https:\/\/medusea.es\/pt\/loja\/presentes-originais\/luminaria-em-forma-de-esfera-de-vidro-com-aguas-vivas\/#breadcrumb\",\"itemListElement\":[{\"@type\":\"ListItem\",\"position\":1,\"name\":\"Inicio\",\"item\":\"https:\/\/medusea.es\/pt\/inicio\/\"},{\"@type\":\"ListItem\",\"position\":2,\"name\":\"Loja Medusea\",\"item\":\"https:\/\/medusea.es\/loja-medusea\/\"},{\"@type\":\"ListItem\",\"position\":3,\"name\":\"Lumin\u00e1ria em forma de esfera de vidro com \u00e1guas-vivas\"}]},{\"@type\":\"WebSite\",\"@id\":\"https:\/\/medusea.es\/#website\",\"url\":\"https:\/\/medusea.es\/\",\"name\":\"Medusea\",\"description\":\"Cr\u00eda y Venta de medusas\",\"publisher\":{\"@id\":\"https:\/\/medusea.es\/#organization\"},\"potentialAction\":[{\"@type\":\"SearchAction\",\"target\":{\"@type\":\"EntryPoint\",\"urlTemplate\":\"https:\/\/medusea.es\/?s={search_term_string}\"},\"query-input\":{\"@type\":\"PropertyValueSpecification\",\"valueRequired\":true,\"valueName\":\"search_term_string\"}}],\"inLanguage\":\"pt-PI\"},{\"@type\":\"Organization\",\"@id\":\"https:\/\/medusea.es\/#organization\",\"name\":\"Medusea\",\"url\":\"https:\/\/medusea.es\/\",\"logo\":{\"@type\":\"ImageObject\",\"inLanguage\":\"pt-PI\",\"@id\":\"https:\/\/medusea.es\/#\/schema\/logo\/image\/\",\"url\":\"https:\/\/medusea.es\/wp-content\/uploads\/2020\/12\/cropped-logo-web-medusea.png\",\"contentUrl\":\"https:\/\/medusea.es\/wp-content\/uploads\/2020\/12\/cropped-logo-web-medusea.png\",\"width\":831,\"height\":165,\"caption\":\"Medusea\"},\"image\":{\"@id\":\"https:\/\/medusea.es\/#\/schema\/logo\/image\/\"},\"sameAs\":[\"https:\/\/www.facebook.com\/medusea.es\/\",\"https:\/\/www.instagram.com\/medusea.es\/\",\"https:\/\/www.linkedin.com\/company\/medusea?originalSubdomain=es\",\"https:\/\/www.youtube.com\/channel\/UCX-4HPdK7ATTueYeuvGrbgg\"]}]}<\/script>\n<!-- \/ Yoast SEO plugin. -->","yoast_head_json":{"title":"Lumin\u00e1ria em forma de esfera de vidro com \u00e1guas-vivas - Medusea","description":"Descubra esta elegante lumin\u00e1ria decorativa em forma de esfera de vidro com \u00e1guas-vivas entalhadas, com base de madeira e luz LED.","robots":{"index":"index","follow":"follow","max-snippet":"max-snippet:-1","max-image-preview":"max-image-preview:large","max-video-preview":"max-video-preview:-1"},"canonical":"https:\/\/medusea.es\/pt\/loja\/presentes-originais\/luminaria-em-forma-de-esfera-de-vidro-com-aguas-vivas\/","og_locale":"pt_PT","og_type":"article","og_title":"Lumin\u00e1ria em forma de esfera de vidro com \u00e1guas-vivas - Medusea","og_description":"Descubra esta elegante lumin\u00e1ria decorativa em forma de esfera de vidro com \u00e1guas-vivas entalhadas, com base de madeira e luz LED.","og_url":"https:\/\/medusea.es\/pt\/loja\/presentes-originais\/luminaria-em-forma-de-esfera-de-vidro-com-aguas-vivas\/","og_site_name":"Medusea","article_publisher":"https:\/\/www.facebook.com\/medusea.es\/","og_image":[{"width":2126,"height":2128,"url":"https:\/\/medusea.es\/wp-content\/uploads\/2024\/12\/1733329237222.jpg","type":"image\/jpeg"}],"twitter_card":"summary_large_image","twitter_misc":{"Est. reading time":"1 minute"},"schema":{"@context":"https:\/\/schema.org","@graph":[{"@type":"WebPage","@id":"https:\/\/medusea.es\/pt\/loja\/presentes-originais\/luminaria-em-forma-de-esfera-de-vidro-com-aguas-vivas\/","url":"https:\/\/medusea.es\/pt\/loja\/presentes-originais\/luminaria-em-forma-de-esfera-de-vidro-com-aguas-vivas\/","name":"Lumin\u00e1ria em forma de esfera de vidro com \u00e1guas-vivas - Medusea","isPartOf":{"@id":"https:\/\/medusea.es\/#website"},"primaryImageOfPage":{"@id":"https:\/\/medusea.es\/pt\/loja\/presentes-originais\/luminaria-em-forma-de-esfera-de-vidro-com-aguas-vivas\/#primaryimage"},"image":{"@id":"https:\/\/medusea.es\/pt\/loja\/presentes-originais\/luminaria-em-forma-de-esfera-de-vidro-com-aguas-vivas\/#primaryimage"},"thumbnailUrl":"https:\/\/medusea.es\/wp-content\/uploads\/2024\/12\/1733329237222.jpg","datePublished":"2025-01-09T18:00:21+00:00","description":"Descubra esta elegante lumin\u00e1ria decorativa em forma de esfera de vidro com \u00e1guas-vivas entalhadas, com base de madeira e luz LED.","breadcrumb":{"@id":"https:\/\/medusea.es\/pt\/loja\/presentes-originais\/luminaria-em-forma-de-esfera-de-vidro-com-aguas-vivas\/#breadcrumb"},"inLanguage":"pt-PI","potentialAction":[{"@type":"ReadAction","target":["https:\/\/medusea.es\/pt\/loja\/presentes-originais\/luminaria-em-forma-de-esfera-de-vidro-com-aguas-vivas\/"]}]},{"@type":"ImageObject","inLanguage":"pt-PI","@id":"https:\/\/medusea.es\/pt\/loja\/presentes-originais\/luminaria-em-forma-de-esfera-de-vidro-com-aguas-vivas\/#primaryimage","url":"https:\/\/medusea.es\/wp-content\/uploads\/2024\/12\/1733329237222.jpg","contentUrl":"https:\/\/medusea.es\/wp-content\/uploads\/2024\/12\/1733329237222.jpg","width":2126,"height":2128,"caption":"regalos originales medusas"},{"@type":"BreadcrumbList","@id":"https:\/\/medusea.es\/pt\/loja\/presentes-originais\/luminaria-em-forma-de-esfera-de-vidro-com-aguas-vivas\/#breadcrumb","itemListElement":[{"@type":"ListItem","position":1,"name":"Inicio","item":"https:\/\/medusea.es\/pt\/inicio\/"},{"@type":"ListItem","position":2,"name":"Loja Medusea","item":"https:\/\/medusea.es\/loja-medusea\/"},{"@type":"ListItem","position":3,"name":"Lumin\u00e1ria em forma de esfera de vidro com \u00e1guas-vivas"}]},{"@type":"WebSite","@id":"https:\/\/medusea.es\/#website","url":"https:\/\/medusea.es\/","name":"Medusea","description":"Cr\u00eda y Venta de medusas","publisher":{"@id":"https:\/\/medusea.es\/#organization"},"potentialAction":[{"@type":"SearchAction","target":{"@type":"EntryPoint","urlTemplate":"https:\/\/medusea.es\/?s={search_term_string}"},"query-input":{"@type":"PropertyValueSpecification","valueRequired":true,"valueName":"search_term_string"}}],"inLanguage":"pt-PI"},{"@type":"Organization","@id":"https:\/\/medusea.es\/#organization","name":"Medusea","url":"https:\/\/medusea.es\/","logo":{"@type":"ImageObject","inLanguage":"pt-PI","@id":"https:\/\/medusea.es\/#\/schema\/logo\/image\/","url":"https:\/\/medusea.es\/wp-content\/uploads\/2020\/12\/cropped-logo-web-medusea.png","contentUrl":"https:\/\/medusea.es\/wp-content\/uploads\/2020\/12\/cropped-logo-web-medusea.png","width":831,"height":165,"caption":"Medusea"},"image":{"@id":"https:\/\/medusea.es\/#\/schema\/logo\/image\/"},"sameAs":["https:\/\/www.facebook.com\/medusea.es\/","https:\/\/www.instagram.com\/medusea.es\/","https:\/\/www.linkedin.com\/company\/medusea?originalSubdomain=es","https:\/\/www.youtube.com\/channel\/UCX-4HPdK7ATTueYeuvGrbgg"]}]}},"_links":{"self":[{"href":"https:\/\/medusea.es\/pt\/wp-json\/wp\/v2\/product\/6518","targetHints":{"allow":["GET"]}}],"collection":[{"href":"https:\/\/medusea.es\/pt\/wp-json\/wp\/v2\/product"}],"about":[{"href":"https:\/\/medusea.es\/pt\/wp-json\/wp\/v2\/types\/product"}],"replies":[{"embeddable":true,"href":"https:\/\/medusea.es\/pt\/wp-json\/wp\/v2\/comments?post=6518"}],"version-history":[{"count":0,"href":"https:\/\/medusea.es\/pt\/wp-json\/wp\/v2\/product\/6518\/revisions"}],"wp:featuredmedia":[{"embeddable":true,"href":"https:\/\/medusea.es\/pt\/wp-json\/wp\/v2\/media\/6520"}],"wp:attachment":[{"href":"https:\/\/medusea.es\/pt\/wp-json\/wp\/v2\/media?parent=6518"}],"wp:term":[{"taxonomy":"product_brand","embeddable":true,"href":"https:\/\/medusea.es\/pt\/wp-json\/wp\/v2\/product_brand?post=6518"},{"taxonomy":"product_cat","embeddable":true,"href":"https:\/\/medusea.es\/pt\/wp-json\/wp\/v2\/product_cat?post=6518"},{"taxonomy":"product_tag","embeddable":true,"href":"https:\/\/medusea.es\/pt\/wp-json\/wp\/v2\/product_tag?post=6518"}],"curies":[{"name":"wp","href":"https:\/\/api.w.org\/{rel}","templated":true}]}}