{"id":6461,"date":"2021-02-28T16:43:06","date_gmt":"2021-02-28T16:43:06","guid":{"rendered":"https:\/\/medusea.es\/shop\/uncategorized\/fitoplancton-vivo\/"},"modified":"2021-02-28T16:43:06","modified_gmt":"2021-02-28T16:43:06","slug":"fitoplancton-vivo","status":"publish","type":"product","link":"https:\/\/medusea.es\/pt\/loja\/alimentos\/fitoplancton-vivo\/","title":{"rendered":"Fitopl\u00e2ncton Vivo"},"content":{"rendered":"<p><span style=\"color: #5b9bd5;\"><u><b>Caracter\u00edsticas gerais<\/b><\/u><\/span><\/p>\n<p align=\"JUSTIFY\">Estas quatro esp\u00e9cies de microalgas se complementam perfeitamente gra\u00e7as \u00e0s suas diferen\u00e7as em tamanho, mobilidade e valor nutricional:<br \/><i>Tetraselmis suecica: <\/i>tamanho de 10\u201314 \u00b5m, m\u00f3vel com flagelos.<br \/><i>Nannochloropsis gaditana:<\/i> muito menor (cerca de 2 \u00b5m), n\u00e3o possui mobilidade, c\u00e9lulas pequenas e arredondadas, sem DHA, mas com alto teor de EPA, prote\u00ednas e carboidratos.<br \/><i>Isochrysis galbana:<\/i> c\u00e9lulas ovais de 5 a 7 \u00b5m, dois flagelos e rica em DHA \u2014 muito ben\u00e9fica para o crescimento de larvas e do zoopl\u00e2ncton.<br \/><i>Phaeodactylum tricornutum: <\/i>diatom\u00e1cea com tamanhos de 24\u201329 \u00b5m x 4\u20135 \u00b5m, pode apresentar formas trirradiada, fusiforme ou oval. Pode ser planct\u00f4nica, bent\u00f4nica ou litor\u00e2nea e cont\u00e9m altos n\u00edveis de EPA e DHA.   <\/p>\n<p align=\"JUSTIFY\">O fitopl\u00e2ncton \u00e9 a base da cadeia tr\u00f3fica dos oceanos e, portanto, \u00e9 de vital import\u00e2ncia para todos os organismos presentes em nosso aqu\u00e1rio, seja de forma direta ou indireta.<\/p>\n<p align=\"JUSTIFY\">Alimentar corretamente desde os n\u00edveis tr\u00f3ficos mais baixos permite alcan\u00e7ar um ecossistema mais equilibrado e bem nutrido. Devemos tentar imitar ao m\u00e1ximo o que os organismos encontram em seu habitat natural \u2014 o fitopl\u00e2ncton \u00e9 essencial nesse processo. <\/p>\n<p align=\"JUSTIFY\"><span style=\"color: #2e74b5;\"><u><b>Valor nutricional<\/b><\/u><\/span><\/p>\n<p align=\"JUSTIFY\">As microalgas fornecem:<br \/>Prote\u00ednas e amino\u00e1cidos<br \/>\u00c1cidos graxos poli-insaturados (\u00f4mega 3)<br \/>Vitaminas e minerais<br \/>Clorofilas, pigmentos, antioxidantes, enzimas\u2026<\/p>\n<p align=\"JUSTIFY\">Composi\u00e7\u00e3o m\u00e9dia (vari\u00e1vel por esp\u00e9cie e cultivo):<br \/>Prote\u00ednas: 30\u201350%<br \/>Carboidratos: 20\u201340%<br \/>Lip\u00eddios: 8\u201315% <\/p>\n<p align=\"JUSTIFY\"><span style=\"color: #2e74b5;\"><u><b>Vantagens do fitopl\u00e2ncton vivo como alimento<\/b><\/u><\/span><\/p>\n<p align=\"JUSTIFY\">Alimenta diretamente os organismos filtradores e invertebrados do aqu\u00e1rio<br \/>Refor\u00e7a o sistema imunol\u00f3gico dos animais<br \/>Intensifica a colora\u00e7\u00e3o natural<br \/>Estimula os instintos de preda\u00e7\u00e3o<\/p>\n<p align=\"JUSTIFY\">Os resultados n\u00e3o s\u00e3o imediatos, mas com o tempo, percebe-se uma clara melhoria na vitalidade do aqu\u00e1rio marinho.<\/p>\n<p align=\"JUSTIFY\"><span style=\"color: #2e74b5;\"><u><b>Quando e como usar o fitopl\u00e2ncton<\/b><\/u><\/span><\/p>\n<p align=\"JUSTIFY\">Parte do fitopl\u00e2ncton que n\u00e3o for consumido desaparecer\u00e1 naturalmente<br \/>Uma fra\u00e7\u00e3o se fixar\u00e1 nas rochas vivas e no substrato, servindo de alimento secund\u00e1rio <\/p>\n<p align=\"JUSTIFY\">O fitopl\u00e2ncton n\u00e3o se reproduz no aqu\u00e1rio: exige um meio eutr\u00f3fico (rico em nutrientes), enquanto buscamos manter um aqu\u00e1rio oligotr\u00f3fico (baixo teor de nutrientes)  <\/p>\n<p align=\"JUSTIFY\">Recomenda\u00e7\u00f5es:<br \/>Comece com baixa dosagem<br \/>Aumente gradualmente conforme necessidade<\/p>\n<p align=\"JUSTIFY\">O uso de fitopl\u00e2ncton vivo tamb\u00e9m contribui para a manuten\u00e7\u00e3o e reprodu\u00e7\u00e3o do zoopl\u00e2ncton introduzido no sistema.<\/p>\n","protected":false},"excerpt":{"rendered":"<p>Estas quatro esp\u00e9cies de microalgas se complementam perfeitamente gra\u00e7as \u00e0s suas diferen\u00e7as em tamanho, mobilidade e valor nutricional<\/p>\n","protected":false},"featured_media":6481,"comment_status":"open","ping_status":"closed","template":"","meta":{"_monsterinsights_skip_tracking":false,"_monsterinsights_sitenote_active":false,"_monsterinsights_sitenote_note":"","_monsterinsights_sitenote_category":0,"ocean_post_layout":"","ocean_both_sidebars_style":"","ocean_both_sidebars_content_width":0,"ocean_both_sidebars_sidebars_width":0,"ocean_sidebar":"0","ocean_second_sidebar":"0","ocean_disable_margins":"enable","ocean_add_body_class":"","ocean_shortcode_before_top_bar":"","ocean_shortcode_after_top_bar":"","ocean_shortcode_before_header":"","ocean_shortcode_after_header":"","ocean_has_shortcode":"","ocean_shortcode_after_title":"","ocean_shortcode_before_footer_widgets":"","ocean_shortcode_after_footer_widgets":"","ocean_shortcode_before_footer_bottom":"","ocean_shortcode_after_footer_bottom":"","ocean_display_top_bar":"default","ocean_display_header":"default","ocean_header_style":"","ocean_center_header_left_menu":"0","ocean_custom_header_template":"0","ocean_custom_logo":0,"ocean_custom_retina_logo":0,"ocean_custom_logo_max_width":0,"ocean_custom_logo_tablet_max_width":0,"ocean_custom_logo_mobile_max_width":0,"ocean_custom_logo_max_height":0,"ocean_custom_logo_tablet_max_height":0,"ocean_custom_logo_mobile_max_height":0,"ocean_header_custom_menu":"0","ocean_menu_typo_font_family":"0","ocean_menu_typo_font_subset":"","ocean_menu_typo_font_size":0,"ocean_menu_typo_font_size_tablet":0,"ocean_menu_typo_font_size_mobile":0,"ocean_menu_typo_font_size_unit":"px","ocean_menu_typo_font_weight":"","ocean_menu_typo_font_weight_tablet":"","ocean_menu_typo_font_weight_mobile":"","ocean_menu_typo_transform":"","ocean_menu_typo_transform_tablet":"","ocean_menu_typo_transform_mobile":"","ocean_menu_typo_line_height":0,"ocean_menu_typo_line_height_tablet":0,"ocean_menu_typo_line_height_mobile":0,"ocean_menu_typo_line_height_unit":"","ocean_menu_typo_spacing":0,"ocean_menu_typo_spacing_tablet":0,"ocean_menu_typo_spacing_mobile":0,"ocean_menu_typo_spacing_unit":"","ocean_menu_link_color":"","ocean_menu_link_color_hover":"","ocean_menu_link_color_active":"","ocean_menu_link_background":"","ocean_menu_link_hover_background":"","ocean_menu_link_active_background":"","ocean_menu_social_links_bg":"","ocean_menu_social_hover_links_bg":"","ocean_menu_social_links_color":"","ocean_menu_social_hover_links_color":"","ocean_disable_title":"default","ocean_disable_heading":"default","ocean_post_title":"","ocean_post_subheading":"","ocean_post_title_style":"","ocean_post_title_background_color":"","ocean_post_title_background":0,"ocean_post_title_bg_image_position":"","ocean_post_title_bg_image_attachment":"","ocean_post_title_bg_image_repeat":"","ocean_post_title_bg_image_size":"","ocean_post_title_height":0,"ocean_post_title_bg_overlay":0.5,"ocean_post_title_bg_overlay_color":"","ocean_disable_breadcrumbs":"default","ocean_breadcrumbs_color":"","ocean_breadcrumbs_separator_color":"","ocean_breadcrumbs_links_color":"","ocean_breadcrumbs_links_hover_color":"","ocean_display_footer_widgets":"default","ocean_display_footer_bottom":"default","ocean_custom_footer_template":"0"},"product_brand":[],"product_cat":[99],"product_tag":[],"class_list":{"0":"post-6461","1":"product","2":"type-product","3":"status-publish","4":"has-post-thumbnail","6":"product_cat-alimentos","8":"entry","9":"has-media","11":"first","12":"instock","13":"taxable","14":"shipping-taxable","15":"purchasable","16":"product-type-variable","17":"has-product-nav","18":"col","19":"span_1_of_3","20":"owp-content-center","21":"item-entry","22":"owp-thumbs-layout-horizontal","23":"owp-btn-normal","24":"owp-tabs-layout-horizontal","26":"circle-sale"},"yoast_head":"<!-- This site is optimized with the Yoast SEO plugin v27.3 - https:\/\/yoast.com\/product\/yoast-seo-wordpress\/ -->\n<title>Fitopl\u00e2ncton Vivo - Medusea<\/title>\n<meta name=\"robots\" content=\"index, follow, max-snippet:-1, max-image-preview:large, max-video-preview:-1\" \/>\n<link rel=\"canonical\" href=\"https:\/\/medusea.es\/pt\/loja\/alimentos\/fitoplancton-vivo\/\" \/>\n<meta property=\"og:locale\" content=\"pt_PT\" \/>\n<meta property=\"og:type\" content=\"article\" \/>\n<meta property=\"og:title\" content=\"Fitopl\u00e2ncton Vivo - Medusea\" \/>\n<meta property=\"og:description\" content=\"Estas quatro esp\u00e9cies de microalgas se complementam perfeitamente gra\u00e7as \u00e0s suas diferen\u00e7as em tamanho, mobilidade e valor nutricional\" \/>\n<meta property=\"og:url\" content=\"https:\/\/medusea.es\/pt\/loja\/alimentos\/fitoplancton-vivo\/\" \/>\n<meta property=\"og:site_name\" content=\"Medusea\" \/>\n<meta property=\"article:publisher\" content=\"https:\/\/www.facebook.com\/medusea.es\/\" \/>\n<meta property=\"og:image\" content=\"https:\/\/medusea.es\/wp-content\/uploads\/2021\/02\/FitoplanctonVivo_250ml.jpg\" \/>\n\t<meta property=\"og:image:width\" content=\"1200\" \/>\n\t<meta property=\"og:image:height\" content=\"1200\" \/>\n\t<meta property=\"og:image:type\" content=\"image\/jpeg\" \/>\n<meta name=\"twitter:card\" content=\"summary_large_image\" \/>\n<meta name=\"twitter:label1\" content=\"Est. reading time\" \/>\n\t<meta name=\"twitter:data1\" content=\"2 minutes\" \/>\n<script type=\"application\/ld+json\" class=\"yoast-schema-graph\">{\"@context\":\"https:\\\/\\\/schema.org\",\"@graph\":[{\"@type\":\"WebPage\",\"@id\":\"https:\\\/\\\/medusea.es\\\/pt\\\/loja\\\/alimentos\\\/fitoplancton-vivo\\\/\",\"url\":\"https:\\\/\\\/medusea.es\\\/pt\\\/loja\\\/alimentos\\\/fitoplancton-vivo\\\/\",\"name\":\"Fitopl\u00e2ncton Vivo - Medusea\",\"isPartOf\":{\"@id\":\"https:\\\/\\\/medusea.es\\\/#website\"},\"primaryImageOfPage\":{\"@id\":\"https:\\\/\\\/medusea.es\\\/pt\\\/loja\\\/alimentos\\\/fitoplancton-vivo\\\/#primaryimage\"},\"image\":{\"@id\":\"https:\\\/\\\/medusea.es\\\/pt\\\/loja\\\/alimentos\\\/fitoplancton-vivo\\\/#primaryimage\"},\"thumbnailUrl\":\"https:\\\/\\\/medusea.es\\\/wp-content\\\/uploads\\\/2021\\\/02\\\/FitoplanctonVivo_250ml.jpg\",\"datePublished\":\"2021-02-28T16:43:06+00:00\",\"breadcrumb\":{\"@id\":\"https:\\\/\\\/medusea.es\\\/pt\\\/loja\\\/alimentos\\\/fitoplancton-vivo\\\/#breadcrumb\"},\"inLanguage\":\"pt-PI\",\"potentialAction\":[{\"@type\":\"ReadAction\",\"target\":[\"https:\\\/\\\/medusea.es\\\/pt\\\/loja\\\/alimentos\\\/fitoplancton-vivo\\\/\"]}]},{\"@type\":\"ImageObject\",\"inLanguage\":\"pt-PI\",\"@id\":\"https:\\\/\\\/medusea.es\\\/pt\\\/loja\\\/alimentos\\\/fitoplancton-vivo\\\/#primaryimage\",\"url\":\"https:\\\/\\\/medusea.es\\\/wp-content\\\/uploads\\\/2021\\\/02\\\/FitoplanctonVivo_250ml.jpg\",\"contentUrl\":\"https:\\\/\\\/medusea.es\\\/wp-content\\\/uploads\\\/2021\\\/02\\\/FitoplanctonVivo_250ml.jpg\",\"width\":1200,\"height\":1200},{\"@type\":\"BreadcrumbList\",\"@id\":\"https:\\\/\\\/medusea.es\\\/pt\\\/loja\\\/alimentos\\\/fitoplancton-vivo\\\/#breadcrumb\",\"itemListElement\":[{\"@type\":\"ListItem\",\"position\":1,\"name\":\"Inicio\",\"item\":\"https:\\\/\\\/medusea.es\\\/pt\\\/inicio\\\/\"},{\"@type\":\"ListItem\",\"position\":2,\"name\":\"Loja Medusea\",\"item\":\"https:\\\/\\\/medusea.es\\\/loja-medusea\\\/\"},{\"@type\":\"ListItem\",\"position\":3,\"name\":\"Fitopl\u00e2ncton Vivo\"}]},{\"@type\":\"WebSite\",\"@id\":\"https:\\\/\\\/medusea.es\\\/#website\",\"url\":\"https:\\\/\\\/medusea.es\\\/\",\"name\":\"Medusea\",\"description\":\"Cr\u00eda y Venta de medusas\",\"publisher\":{\"@id\":\"https:\\\/\\\/medusea.es\\\/#organization\"},\"potentialAction\":[{\"@type\":\"SearchAction\",\"target\":{\"@type\":\"EntryPoint\",\"urlTemplate\":\"https:\\\/\\\/medusea.es\\\/?s={search_term_string}\"},\"query-input\":{\"@type\":\"PropertyValueSpecification\",\"valueRequired\":true,\"valueName\":\"search_term_string\"}}],\"inLanguage\":\"pt-PI\"},{\"@type\":\"Organization\",\"@id\":\"https:\\\/\\\/medusea.es\\\/#organization\",\"name\":\"Medusea\",\"url\":\"https:\\\/\\\/medusea.es\\\/\",\"logo\":{\"@type\":\"ImageObject\",\"inLanguage\":\"pt-PI\",\"@id\":\"https:\\\/\\\/medusea.es\\\/#\\\/schema\\\/logo\\\/image\\\/\",\"url\":\"https:\\\/\\\/medusea.es\\\/wp-content\\\/uploads\\\/2020\\\/12\\\/cropped-logo-web-medusea.png\",\"contentUrl\":\"https:\\\/\\\/medusea.es\\\/wp-content\\\/uploads\\\/2020\\\/12\\\/cropped-logo-web-medusea.png\",\"width\":831,\"height\":165,\"caption\":\"Medusea\"},\"image\":{\"@id\":\"https:\\\/\\\/medusea.es\\\/#\\\/schema\\\/logo\\\/image\\\/\"},\"sameAs\":[\"https:\\\/\\\/www.facebook.com\\\/medusea.es\\\/\",\"https:\\\/\\\/www.instagram.com\\\/medusea.es\\\/\",\"https:\\\/\\\/www.linkedin.com\\\/company\\\/medusea?originalSubdomain=es\",\"https:\\\/\\\/www.youtube.com\\\/channel\\\/UCX-4HPdK7ATTueYeuvGrbgg\"]}]}<\/script>\n<!-- \/ Yoast SEO plugin. -->","yoast_head_json":{"title":"Fitopl\u00e2ncton Vivo - Medusea","robots":{"index":"index","follow":"follow","max-snippet":"max-snippet:-1","max-image-preview":"max-image-preview:large","max-video-preview":"max-video-preview:-1"},"canonical":"https:\/\/medusea.es\/pt\/loja\/alimentos\/fitoplancton-vivo\/","og_locale":"pt_PT","og_type":"article","og_title":"Fitopl\u00e2ncton Vivo - Medusea","og_description":"Estas quatro esp\u00e9cies de microalgas se complementam perfeitamente gra\u00e7as \u00e0s suas diferen\u00e7as em tamanho, mobilidade e valor nutricional","og_url":"https:\/\/medusea.es\/pt\/loja\/alimentos\/fitoplancton-vivo\/","og_site_name":"Medusea","article_publisher":"https:\/\/www.facebook.com\/medusea.es\/","og_image":[{"width":1200,"height":1200,"url":"https:\/\/medusea.es\/wp-content\/uploads\/2021\/02\/FitoplanctonVivo_250ml.jpg","type":"image\/jpeg"}],"twitter_card":"summary_large_image","twitter_misc":{"Est. reading time":"2 minutes"},"schema":{"@context":"https:\/\/schema.org","@graph":[{"@type":"WebPage","@id":"https:\/\/medusea.es\/pt\/loja\/alimentos\/fitoplancton-vivo\/","url":"https:\/\/medusea.es\/pt\/loja\/alimentos\/fitoplancton-vivo\/","name":"Fitopl\u00e2ncton Vivo - Medusea","isPartOf":{"@id":"https:\/\/medusea.es\/#website"},"primaryImageOfPage":{"@id":"https:\/\/medusea.es\/pt\/loja\/alimentos\/fitoplancton-vivo\/#primaryimage"},"image":{"@id":"https:\/\/medusea.es\/pt\/loja\/alimentos\/fitoplancton-vivo\/#primaryimage"},"thumbnailUrl":"https:\/\/medusea.es\/wp-content\/uploads\/2021\/02\/FitoplanctonVivo_250ml.jpg","datePublished":"2021-02-28T16:43:06+00:00","breadcrumb":{"@id":"https:\/\/medusea.es\/pt\/loja\/alimentos\/fitoplancton-vivo\/#breadcrumb"},"inLanguage":"pt-PI","potentialAction":[{"@type":"ReadAction","target":["https:\/\/medusea.es\/pt\/loja\/alimentos\/fitoplancton-vivo\/"]}]},{"@type":"ImageObject","inLanguage":"pt-PI","@id":"https:\/\/medusea.es\/pt\/loja\/alimentos\/fitoplancton-vivo\/#primaryimage","url":"https:\/\/medusea.es\/wp-content\/uploads\/2021\/02\/FitoplanctonVivo_250ml.jpg","contentUrl":"https:\/\/medusea.es\/wp-content\/uploads\/2021\/02\/FitoplanctonVivo_250ml.jpg","width":1200,"height":1200},{"@type":"BreadcrumbList","@id":"https:\/\/medusea.es\/pt\/loja\/alimentos\/fitoplancton-vivo\/#breadcrumb","itemListElement":[{"@type":"ListItem","position":1,"name":"Inicio","item":"https:\/\/medusea.es\/pt\/inicio\/"},{"@type":"ListItem","position":2,"name":"Loja Medusea","item":"https:\/\/medusea.es\/loja-medusea\/"},{"@type":"ListItem","position":3,"name":"Fitopl\u00e2ncton Vivo"}]},{"@type":"WebSite","@id":"https:\/\/medusea.es\/#website","url":"https:\/\/medusea.es\/","name":"Medusea","description":"Cr\u00eda y Venta de medusas","publisher":{"@id":"https:\/\/medusea.es\/#organization"},"potentialAction":[{"@type":"SearchAction","target":{"@type":"EntryPoint","urlTemplate":"https:\/\/medusea.es\/?s={search_term_string}"},"query-input":{"@type":"PropertyValueSpecification","valueRequired":true,"valueName":"search_term_string"}}],"inLanguage":"pt-PI"},{"@type":"Organization","@id":"https:\/\/medusea.es\/#organization","name":"Medusea","url":"https:\/\/medusea.es\/","logo":{"@type":"ImageObject","inLanguage":"pt-PI","@id":"https:\/\/medusea.es\/#\/schema\/logo\/image\/","url":"https:\/\/medusea.es\/wp-content\/uploads\/2020\/12\/cropped-logo-web-medusea.png","contentUrl":"https:\/\/medusea.es\/wp-content\/uploads\/2020\/12\/cropped-logo-web-medusea.png","width":831,"height":165,"caption":"Medusea"},"image":{"@id":"https:\/\/medusea.es\/#\/schema\/logo\/image\/"},"sameAs":["https:\/\/www.facebook.com\/medusea.es\/","https:\/\/www.instagram.com\/medusea.es\/","https:\/\/www.linkedin.com\/company\/medusea?originalSubdomain=es","https:\/\/www.youtube.com\/channel\/UCX-4HPdK7ATTueYeuvGrbgg"]}]}},"_links":{"self":[{"href":"https:\/\/medusea.es\/pt\/wp-json\/wp\/v2\/product\/6461","targetHints":{"allow":["GET"]}}],"collection":[{"href":"https:\/\/medusea.es\/pt\/wp-json\/wp\/v2\/product"}],"about":[{"href":"https:\/\/medusea.es\/pt\/wp-json\/wp\/v2\/types\/product"}],"replies":[{"embeddable":true,"href":"https:\/\/medusea.es\/pt\/wp-json\/wp\/v2\/comments?post=6461"}],"version-history":[{"count":0,"href":"https:\/\/medusea.es\/pt\/wp-json\/wp\/v2\/product\/6461\/revisions"}],"wp:featuredmedia":[{"embeddable":true,"href":"https:\/\/medusea.es\/pt\/wp-json\/wp\/v2\/media\/6481"}],"wp:attachment":[{"href":"https:\/\/medusea.es\/pt\/wp-json\/wp\/v2\/media?parent=6461"}],"wp:term":[{"taxonomy":"product_brand","embeddable":true,"href":"https:\/\/medusea.es\/pt\/wp-json\/wp\/v2\/product_brand?post=6461"},{"taxonomy":"product_cat","embeddable":true,"href":"https:\/\/medusea.es\/pt\/wp-json\/wp\/v2\/product_cat?post=6461"},{"taxonomy":"product_tag","embeddable":true,"href":"https:\/\/medusea.es\/pt\/wp-json\/wp\/v2\/product_tag?post=6461"}],"curies":[{"name":"wp","href":"https:\/\/api.w.org\/{rel}","templated":true}]}}