{"id":6409,"date":"2024-01-19T11:39:59","date_gmt":"2024-01-19T11:39:59","guid":{"rendered":"https:\/\/medusea.es\/shop\/uncategorized\/kit-starter-kreisel-15\/"},"modified":"2025-12-17T15:09:04","modified_gmt":"2025-12-17T13:09:04","slug":"kit-starter-kreisel-15","status":"publish","type":"product","link":"https:\/\/medusea.es\/pt\/loja\/kits-medusea\/kit-starter-kreisel-15\/","title":{"rendered":"Kit Starter KREISEL 15"},"content":{"rendered":"<h3>O <strong>kit starter KREISEL 1<\/strong>5 cont\u00e9m tudo o necess\u00e1rio para entrar no mundo das \u00e1guas-vivas.<\/h3>\n<p>Pensamos em tornar tudo mais f\u00e1cil, por isso montamos este kit com tudo que voc\u00ea precisa. Ter um aqu\u00e1rio de \u00e1guas-vivas agora \u00e9 mais simples. <\/p>\n<ol>\n<li>Medus\u00e1rio KREISEL 15<\/li>\n<li>Sal marinho 1 kg para preparar \u00e1gua salgada (misturar com \u00e1gua destilada, dispon\u00edvel em supermercados) <\/li>\n<li>Sais de am\u00f4nio para iniciar o filtro biol\u00f3gico<\/li>\n<li>Bact\u00e9rias (utilizar dose indicada no frasco; se sobrar, serve para manuten\u00e7\u00e3o)   <\/li>\n<li>Testes para os 4 par\u00e2metros essenciais<\/li>\n<li>Dens\u00edmetro\/term\u00f4metro para medir densidade e temperatura <\/li>\n<li>Comida seca para \u00e1guas-vivas<\/li>\n<li>Kit de limpeza<\/li>\n<\/ol>\n<p><span style=\"color: #ff0000;\"><strong>BRINDE:<\/strong><\/span> <span style=\"color: #003366;\"><strong>Cupom de 35% de desconto<\/strong> na compra das suas <strong>primeiras \u00e1guas-vivas<\/strong> na nossa loja online (v\u00e1lido para 1 uso). Use o <strong>CUPOM 35DESCUENTO<\/strong> no mesmo pedido do kit \u2014 as \u00e1guas-vivas<\/span> ser\u00e3o reservadas e enviadas quando voc\u00ea desejar, sem custo adicional de envio.  <\/p>\n<p>Para que elijas las medusas que quieras entre nuestro cat\u00e1logo de productos.<\/p>\n<h3><strong>MONTAGEM DO MEDUS\u00c1RIO<\/strong><\/h3>\n<p>Retire e desembale o medus\u00e1rio, enx\u00e1gue bem com \u00e1gua quente.<br \/>Enx\u00e1gue bem os bioballs e coloque no anel.<br \/>Conecte a bomba com a mangueira \u00e0 entrada de \u00e1gua e posicione a esponja transversalmente atr\u00e1s dos orif\u00edcios da filtragem.  <\/p>\n<p>Misture o sal com \u00e1gua destilada e encha o aqu\u00e1rio.<br \/>CUIDADO para n\u00e3o molhar os conectores el\u00e9tricos.<br \/>Ligue o aqu\u00e1rio para misturar bem a \u00e1gua.   <\/p>\n<p>Ap\u00f3s 24 horas:<br \/>Adicione o frasco de sais de am\u00f4nio e a dose de bact\u00e9rias.<\/p>\n<p>Ap\u00f3s 72 horas:<br \/>Adicione a outra metade do frasco de bact\u00e9rias.<\/p>\n<p>Mantenha tudo ligado com a bomba na pot\u00eancia m\u00e1xima para boa circula\u00e7\u00e3o.<\/p>\n<p>Testes:<\/p>\n<p>pH&gt;7,8;amonio&gt;0; nitritos=0; nitratos=0<\/p>\n<p>Com o tempo<\/p>\n<p>pH&gt;7,8; amonio&gt;0; nitritos&gt;0; nitratos&gt;0<\/p>\n<p>Quando am\u00f4nio e nitritos = 0 e houver apenas nitratos \u2192 est\u00e1 pronto para receber as \u00e1guas-vivas:<\/p>\n<p>pH&gt;7,8; amonio=0; nitritos&gt;0,1; nitratos&gt;10<\/p>\n<p>&nbsp;<\/p>\n<p>Por fim: Fa\u00e7a seu pedido de \u00e1guas-vivas e <strong>aproveite<\/strong> o <b>cupom<\/b> de <strong>35% de desconto<\/strong>.<\/p>\n<p>&nbsp;<\/p>\n<p>KREISEL 15 \u00e9 um medus\u00e1rio de tamanho reduzido, portanto, \u00e9 necess\u00e1rio considerar a escolha da esp\u00e9cie de \u00e1guas-vivas e o n\u00famero de indiv\u00edduos que se deseja abrigar.<\/p>\n<p>Embora seja poss\u00edvel limitar o crescimento dos indiv\u00edduos com a quantidade de alimento, deve-se levar em considera\u00e7\u00e3o o tamanho que podem atingir.<\/p>\n<h3>Conex\u00f5es externas<\/h3>\n<p>O aqu\u00e1rio Kreisel 15 possui conex\u00f5es que permitem instalar equipamentos externos, como climatizadores para manter a temperatura est\u00e1vel no ver\u00e3o e no inverno, e at\u00e9 mesmo um filtro externo para mais op\u00e7\u00f5es de filtragem. <\/p>\n<p>&nbsp;<\/p>\n<h3>Sistema de Filtragem Integrado<\/h3>\n<p>O fluxo de \u00e1gua do aqu\u00e1rio foi especialmente projetado para manter as \u00e1guas-vivas fora da zona de sa\u00edda da \u00e1gua, e a filtragem mant\u00e9m a qualidade da \u00e1gua em \u00f3timas condi\u00e7\u00f5es para que elas prosperem adequadamente.<\/p>\n<h3>Compat\u00edvel com diferentes esp\u00e9cies<\/h3>\n<p>Adequado para:<\/p>\n<ul>\n<li>Medusa da Lua<\/li>\n<li>Medusa mosaico<\/li>\n<li>Medusa Chama<\/li>\n<li>Medusas de Papua<\/li>\n<li>Medusa moteada<\/li>\n<li>Ovo frito<\/li>\n<\/ul>\n<p>&nbsp;<\/p>\n<h3>Caracter\u00edsticas:<\/h3>\n<table class=\"alignleft\" style=\"background-color: #f2f2f2;\" border=\"4px\" width=\"100%\">\n<tbody>\n<tr>\n<td>Volume:<\/td>\n<td>15 litros<\/td>\n<\/tr>\n<tr>\n<td>Material:<\/td>\n<td>Pl\u00e1stico<\/td>\n<\/tr>\n<tr>\n<td>Conex\u00f5es externas:<\/td>\n<td>Sim, para refrigerador<\/td>\n<\/tr>\n<tr>\n<td>Dimens\u00f5es:<\/td>\n<td>41cm x 14cm x 27cm<\/td>\n<\/tr>\n<tr>\n<td>Quantidade de \u00e1guas-vivas:<\/td>\n<td>6 pequenas (at\u00e9 2 cm) ou 3 m\u00e9dias (2\u20136 cm)<\/td>\n<\/tr>\n<tr>\n<td>Ilumina\u00e7\u00e3o:<\/td>\n<td>LED com sensor e troca de cor integrada <\/td>\n<\/tr>\n<tr>\n<td>Filtragem: <\/td>\n<td>Filtros mec\u00e2nico e biol\u00f3gico integrados<\/td>\n<\/tr>\n<tr>\n<td>Consumo de energia:<\/td>\n<td>Aproximadamente 8W<\/td>\n<\/tr>\n<\/tbody>\n<\/table>\n<p>&nbsp;<\/p>\n","protected":false},"excerpt":{"rendered":"<p>&nbsp;<\/p>\n<p>Kit inicial para medus\u00e1rio KREISEL 15 da TMC. Cont\u00e9m tudo o que \u00e9 necess\u00e1rio para come\u00e7ar.<\/p>\n<p>Inclui:<br \/>MEDUS\u00c1RIO KREISEL 15<br \/>SAL 1 kg<br \/>BACT\u00c9RIAS<br \/>COMIDA SECA<br \/>Teste para an\u00e1lise da \u00e1gua<br \/>DENS\u00cdMETRO<\/p>\n<p>O kit inicial \u00e9 ideal para come\u00e7ar na aquariofilia de \u00e1guas-vivas. A MEDUSEA facilita tudo para voc\u00ea. <\/p>\n","protected":false},"featured_media":6410,"comment_status":"open","ping_status":"closed","template":"","meta":{"_monsterinsights_skip_tracking":false,"_monsterinsights_sitenote_active":false,"_monsterinsights_sitenote_note":"","_monsterinsights_sitenote_category":0,"ocean_post_layout":"","ocean_both_sidebars_style":"","ocean_both_sidebars_content_width":0,"ocean_both_sidebars_sidebars_width":0,"ocean_sidebar":"0","ocean_second_sidebar":"0","ocean_disable_margins":"enable","ocean_add_body_class":"","ocean_shortcode_before_top_bar":"","ocean_shortcode_after_top_bar":"","ocean_shortcode_before_header":"","ocean_shortcode_after_header":"","ocean_has_shortcode":"","ocean_shortcode_after_title":"","ocean_shortcode_before_footer_widgets":"","ocean_shortcode_after_footer_widgets":"","ocean_shortcode_before_footer_bottom":"","ocean_shortcode_after_footer_bottom":"","ocean_display_top_bar":"default","ocean_display_header":"default","ocean_header_style":"","ocean_center_header_left_menu":"0","ocean_custom_header_template":"0","ocean_custom_logo":0,"ocean_custom_retina_logo":0,"ocean_custom_logo_max_width":0,"ocean_custom_logo_tablet_max_width":0,"ocean_custom_logo_mobile_max_width":0,"ocean_custom_logo_max_height":0,"ocean_custom_logo_tablet_max_height":0,"ocean_custom_logo_mobile_max_height":0,"ocean_header_custom_menu":"0","ocean_menu_typo_font_family":"0","ocean_menu_typo_font_subset":"","ocean_menu_typo_font_size":0,"ocean_menu_typo_font_size_tablet":0,"ocean_menu_typo_font_size_mobile":0,"ocean_menu_typo_font_size_unit":"px","ocean_menu_typo_font_weight":"","ocean_menu_typo_font_weight_tablet":"","ocean_menu_typo_font_weight_mobile":"","ocean_menu_typo_transform":"","ocean_menu_typo_transform_tablet":"","ocean_menu_typo_transform_mobile":"","ocean_menu_typo_line_height":0,"ocean_menu_typo_line_height_tablet":0,"ocean_menu_typo_line_height_mobile":0,"ocean_menu_typo_line_height_unit":"","ocean_menu_typo_spacing":0,"ocean_menu_typo_spacing_tablet":0,"ocean_menu_typo_spacing_mobile":0,"ocean_menu_typo_spacing_unit":"","ocean_menu_link_color":"","ocean_menu_link_color_hover":"","ocean_menu_link_color_active":"","ocean_menu_link_background":"","ocean_menu_link_hover_background":"","ocean_menu_link_active_background":"","ocean_menu_social_links_bg":"","ocean_menu_social_hover_links_bg":"","ocean_menu_social_links_color":"","ocean_menu_social_hover_links_color":"","ocean_disable_title":"default","ocean_disable_heading":"default","ocean_post_title":"","ocean_post_subheading":"","ocean_post_title_style":"","ocean_post_title_background_color":"","ocean_post_title_background":0,"ocean_post_title_bg_image_position":"","ocean_post_title_bg_image_attachment":"","ocean_post_title_bg_image_repeat":"","ocean_post_title_bg_image_size":"","ocean_post_title_height":0,"ocean_post_title_bg_overlay":0.5,"ocean_post_title_bg_overlay_color":"","ocean_disable_breadcrumbs":"default","ocean_breadcrumbs_color":"","ocean_breadcrumbs_separator_color":"","ocean_breadcrumbs_links_color":"","ocean_breadcrumbs_links_hover_color":"","ocean_display_footer_widgets":"default","ocean_display_footer_bottom":"default","ocean_custom_footer_template":"0"},"product_brand":[],"product_cat":[111],"product_tag":[112],"class_list":{"0":"post-6409","1":"product","2":"type-product","3":"status-publish","4":"has-post-thumbnail","6":"product_cat-kits-medusea","7":"product_tag-medusario-pt","9":"entry","10":"has-media","12":"first","13":"outofstock","14":"featured","15":"taxable","16":"shipping-taxable","17":"purchasable","18":"product-type-variable","19":"has-product-nav","20":"col","21":"span_1_of_3","22":"owp-content-center","23":"item-entry","24":"owp-thumbs-layout-horizontal","25":"owp-btn-normal","26":"owp-tabs-layout-horizontal","28":"circle-sale"},"yoast_head":"<!-- This site is optimized with the Yoast SEO plugin v27.5 - https:\/\/yoast.com\/product\/yoast-seo-wordpress\/ -->\n<title>Kit Starter KREISEL 15 - Medusea<\/title>\n<meta name=\"description\" content=\"O kit starter KREISEL 15 cont\u00e9m tudo o necess\u00e1rio para entrar no mundo das \u00e1guas-vivas.\" \/>\n<meta name=\"robots\" content=\"index, follow, max-snippet:-1, max-image-preview:large, max-video-preview:-1\" \/>\n<link rel=\"canonical\" href=\"https:\/\/medusea.es\/pt\/loja\/kits-medusea\/kit-starter-kreisel-15\/\" \/>\n<meta property=\"og:locale\" content=\"pt_PT\" \/>\n<meta property=\"og:type\" content=\"article\" \/>\n<meta property=\"og:title\" content=\"Kit Starter KREISEL 15 - Medusea\" \/>\n<meta property=\"og:description\" content=\"O kit starter KREISEL 15 cont\u00e9m tudo o necess\u00e1rio para entrar no mundo das \u00e1guas-vivas.\" \/>\n<meta property=\"og:url\" content=\"https:\/\/medusea.es\/pt\/loja\/kits-medusea\/kit-starter-kreisel-15\/\" \/>\n<meta property=\"og:site_name\" content=\"Medusea\" \/>\n<meta property=\"article:publisher\" content=\"https:\/\/www.facebook.com\/medusea.es\/\" \/>\n<meta property=\"article:modified_time\" content=\"2025-12-17T13:09:04+00:00\" \/>\n<meta property=\"og:image\" content=\"https:\/\/medusea.es\/wp-content\/uploads\/2024\/01\/PCK-STARTER-1.png\" \/>\n\t<meta property=\"og:image:width\" content=\"1080\" \/>\n\t<meta property=\"og:image:height\" content=\"1080\" \/>\n\t<meta property=\"og:image:type\" content=\"image\/png\" \/>\n<meta name=\"twitter:card\" content=\"summary_large_image\" \/>\n<meta name=\"twitter:label1\" content=\"Est. reading time\" \/>\n\t<meta name=\"twitter:data1\" content=\"3 minutes\" \/>\n<script type=\"application\/ld+json\" class=\"yoast-schema-graph\">{\"@context\":\"https:\\\/\\\/schema.org\",\"@graph\":[{\"@type\":\"WebPage\",\"@id\":\"https:\\\/\\\/medusea.es\\\/pt\\\/loja\\\/kits-medusea\\\/kit-starter-kreisel-15\\\/\",\"url\":\"https:\\\/\\\/medusea.es\\\/pt\\\/loja\\\/kits-medusea\\\/kit-starter-kreisel-15\\\/\",\"name\":\"Kit Starter KREISEL 15 - Medusea\",\"isPartOf\":{\"@id\":\"https:\\\/\\\/medusea.es\\\/#website\"},\"primaryImageOfPage\":{\"@id\":\"https:\\\/\\\/medusea.es\\\/pt\\\/loja\\\/kits-medusea\\\/kit-starter-kreisel-15\\\/#primaryimage\"},\"image\":{\"@id\":\"https:\\\/\\\/medusea.es\\\/pt\\\/loja\\\/kits-medusea\\\/kit-starter-kreisel-15\\\/#primaryimage\"},\"thumbnailUrl\":\"https:\\\/\\\/medusea.es\\\/wp-content\\\/uploads\\\/2024\\\/01\\\/PCK-STARTER-1.png\",\"datePublished\":\"2024-01-19T11:39:59+00:00\",\"dateModified\":\"2025-12-17T13:09:04+00:00\",\"description\":\"O kit starter KREISEL 15 cont\u00e9m tudo o necess\u00e1rio para entrar no mundo das \u00e1guas-vivas.\",\"breadcrumb\":{\"@id\":\"https:\\\/\\\/medusea.es\\\/pt\\\/loja\\\/kits-medusea\\\/kit-starter-kreisel-15\\\/#breadcrumb\"},\"inLanguage\":\"pt-PI\",\"potentialAction\":[{\"@type\":\"ReadAction\",\"target\":[\"https:\\\/\\\/medusea.es\\\/pt\\\/loja\\\/kits-medusea\\\/kit-starter-kreisel-15\\\/\"]}]},{\"@type\":\"ImageObject\",\"inLanguage\":\"pt-PI\",\"@id\":\"https:\\\/\\\/medusea.es\\\/pt\\\/loja\\\/kits-medusea\\\/kit-starter-kreisel-15\\\/#primaryimage\",\"url\":\"https:\\\/\\\/medusea.es\\\/wp-content\\\/uploads\\\/2024\\\/01\\\/PCK-STARTER-1.png\",\"contentUrl\":\"https:\\\/\\\/medusea.es\\\/wp-content\\\/uploads\\\/2024\\\/01\\\/PCK-STARTER-1.png\",\"width\":1080,\"height\":1080},{\"@type\":\"BreadcrumbList\",\"@id\":\"https:\\\/\\\/medusea.es\\\/pt\\\/loja\\\/kits-medusea\\\/kit-starter-kreisel-15\\\/#breadcrumb\",\"itemListElement\":[{\"@type\":\"ListItem\",\"position\":1,\"name\":\"Inicio\",\"item\":\"https:\\\/\\\/medusea.es\\\/pt\\\/inicio\\\/\"},{\"@type\":\"ListItem\",\"position\":2,\"name\":\"Loja Medusea\",\"item\":\"https:\\\/\\\/medusea.es\\\/loja-medusea\\\/\"},{\"@type\":\"ListItem\",\"position\":3,\"name\":\"Kit Starter KREISEL 15\"}]},{\"@type\":\"WebSite\",\"@id\":\"https:\\\/\\\/medusea.es\\\/#website\",\"url\":\"https:\\\/\\\/medusea.es\\\/\",\"name\":\"Medusea\",\"description\":\"Cr\u00eda y Venta de medusas\",\"publisher\":{\"@id\":\"https:\\\/\\\/medusea.es\\\/#organization\"},\"potentialAction\":[{\"@type\":\"SearchAction\",\"target\":{\"@type\":\"EntryPoint\",\"urlTemplate\":\"https:\\\/\\\/medusea.es\\\/?s={search_term_string}\"},\"query-input\":{\"@type\":\"PropertyValueSpecification\",\"valueRequired\":true,\"valueName\":\"search_term_string\"}}],\"inLanguage\":\"pt-PI\"},{\"@type\":\"Organization\",\"@id\":\"https:\\\/\\\/medusea.es\\\/#organization\",\"name\":\"Medusea\",\"url\":\"https:\\\/\\\/medusea.es\\\/\",\"logo\":{\"@type\":\"ImageObject\",\"inLanguage\":\"pt-PI\",\"@id\":\"https:\\\/\\\/medusea.es\\\/#\\\/schema\\\/logo\\\/image\\\/\",\"url\":\"https:\\\/\\\/medusea.es\\\/wp-content\\\/uploads\\\/2020\\\/12\\\/cropped-logo-web-medusea.png\",\"contentUrl\":\"https:\\\/\\\/medusea.es\\\/wp-content\\\/uploads\\\/2020\\\/12\\\/cropped-logo-web-medusea.png\",\"width\":831,\"height\":165,\"caption\":\"Medusea\"},\"image\":{\"@id\":\"https:\\\/\\\/medusea.es\\\/#\\\/schema\\\/logo\\\/image\\\/\"},\"sameAs\":[\"https:\\\/\\\/www.facebook.com\\\/medusea.es\\\/\",\"https:\\\/\\\/www.instagram.com\\\/medusea.es\\\/\",\"https:\\\/\\\/www.linkedin.com\\\/company\\\/medusea?originalSubdomain=es\",\"https:\\\/\\\/www.youtube.com\\\/channel\\\/UCX-4HPdK7ATTueYeuvGrbgg\"]}]}<\/script>\n<!-- \/ Yoast SEO plugin. -->","yoast_head_json":{"title":"Kit Starter KREISEL 15 - Medusea","description":"O kit starter KREISEL 15 cont\u00e9m tudo o necess\u00e1rio para entrar no mundo das \u00e1guas-vivas.","robots":{"index":"index","follow":"follow","max-snippet":"max-snippet:-1","max-image-preview":"max-image-preview:large","max-video-preview":"max-video-preview:-1"},"canonical":"https:\/\/medusea.es\/pt\/loja\/kits-medusea\/kit-starter-kreisel-15\/","og_locale":"pt_PT","og_type":"article","og_title":"Kit Starter KREISEL 15 - Medusea","og_description":"O kit starter KREISEL 15 cont\u00e9m tudo o necess\u00e1rio para entrar no mundo das \u00e1guas-vivas.","og_url":"https:\/\/medusea.es\/pt\/loja\/kits-medusea\/kit-starter-kreisel-15\/","og_site_name":"Medusea","article_publisher":"https:\/\/www.facebook.com\/medusea.es\/","article_modified_time":"2025-12-17T13:09:04+00:00","og_image":[{"width":1080,"height":1080,"url":"https:\/\/medusea.es\/wp-content\/uploads\/2024\/01\/PCK-STARTER-1.png","type":"image\/png"}],"twitter_card":"summary_large_image","twitter_misc":{"Est. reading time":"3 minutes"},"schema":{"@context":"https:\/\/schema.org","@graph":[{"@type":"WebPage","@id":"https:\/\/medusea.es\/pt\/loja\/kits-medusea\/kit-starter-kreisel-15\/","url":"https:\/\/medusea.es\/pt\/loja\/kits-medusea\/kit-starter-kreisel-15\/","name":"Kit Starter KREISEL 15 - Medusea","isPartOf":{"@id":"https:\/\/medusea.es\/#website"},"primaryImageOfPage":{"@id":"https:\/\/medusea.es\/pt\/loja\/kits-medusea\/kit-starter-kreisel-15\/#primaryimage"},"image":{"@id":"https:\/\/medusea.es\/pt\/loja\/kits-medusea\/kit-starter-kreisel-15\/#primaryimage"},"thumbnailUrl":"https:\/\/medusea.es\/wp-content\/uploads\/2024\/01\/PCK-STARTER-1.png","datePublished":"2024-01-19T11:39:59+00:00","dateModified":"2025-12-17T13:09:04+00:00","description":"O kit starter KREISEL 15 cont\u00e9m tudo o necess\u00e1rio para entrar no mundo das \u00e1guas-vivas.","breadcrumb":{"@id":"https:\/\/medusea.es\/pt\/loja\/kits-medusea\/kit-starter-kreisel-15\/#breadcrumb"},"inLanguage":"pt-PI","potentialAction":[{"@type":"ReadAction","target":["https:\/\/medusea.es\/pt\/loja\/kits-medusea\/kit-starter-kreisel-15\/"]}]},{"@type":"ImageObject","inLanguage":"pt-PI","@id":"https:\/\/medusea.es\/pt\/loja\/kits-medusea\/kit-starter-kreisel-15\/#primaryimage","url":"https:\/\/medusea.es\/wp-content\/uploads\/2024\/01\/PCK-STARTER-1.png","contentUrl":"https:\/\/medusea.es\/wp-content\/uploads\/2024\/01\/PCK-STARTER-1.png","width":1080,"height":1080},{"@type":"BreadcrumbList","@id":"https:\/\/medusea.es\/pt\/loja\/kits-medusea\/kit-starter-kreisel-15\/#breadcrumb","itemListElement":[{"@type":"ListItem","position":1,"name":"Inicio","item":"https:\/\/medusea.es\/pt\/inicio\/"},{"@type":"ListItem","position":2,"name":"Loja Medusea","item":"https:\/\/medusea.es\/loja-medusea\/"},{"@type":"ListItem","position":3,"name":"Kit Starter KREISEL 15"}]},{"@type":"WebSite","@id":"https:\/\/medusea.es\/#website","url":"https:\/\/medusea.es\/","name":"Medusea","description":"Cr\u00eda y Venta de medusas","publisher":{"@id":"https:\/\/medusea.es\/#organization"},"potentialAction":[{"@type":"SearchAction","target":{"@type":"EntryPoint","urlTemplate":"https:\/\/medusea.es\/?s={search_term_string}"},"query-input":{"@type":"PropertyValueSpecification","valueRequired":true,"valueName":"search_term_string"}}],"inLanguage":"pt-PI"},{"@type":"Organization","@id":"https:\/\/medusea.es\/#organization","name":"Medusea","url":"https:\/\/medusea.es\/","logo":{"@type":"ImageObject","inLanguage":"pt-PI","@id":"https:\/\/medusea.es\/#\/schema\/logo\/image\/","url":"https:\/\/medusea.es\/wp-content\/uploads\/2020\/12\/cropped-logo-web-medusea.png","contentUrl":"https:\/\/medusea.es\/wp-content\/uploads\/2020\/12\/cropped-logo-web-medusea.png","width":831,"height":165,"caption":"Medusea"},"image":{"@id":"https:\/\/medusea.es\/#\/schema\/logo\/image\/"},"sameAs":["https:\/\/www.facebook.com\/medusea.es\/","https:\/\/www.instagram.com\/medusea.es\/","https:\/\/www.linkedin.com\/company\/medusea?originalSubdomain=es","https:\/\/www.youtube.com\/channel\/UCX-4HPdK7ATTueYeuvGrbgg"]}]}},"_links":{"self":[{"href":"https:\/\/medusea.es\/pt\/wp-json\/wp\/v2\/product\/6409","targetHints":{"allow":["GET"]}}],"collection":[{"href":"https:\/\/medusea.es\/pt\/wp-json\/wp\/v2\/product"}],"about":[{"href":"https:\/\/medusea.es\/pt\/wp-json\/wp\/v2\/types\/product"}],"replies":[{"embeddable":true,"href":"https:\/\/medusea.es\/pt\/wp-json\/wp\/v2\/comments?post=6409"}],"version-history":[{"count":0,"href":"https:\/\/medusea.es\/pt\/wp-json\/wp\/v2\/product\/6409\/revisions"}],"wp:featuredmedia":[{"embeddable":true,"href":"https:\/\/medusea.es\/pt\/wp-json\/wp\/v2\/media\/6410"}],"wp:attachment":[{"href":"https:\/\/medusea.es\/pt\/wp-json\/wp\/v2\/media?parent=6409"}],"wp:term":[{"taxonomy":"product_brand","embeddable":true,"href":"https:\/\/medusea.es\/pt\/wp-json\/wp\/v2\/product_brand?post=6409"},{"taxonomy":"product_cat","embeddable":true,"href":"https:\/\/medusea.es\/pt\/wp-json\/wp\/v2\/product_cat?post=6409"},{"taxonomy":"product_tag","embeddable":true,"href":"https:\/\/medusea.es\/pt\/wp-json\/wp\/v2\/product_tag?post=6409"}],"curies":[{"name":"wp","href":"https:\/\/api.w.org\/{rel}","templated":true}]}}