{"id":6396,"date":"2023-12-05T10:15:47","date_gmt":"2023-12-05T10:15:47","guid":{"rendered":"https:\/\/medusea.es\/shop\/uncategorized\/medusario-kreisel-10\/"},"modified":"2026-03-18T20:46:30","modified_gmt":"2026-03-18T18:46:30","slug":"medusario-kreisel-10","status":"publish","type":"product","link":"https:\/\/medusea.es\/pt\/loja\/aquarios_medusas\/medusario-kreisel-10\/","title":{"rendered":"Medusario Kreisel 10"},"content":{"rendered":"<p><strong>Medus\u00e1rio Kreisel de 10L da TMC<\/strong> \u00e9 um aqu\u00e1rio espec\u00edfico para \u00e1guas-vivas da empresa Tropical Marine Centre. Faz parte da nova linha de aqu\u00e1rios para medusas. \u00c9 um aqu\u00e1rio de mesa pr\u00e1tico e f\u00e1cil de manter. Ideal para espa\u00e7os pequenos em casa ou no escrit\u00f3rio. Perfeito para iniciantes no cuidado com \u00e1guas-vivas.    <\/p>\n<p>Embora seja poss\u00edvel limitar o crescimento dos indiv\u00edduos com a quantidade de alimento, deve-se levar em considera\u00e7\u00e3o o tamanho que podem atingir.<\/p>\n<p>Adequado para:<\/p>\n<ul>\n<li>Medusa da Lua<\/li>\n<li>Medusa mosaico<\/li>\n<li>Medusa Chama<\/li>\n<li>Medusas de Papua<\/li>\n<li>Cannonball<\/li>\n<\/ul>\n<p>&nbsp;<\/p>\n<h3>Sistema de Filtragem Integrado<\/h3>\n<p>O fluxo de \u00e1gua do aqu\u00e1rio foi especialmente projetado para manter as \u00e1guas-vivas fora da zona de sa\u00edda da \u00e1gua, e a filtragem mant\u00e9m a qualidade da \u00e1gua em \u00f3timas condi\u00e7\u00f5es para que elas prosperem adequadamente.<\/p>\n<p>A filtragem fica perfeitamente oculta na parte traseira do aqu\u00e1rio. A \u00e1gua passa primeiro por uma esponja que filtra part\u00edculas, especialmente restos de comida e detritos. Depois \u00e9 filtrada pelo filtro biol\u00f3gico com bioballs de cer\u00e2mica, onde bact\u00e9rias decomp\u00f5em subst\u00e2ncias t\u00f3xicas. Uma vez limpa, a \u00e1gua \u00e9 devolvida por uma bomba de retorno de 280 l\/h alojada na base do compartimento do filtro. A bomba conecta-se via USB.    <\/p>\n<p>LEDs RGB, com cores diferentes que podem ser alteradas pelo sensor na tampa do aqu\u00e1rio.<\/p>\n<h3><\/h3>\n<h3>Aqu\u00e1rio com conex\u00f5es externas<\/h3>\n<p>permitem instala\u00e7\u00e3o de climatizador (aquecedor\/refrigerador).<\/p>\n<h3>Conte\u00fado da caixa:<\/h3>\n<ul>\n<li>Aqu\u00e1rio<\/li>\n<li>Bomba de 280L\/h<\/li>\n<li>Bioballs para filtro biol\u00f3gico<\/li>\n<li>Esponjas para filtro mec\u00e2nico<\/li>\n<li>Luzes LED de baixo consumo<\/li>\n<li>Transformador USB de 5V<\/li>\n<\/ul>\n<p>&nbsp;<\/p>\n<h3>Caracter\u00edsticas:<\/h3>\n<table class=\"alignleft\" style=\"background-color: #f2f2f2;\" border=\"4px\" width=\"100%\">\n<tbody>\n<tr>\n<td>Volume:<\/td>\n<td>10 litros<\/td>\n<\/tr>\n<tr>\n<td>Material:<\/td>\n<td>Pl\u00e1stico ABS<\/td>\n<\/tr>\n<tr>\n<td>Conex\u00f5es externas:<\/td>\n<td>Sim, para refrigerador<\/td>\n<\/tr>\n<tr>\n<td>Dimensiones:<\/td>\n<td>35cm x 12cm x 31 cm<\/td>\n<\/tr>\n<tr>\n<td>Quantidade de \u00e1guas-vivas:<\/td>\n<td>6 pequenas (at\u00e9 2 cm) ou 3 m\u00e9dias (2\u20136 cm)<\/td>\n<\/tr>\n<tr>\n<td>Ilumina\u00e7\u00e3o:<\/td>\n<td>LEDs integrados com sensor de troca de cor<\/td>\n<\/tr>\n<tr>\n<td>Filtragem: <\/td>\n<td>Filtros mec\u00e2nico e biol\u00f3gico integrados<\/td>\n<\/tr>\n<tr>\n<td>Consumo de energia: <\/td>\n<td>2W (bomba) + 4W (luz)<\/td>\n<\/tr>\n<\/tbody>\n<\/table>\n<p>&nbsp;<\/p>\n","protected":false},"excerpt":{"rendered":"<p><strong>Estar\u00e1 disponible para enviar a finales de Marzo.<\/strong><\/p>\n<p><strong>Medus\u00e1rio KREISEL 10 da TMC<\/strong>, de mesa, muito pr\u00e1tico e f\u00e1cil de manter, com sistema de filtragem integrado biol\u00f3gico e mec\u00e2nico.<\/p>\n<p class=\"p1\">Pode ser colocado em quase qualquer lugar da sua casa ou escrit\u00f3rio.<\/p>\n<p class=\"p1\">Ilumina\u00e7\u00e3o LED RGB localizada na tampa com sensor e diferentes fun\u00e7\u00f5es de luz.<\/p>\n<p class=\"p1\"><span class=\"s2\">Conectores para instalar climatizador espec\u00edfico para medus\u00e1rios.<\/span><\/p>\n","protected":false},"featured_media":6407,"comment_status":"open","ping_status":"closed","template":"","meta":{"_monsterinsights_skip_tracking":false,"_monsterinsights_sitenote_active":false,"_monsterinsights_sitenote_note":"","_monsterinsights_sitenote_category":0,"ocean_post_layout":"","ocean_both_sidebars_style":"","ocean_both_sidebars_content_width":0,"ocean_both_sidebars_sidebars_width":0,"ocean_sidebar":"0","ocean_second_sidebar":"0","ocean_disable_margins":"enable","ocean_add_body_class":"","ocean_shortcode_before_top_bar":"","ocean_shortcode_after_top_bar":"","ocean_shortcode_before_header":"","ocean_shortcode_after_header":"","ocean_has_shortcode":"","ocean_shortcode_after_title":"","ocean_shortcode_before_footer_widgets":"","ocean_shortcode_after_footer_widgets":"","ocean_shortcode_before_footer_bottom":"","ocean_shortcode_after_footer_bottom":"","ocean_display_top_bar":"default","ocean_display_header":"default","ocean_header_style":"","ocean_center_header_left_menu":"0","ocean_custom_header_template":"0","ocean_custom_logo":0,"ocean_custom_retina_logo":0,"ocean_custom_logo_max_width":0,"ocean_custom_logo_tablet_max_width":0,"ocean_custom_logo_mobile_max_width":0,"ocean_custom_logo_max_height":0,"ocean_custom_logo_tablet_max_height":0,"ocean_custom_logo_mobile_max_height":0,"ocean_header_custom_menu":"0","ocean_menu_typo_font_family":"0","ocean_menu_typo_font_subset":"","ocean_menu_typo_font_size":0,"ocean_menu_typo_font_size_tablet":0,"ocean_menu_typo_font_size_mobile":0,"ocean_menu_typo_font_size_unit":"px","ocean_menu_typo_font_weight":"","ocean_menu_typo_font_weight_tablet":"","ocean_menu_typo_font_weight_mobile":"","ocean_menu_typo_transform":"","ocean_menu_typo_transform_tablet":"","ocean_menu_typo_transform_mobile":"","ocean_menu_typo_line_height":0,"ocean_menu_typo_line_height_tablet":0,"ocean_menu_typo_line_height_mobile":0,"ocean_menu_typo_line_height_unit":"","ocean_menu_typo_spacing":0,"ocean_menu_typo_spacing_tablet":0,"ocean_menu_typo_spacing_mobile":0,"ocean_menu_typo_spacing_unit":"","ocean_menu_link_color":"","ocean_menu_link_color_hover":"","ocean_menu_link_color_active":"","ocean_menu_link_background":"","ocean_menu_link_hover_background":"","ocean_menu_link_active_background":"","ocean_menu_social_links_bg":"","ocean_menu_social_hover_links_bg":"","ocean_menu_social_links_color":"","ocean_menu_social_hover_links_color":"","ocean_disable_title":"default","ocean_disable_heading":"default","ocean_post_title":"","ocean_post_subheading":"","ocean_post_title_style":"","ocean_post_title_background_color":"","ocean_post_title_background":0,"ocean_post_title_bg_image_position":"","ocean_post_title_bg_image_attachment":"","ocean_post_title_bg_image_repeat":"","ocean_post_title_bg_image_size":"","ocean_post_title_height":0,"ocean_post_title_bg_overlay":0.5,"ocean_post_title_bg_overlay_color":"","ocean_disable_breadcrumbs":"default","ocean_breadcrumbs_color":"","ocean_breadcrumbs_separator_color":"","ocean_breadcrumbs_links_color":"","ocean_breadcrumbs_links_hover_color":"","ocean_display_footer_widgets":"default","ocean_display_footer_bottom":"default","ocean_custom_footer_template":"0"},"product_brand":[],"product_cat":[97],"product_tag":[109,110],"class_list":{"0":"post-6396","1":"product","2":"type-product","3":"status-publish","4":"has-post-thumbnail","6":"product_cat-aquarios_medusas","7":"product_tag-medusarios-pt","8":"product_tag-presente-original","10":"entry","11":"has-media","13":"first","14":"instock","15":"featured","16":"taxable","17":"shipping-taxable","18":"purchasable","19":"product-type-simple","20":"has-product-nav","21":"col","22":"span_1_of_3","23":"owp-content-center","24":"item-entry","25":"owp-thumbs-layout-horizontal","26":"owp-btn-normal","27":"owp-tabs-layout-horizontal","29":"circle-sale"},"yoast_head":"<!-- This site is optimized with the Yoast SEO plugin v27.3 - https:\/\/yoast.com\/product\/yoast-seo-wordpress\/ -->\n<title>Medusario Kreisel 10 - Medusea<\/title>\n<meta name=\"description\" content=\"Medusario Kreisel10 de TMC de mesa para medusas Kreisel10 da TMC \u00e9 muito pr\u00e1tico e f\u00e1cil de manter, com um sistema integrado de filtragem biol\u00f3gica e mec\u00e2nica. Adequado para diversas esp\u00e9cies de medusas. Ilumina\u00e7\u00e3o LED RGB com diversas fun\u00e7\u00f5es. Conectores exteriores para instala\u00e7\u00e3o do ar condicionado.\" \/>\n<meta name=\"robots\" content=\"index, follow, max-snippet:-1, max-image-preview:large, max-video-preview:-1\" \/>\n<link rel=\"canonical\" href=\"https:\/\/medusea.es\/pt\/loja\/aquarios_medusas\/medusario-kreisel-10\/\" \/>\n<meta property=\"og:locale\" content=\"pt_PT\" \/>\n<meta property=\"og:type\" content=\"article\" \/>\n<meta property=\"og:title\" content=\"Medusario Kreisel 10 - Medusea\" \/>\n<meta property=\"og:description\" content=\"Medusario Kreisel10 de TMC de mesa para medusas Kreisel10 da TMC \u00e9 muito pr\u00e1tico e f\u00e1cil de manter, com um sistema integrado de filtragem biol\u00f3gica e mec\u00e2nica. Adequado para diversas esp\u00e9cies de medusas. Ilumina\u00e7\u00e3o LED RGB com diversas fun\u00e7\u00f5es. Conectores exteriores para instala\u00e7\u00e3o do ar condicionado.\" \/>\n<meta property=\"og:url\" content=\"https:\/\/medusea.es\/pt\/loja\/aquarios_medusas\/medusario-kreisel-10\/\" \/>\n<meta property=\"og:site_name\" content=\"Medusea\" \/>\n<meta property=\"article:publisher\" content=\"https:\/\/www.facebook.com\/medusea.es\/\" \/>\n<meta property=\"article:modified_time\" content=\"2026-03-18T18:46:30+00:00\" \/>\n<meta property=\"og:image\" content=\"https:\/\/medusea.es\/wp-content\/uploads\/2023\/12\/kreisel10.jpg\" \/>\n\t<meta property=\"og:image:width\" content=\"1080\" \/>\n\t<meta property=\"og:image:height\" content=\"1080\" \/>\n\t<meta property=\"og:image:type\" content=\"image\/jpeg\" \/>\n<meta name=\"twitter:card\" content=\"summary_large_image\" \/>\n<meta name=\"twitter:label1\" content=\"Est. reading time\" \/>\n\t<meta name=\"twitter:data1\" content=\"2 minutes\" \/>\n<script type=\"application\/ld+json\" class=\"yoast-schema-graph\">{\"@context\":\"https:\\\/\\\/schema.org\",\"@graph\":[{\"@type\":\"WebPage\",\"@id\":\"https:\\\/\\\/medusea.es\\\/pt\\\/loja\\\/aquarios_medusas\\\/medusario-kreisel-10\\\/\",\"url\":\"https:\\\/\\\/medusea.es\\\/pt\\\/loja\\\/aquarios_medusas\\\/medusario-kreisel-10\\\/\",\"name\":\"Medusario Kreisel 10 - Medusea\",\"isPartOf\":{\"@id\":\"https:\\\/\\\/medusea.es\\\/#website\"},\"primaryImageOfPage\":{\"@id\":\"https:\\\/\\\/medusea.es\\\/pt\\\/loja\\\/aquarios_medusas\\\/medusario-kreisel-10\\\/#primaryimage\"},\"image\":{\"@id\":\"https:\\\/\\\/medusea.es\\\/pt\\\/loja\\\/aquarios_medusas\\\/medusario-kreisel-10\\\/#primaryimage\"},\"thumbnailUrl\":\"https:\\\/\\\/medusea.es\\\/wp-content\\\/uploads\\\/2023\\\/12\\\/kreisel10.jpg\",\"datePublished\":\"2023-12-05T10:15:47+00:00\",\"dateModified\":\"2026-03-18T18:46:30+00:00\",\"description\":\"Medusario Kreisel10 de TMC de mesa para medusas Kreisel10 da TMC \u00e9 muito pr\u00e1tico e f\u00e1cil de manter, com um sistema integrado de filtragem biol\u00f3gica e mec\u00e2nica. Adequado para diversas esp\u00e9cies de medusas. Ilumina\u00e7\u00e3o LED RGB com diversas fun\u00e7\u00f5es. Conectores exteriores para instala\u00e7\u00e3o do ar condicionado.\",\"breadcrumb\":{\"@id\":\"https:\\\/\\\/medusea.es\\\/pt\\\/loja\\\/aquarios_medusas\\\/medusario-kreisel-10\\\/#breadcrumb\"},\"inLanguage\":\"pt-PI\",\"potentialAction\":[{\"@type\":\"ReadAction\",\"target\":[\"https:\\\/\\\/medusea.es\\\/pt\\\/loja\\\/aquarios_medusas\\\/medusario-kreisel-10\\\/\"]}]},{\"@type\":\"ImageObject\",\"inLanguage\":\"pt-PI\",\"@id\":\"https:\\\/\\\/medusea.es\\\/pt\\\/loja\\\/aquarios_medusas\\\/medusario-kreisel-10\\\/#primaryimage\",\"url\":\"https:\\\/\\\/medusea.es\\\/wp-content\\\/uploads\\\/2023\\\/12\\\/kreisel10.jpg\",\"contentUrl\":\"https:\\\/\\\/medusea.es\\\/wp-content\\\/uploads\\\/2023\\\/12\\\/kreisel10.jpg\",\"width\":1080,\"height\":1080,\"caption\":\"medusario kreisel10 de tmc\"},{\"@type\":\"BreadcrumbList\",\"@id\":\"https:\\\/\\\/medusea.es\\\/pt\\\/loja\\\/aquarios_medusas\\\/medusario-kreisel-10\\\/#breadcrumb\",\"itemListElement\":[{\"@type\":\"ListItem\",\"position\":1,\"name\":\"Inicio\",\"item\":\"https:\\\/\\\/medusea.es\\\/pt\\\/inicio\\\/\"},{\"@type\":\"ListItem\",\"position\":2,\"name\":\"Loja Medusea\",\"item\":\"https:\\\/\\\/medusea.es\\\/loja-medusea\\\/\"},{\"@type\":\"ListItem\",\"position\":3,\"name\":\"Medusario Kreisel 10\"}]},{\"@type\":\"WebSite\",\"@id\":\"https:\\\/\\\/medusea.es\\\/#website\",\"url\":\"https:\\\/\\\/medusea.es\\\/\",\"name\":\"Medusea\",\"description\":\"Cr\u00eda y Venta de medusas\",\"publisher\":{\"@id\":\"https:\\\/\\\/medusea.es\\\/#organization\"},\"potentialAction\":[{\"@type\":\"SearchAction\",\"target\":{\"@type\":\"EntryPoint\",\"urlTemplate\":\"https:\\\/\\\/medusea.es\\\/?s={search_term_string}\"},\"query-input\":{\"@type\":\"PropertyValueSpecification\",\"valueRequired\":true,\"valueName\":\"search_term_string\"}}],\"inLanguage\":\"pt-PI\"},{\"@type\":\"Organization\",\"@id\":\"https:\\\/\\\/medusea.es\\\/#organization\",\"name\":\"Medusea\",\"url\":\"https:\\\/\\\/medusea.es\\\/\",\"logo\":{\"@type\":\"ImageObject\",\"inLanguage\":\"pt-PI\",\"@id\":\"https:\\\/\\\/medusea.es\\\/#\\\/schema\\\/logo\\\/image\\\/\",\"url\":\"https:\\\/\\\/medusea.es\\\/wp-content\\\/uploads\\\/2020\\\/12\\\/cropped-logo-web-medusea.png\",\"contentUrl\":\"https:\\\/\\\/medusea.es\\\/wp-content\\\/uploads\\\/2020\\\/12\\\/cropped-logo-web-medusea.png\",\"width\":831,\"height\":165,\"caption\":\"Medusea\"},\"image\":{\"@id\":\"https:\\\/\\\/medusea.es\\\/#\\\/schema\\\/logo\\\/image\\\/\"},\"sameAs\":[\"https:\\\/\\\/www.facebook.com\\\/medusea.es\\\/\",\"https:\\\/\\\/www.instagram.com\\\/medusea.es\\\/\",\"https:\\\/\\\/www.linkedin.com\\\/company\\\/medusea?originalSubdomain=es\",\"https:\\\/\\\/www.youtube.com\\\/channel\\\/UCX-4HPdK7ATTueYeuvGrbgg\"]}]}<\/script>\n<!-- \/ Yoast SEO plugin. -->","yoast_head_json":{"title":"Medusario Kreisel 10 - Medusea","description":"Medusario Kreisel10 de TMC de mesa para medusas Kreisel10 da TMC \u00e9 muito pr\u00e1tico e f\u00e1cil de manter, com um sistema integrado de filtragem biol\u00f3gica e mec\u00e2nica. Adequado para diversas esp\u00e9cies de medusas. Ilumina\u00e7\u00e3o LED RGB com diversas fun\u00e7\u00f5es. Conectores exteriores para instala\u00e7\u00e3o do ar condicionado.","robots":{"index":"index","follow":"follow","max-snippet":"max-snippet:-1","max-image-preview":"max-image-preview:large","max-video-preview":"max-video-preview:-1"},"canonical":"https:\/\/medusea.es\/pt\/loja\/aquarios_medusas\/medusario-kreisel-10\/","og_locale":"pt_PT","og_type":"article","og_title":"Medusario Kreisel 10 - Medusea","og_description":"Medusario Kreisel10 de TMC de mesa para medusas Kreisel10 da TMC \u00e9 muito pr\u00e1tico e f\u00e1cil de manter, com um sistema integrado de filtragem biol\u00f3gica e mec\u00e2nica. Adequado para diversas esp\u00e9cies de medusas. Ilumina\u00e7\u00e3o LED RGB com diversas fun\u00e7\u00f5es. Conectores exteriores para instala\u00e7\u00e3o do ar condicionado.","og_url":"https:\/\/medusea.es\/pt\/loja\/aquarios_medusas\/medusario-kreisel-10\/","og_site_name":"Medusea","article_publisher":"https:\/\/www.facebook.com\/medusea.es\/","article_modified_time":"2026-03-18T18:46:30+00:00","og_image":[{"width":1080,"height":1080,"url":"https:\/\/medusea.es\/wp-content\/uploads\/2023\/12\/kreisel10.jpg","type":"image\/jpeg"}],"twitter_card":"summary_large_image","twitter_misc":{"Est. reading time":"2 minutes"},"schema":{"@context":"https:\/\/schema.org","@graph":[{"@type":"WebPage","@id":"https:\/\/medusea.es\/pt\/loja\/aquarios_medusas\/medusario-kreisel-10\/","url":"https:\/\/medusea.es\/pt\/loja\/aquarios_medusas\/medusario-kreisel-10\/","name":"Medusario Kreisel 10 - Medusea","isPartOf":{"@id":"https:\/\/medusea.es\/#website"},"primaryImageOfPage":{"@id":"https:\/\/medusea.es\/pt\/loja\/aquarios_medusas\/medusario-kreisel-10\/#primaryimage"},"image":{"@id":"https:\/\/medusea.es\/pt\/loja\/aquarios_medusas\/medusario-kreisel-10\/#primaryimage"},"thumbnailUrl":"https:\/\/medusea.es\/wp-content\/uploads\/2023\/12\/kreisel10.jpg","datePublished":"2023-12-05T10:15:47+00:00","dateModified":"2026-03-18T18:46:30+00:00","description":"Medusario Kreisel10 de TMC de mesa para medusas Kreisel10 da TMC \u00e9 muito pr\u00e1tico e f\u00e1cil de manter, com um sistema integrado de filtragem biol\u00f3gica e mec\u00e2nica. Adequado para diversas esp\u00e9cies de medusas. Ilumina\u00e7\u00e3o LED RGB com diversas fun\u00e7\u00f5es. Conectores exteriores para instala\u00e7\u00e3o do ar condicionado.","breadcrumb":{"@id":"https:\/\/medusea.es\/pt\/loja\/aquarios_medusas\/medusario-kreisel-10\/#breadcrumb"},"inLanguage":"pt-PI","potentialAction":[{"@type":"ReadAction","target":["https:\/\/medusea.es\/pt\/loja\/aquarios_medusas\/medusario-kreisel-10\/"]}]},{"@type":"ImageObject","inLanguage":"pt-PI","@id":"https:\/\/medusea.es\/pt\/loja\/aquarios_medusas\/medusario-kreisel-10\/#primaryimage","url":"https:\/\/medusea.es\/wp-content\/uploads\/2023\/12\/kreisel10.jpg","contentUrl":"https:\/\/medusea.es\/wp-content\/uploads\/2023\/12\/kreisel10.jpg","width":1080,"height":1080,"caption":"medusario kreisel10 de tmc"},{"@type":"BreadcrumbList","@id":"https:\/\/medusea.es\/pt\/loja\/aquarios_medusas\/medusario-kreisel-10\/#breadcrumb","itemListElement":[{"@type":"ListItem","position":1,"name":"Inicio","item":"https:\/\/medusea.es\/pt\/inicio\/"},{"@type":"ListItem","position":2,"name":"Loja Medusea","item":"https:\/\/medusea.es\/loja-medusea\/"},{"@type":"ListItem","position":3,"name":"Medusario Kreisel 10"}]},{"@type":"WebSite","@id":"https:\/\/medusea.es\/#website","url":"https:\/\/medusea.es\/","name":"Medusea","description":"Cr\u00eda y Venta de medusas","publisher":{"@id":"https:\/\/medusea.es\/#organization"},"potentialAction":[{"@type":"SearchAction","target":{"@type":"EntryPoint","urlTemplate":"https:\/\/medusea.es\/?s={search_term_string}"},"query-input":{"@type":"PropertyValueSpecification","valueRequired":true,"valueName":"search_term_string"}}],"inLanguage":"pt-PI"},{"@type":"Organization","@id":"https:\/\/medusea.es\/#organization","name":"Medusea","url":"https:\/\/medusea.es\/","logo":{"@type":"ImageObject","inLanguage":"pt-PI","@id":"https:\/\/medusea.es\/#\/schema\/logo\/image\/","url":"https:\/\/medusea.es\/wp-content\/uploads\/2020\/12\/cropped-logo-web-medusea.png","contentUrl":"https:\/\/medusea.es\/wp-content\/uploads\/2020\/12\/cropped-logo-web-medusea.png","width":831,"height":165,"caption":"Medusea"},"image":{"@id":"https:\/\/medusea.es\/#\/schema\/logo\/image\/"},"sameAs":["https:\/\/www.facebook.com\/medusea.es\/","https:\/\/www.instagram.com\/medusea.es\/","https:\/\/www.linkedin.com\/company\/medusea?originalSubdomain=es","https:\/\/www.youtube.com\/channel\/UCX-4HPdK7ATTueYeuvGrbgg"]}]}},"_links":{"self":[{"href":"https:\/\/medusea.es\/pt\/wp-json\/wp\/v2\/product\/6396","targetHints":{"allow":["GET"]}}],"collection":[{"href":"https:\/\/medusea.es\/pt\/wp-json\/wp\/v2\/product"}],"about":[{"href":"https:\/\/medusea.es\/pt\/wp-json\/wp\/v2\/types\/product"}],"replies":[{"embeddable":true,"href":"https:\/\/medusea.es\/pt\/wp-json\/wp\/v2\/comments?post=6396"}],"version-history":[{"count":0,"href":"https:\/\/medusea.es\/pt\/wp-json\/wp\/v2\/product\/6396\/revisions"}],"wp:featuredmedia":[{"embeddable":true,"href":"https:\/\/medusea.es\/pt\/wp-json\/wp\/v2\/media\/6407"}],"wp:attachment":[{"href":"https:\/\/medusea.es\/pt\/wp-json\/wp\/v2\/media?parent=6396"}],"wp:term":[{"taxonomy":"product_brand","embeddable":true,"href":"https:\/\/medusea.es\/pt\/wp-json\/wp\/v2\/product_brand?post=6396"},{"taxonomy":"product_cat","embeddable":true,"href":"https:\/\/medusea.es\/pt\/wp-json\/wp\/v2\/product_cat?post=6396"},{"taxonomy":"product_tag","embeddable":true,"href":"https:\/\/medusea.es\/pt\/wp-json\/wp\/v2\/product_tag?post=6396"}],"curies":[{"name":"wp","href":"https:\/\/api.w.org\/{rel}","templated":true}]}}