{"id":6382,"date":"2021-04-29T08:35:42","date_gmt":"2021-04-29T08:35:42","guid":{"rendered":"https:\/\/medusea.es\/shop\/uncategorized\/1-medusa-invertida-cassiopea-sp\/"},"modified":"2021-04-29T08:35:42","modified_gmt":"2021-04-29T08:35:42","slug":"1-medusa-invertida-cassiopea-sp","status":"publish","type":"product","link":"https:\/\/medusea.es\/pt\/loja\/medusas_vivo\/1-medusa-invertida-cassiopea-sp\/","title":{"rendered":"1 Medusa Invertida (Cassiopea sp.)"},"content":{"rendered":"<p><span style=\"font-weight: 400;\">\u00c1gua-viva de simetria radial que repousa no fundo do leito marinho, usando sua camp\u00e2nula como ventosa para se fixar no substrato. Direciona seus 8 longos tent\u00e1culos bucais ramificados, que possuem nas pontas pequenas ves\u00edculas repletas de algas unicelulares, conferindo tons esverdeados, roxos ou azulados. \u00c0 primeira vista, parece mais uma an\u00eamona do que uma \u00e1gua-viva. A camp\u00e2nula geralmente apresenta linhas de colora\u00e7\u00e3o mais intensa.   <\/span><\/p>\n<ul>\n<li><strong>Reino:<\/strong> Animalia<\/li>\n<li><strong>Filo:<\/strong> Cnidaria<\/li>\n<li><strong>Classe:<\/strong> Scyphozoa<\/li>\n<li><strong>Ordem:<\/strong> <span style=\"font-weight: 400;\">Rhizoatomeae<\/span><\/li>\n<li><strong>Subordem: <\/strong><span style=\"font-weight: 400;\">Kolpophorae<\/span><\/li>\n<li><strong>Fam\u00edlia:<\/strong> <span style=\"font-weight: 400;\">Cassiopeidae<\/span><\/li>\n<li><strong>G\u00eanero:<\/strong> <span style=\"font-weight: 400;\">Cassiopea<\/span><\/li>\n<li><strong>Esp\u00e9cie:<\/strong> Cassiopea sp<\/li>\n<li><strong>Nome comum:<\/strong> Medusa Invertida<\/li>\n<\/ul>\n<table style=\"background-color: #f2f2f2; width: 50%;\">\n<tbody>\n<tr>\n<td style=\"text-align: right;\"><strong>Faixa de temperatura:<\/strong><\/td>\n<td>24-28\u00baC<\/td>\n<\/tr>\n<tr>\n<td style=\"text-align: right;\"><strong>Salinidade:<\/strong><\/td>\n<td>25-35 ppt<\/td>\n<\/tr>\n<tr>\n<td style=\"text-align: right;\"><strong>pH:<\/strong><\/td>\n<td>7,9-8,4<\/td>\n<\/tr>\n<tr>\n<td style=\"text-align: right;\"><strong>Alcalinidade:<\/strong><\/td>\n<td>7,4-8,4 dKH<\/td>\n<\/tr>\n<tr>\n<td style=\"text-align: right;\"><strong>Am\u00f4nio<\/strong>:<\/td>\n<td>0,0 ppm<\/td>\n<\/tr>\n<tr>\n<td style=\"text-align: right;\"><strong>Nitritos:<\/strong><\/td>\n<td>0,0 ppm<\/td>\n<\/tr>\n<tr>\n<td style=\"text-align: right;\"><strong>Nitratos: <\/strong><\/td>\n<td>&lt;20 ppm<\/td>\n<\/tr>\n<tr>\n<td style=\"text-align: right;\"><strong>Fosfatos:<\/strong><\/td>\n<td>&lt;2,0 ppm<\/td>\n<\/tr>\n<\/tbody>\n<\/table>\n<p><strong>Distribui\u00e7\u00e3o:<\/strong><\/p>\n<p><span style=\"font-weight: 400;\">Vive em estu\u00e1rios e lagos litor\u00e2neos, \u00e1reas rasas e calmas, com \u00e1gua salgada. Comum em manguezais. Principalmente no Golfo do M\u00e9xico e no Caribe.  <\/span><\/p>\n<p><span style=\"font-weight: 400;\"><strong>Tamanho m\u00e1ximo: <\/strong><\/span><span style=\"font-weight: 400;\">30-35 cm na natureza, at\u00e9 15 cm em aqu\u00e1rios<br \/><\/span><\/p>\n<p><span style=\"font-weight: 400;\"><strong>Expectativa de vida: <\/strong>Vivem v\u00e1rios meses em ambiente natural, at\u00e9 um ano em aqu\u00e1rios<\/span><\/p>\n<p><span style=\"font-weight: 400;\"><strong>Necessita de luz: <\/strong>Sim, \u00e9 fotossint\u00e9tica, possui zooxantelas nos tent\u00e1culos que direciona \u00e0 luz.<\/span><\/p>\n<p><span style=\"font-weight: 400;\"><strong>Alimenta\u00e7\u00e3o: <\/strong>Apesar de fotossint\u00e9tica, necessita de alimenta\u00e7\u00e3o complementar: n\u00e1uplios de<\/span> <span style=\"font-weight: 400;\">art\u00eamia salina, ra\u00e7\u00e3o para \u00e1guas-vivas, comida congelada com mistura de invertebrados, art\u00eamia adulta, cyclops congelado.<\/span><\/p>\n<p><span style=\"font-weight: 400;\"><strong>Urticante:<\/strong> N\u00e3o.<\/span><\/p>\n<p><span style=\"font-weight: 400;\"><strong>N\u00edvel de cuidados: <\/strong>F\u00c1CIL<strong>. <\/strong> <\/span><span style=\"font-weight: 400;\">Muito f\u00e1cil de manter, pois n\u00e3o exige aqu\u00e1rio especial com corrente circular. Pode ser mantida em aqu\u00e1rio convencional, pois geralmente permanece no fundo direcionando os tent\u00e1culos \u00e0 luz. Movimenta-se pouco, mas \u00e9 bonito observ\u00e1-la se mover lentamente. Acredita-se que tenham um ciclo de sono, subindo ou descendo conforme sua atividade metab\u00f3lica. Compat\u00edvel com aqu\u00e1rios com corais e \u00e1reas rasas. S\u00e3o muito resistentes, toleram ampla faixa de temperatura e salinidade.      <\/span><\/p>\n<p>&nbsp;<\/p>\n","protected":false},"excerpt":{"rendered":"<p>\u00c1gua-viva de simetria radial que repousa no fundo do leito marinho, usando sua camp\u00e2nula como ventosa para se fixar no substrato. Direciona seus 8 longos tent\u00e1culos bucais ramificados, que possuem nas pontas pequenas ves\u00edculas repletas de algas unicelulares, conferindo tons esverdeados, roxos ou azulados. \u00c0 primeira vista, parece mais uma an\u00eamona do que uma \u00e1gua-viva. [&hellip;]<\/p>\n","protected":false},"featured_media":6383,"comment_status":"closed","ping_status":"closed","template":"","meta":{"_monsterinsights_skip_tracking":false,"_monsterinsights_sitenote_active":false,"_monsterinsights_sitenote_note":"","_monsterinsights_sitenote_category":0,"ocean_post_layout":"","ocean_both_sidebars_style":"","ocean_both_sidebars_content_width":0,"ocean_both_sidebars_sidebars_width":0,"ocean_sidebar":"0","ocean_second_sidebar":"0","ocean_disable_margins":"enable","ocean_add_body_class":"","ocean_shortcode_before_top_bar":"","ocean_shortcode_after_top_bar":"","ocean_shortcode_before_header":"","ocean_shortcode_after_header":"","ocean_has_shortcode":"","ocean_shortcode_after_title":"","ocean_shortcode_before_footer_widgets":"","ocean_shortcode_after_footer_widgets":"","ocean_shortcode_before_footer_bottom":"","ocean_shortcode_after_footer_bottom":"","ocean_display_top_bar":"default","ocean_display_header":"default","ocean_header_style":"","ocean_center_header_left_menu":"0","ocean_custom_header_template":"0","ocean_custom_logo":0,"ocean_custom_retina_logo":0,"ocean_custom_logo_max_width":0,"ocean_custom_logo_tablet_max_width":0,"ocean_custom_logo_mobile_max_width":0,"ocean_custom_logo_max_height":0,"ocean_custom_logo_tablet_max_height":0,"ocean_custom_logo_mobile_max_height":0,"ocean_header_custom_menu":"0","ocean_menu_typo_font_family":"0","ocean_menu_typo_font_subset":"","ocean_menu_typo_font_size":0,"ocean_menu_typo_font_size_tablet":0,"ocean_menu_typo_font_size_mobile":0,"ocean_menu_typo_font_size_unit":"px","ocean_menu_typo_font_weight":"","ocean_menu_typo_font_weight_tablet":"","ocean_menu_typo_font_weight_mobile":"","ocean_menu_typo_transform":"","ocean_menu_typo_transform_tablet":"","ocean_menu_typo_transform_mobile":"","ocean_menu_typo_line_height":0,"ocean_menu_typo_line_height_tablet":0,"ocean_menu_typo_line_height_mobile":0,"ocean_menu_typo_line_height_unit":"","ocean_menu_typo_spacing":0,"ocean_menu_typo_spacing_tablet":0,"ocean_menu_typo_spacing_mobile":0,"ocean_menu_typo_spacing_unit":"","ocean_menu_link_color":"","ocean_menu_link_color_hover":"","ocean_menu_link_color_active":"","ocean_menu_link_background":"","ocean_menu_link_hover_background":"","ocean_menu_link_active_background":"","ocean_menu_social_links_bg":"","ocean_menu_social_hover_links_bg":"","ocean_menu_social_links_color":"","ocean_menu_social_hover_links_color":"","ocean_disable_title":"default","ocean_disable_heading":"default","ocean_post_title":"","ocean_post_subheading":"","ocean_post_title_style":"","ocean_post_title_background_color":"","ocean_post_title_background":0,"ocean_post_title_bg_image_position":"","ocean_post_title_bg_image_attachment":"","ocean_post_title_bg_image_repeat":"","ocean_post_title_bg_image_size":"","ocean_post_title_height":0,"ocean_post_title_bg_overlay":0.5,"ocean_post_title_bg_overlay_color":"","ocean_disable_breadcrumbs":"default","ocean_breadcrumbs_color":"","ocean_breadcrumbs_separator_color":"","ocean_breadcrumbs_links_color":"","ocean_breadcrumbs_links_hover_color":"","ocean_display_footer_widgets":"default","ocean_display_footer_bottom":"default","ocean_custom_footer_template":"0"},"product_brand":[],"product_cat":[98],"product_tag":[108],"class_list":{"0":"post-6382","1":"product","2":"type-product","3":"status-publish","4":"has-post-thumbnail","6":"product_cat-medusas_vivo","7":"product_tag-medusas-pt","9":"entry","10":"has-media","12":"first","13":"instock","14":"featured","15":"taxable","16":"shipping-taxable","17":"purchasable","18":"product-type-simple","19":"has-product-nav","20":"col","21":"span_1_of_3","22":"owp-content-center","23":"item-entry","24":"owp-thumbs-layout-horizontal","25":"owp-btn-normal","26":"owp-tabs-layout-horizontal","27":"has-no-thumbnails","29":"circle-sale"},"yoast_head":"<!-- This site is optimized with the Yoast SEO plugin v27.5 - https:\/\/yoast.com\/product\/yoast-seo-wordpress\/ -->\n<title>1 Medusa Invertida (Cassiopea sp.) - Medusea<\/title>\n<meta name=\"description\" content=\"Medusa invertida Cassiopea sp, uma esp\u00e9cie marinha fascinante que vive de cabe\u00e7a para baixo no fundo do mar, com algas simbi\u00f3ticas e \u00e9 perfeita para aqu\u00e1rios marinhos.\" \/>\n<meta name=\"robots\" content=\"index, follow, max-snippet:-1, max-image-preview:large, max-video-preview:-1\" \/>\n<link rel=\"canonical\" href=\"https:\/\/medusea.es\/pt\/loja\/medusas_vivo\/1-medusa-invertida-cassiopea-sp\/\" \/>\n<meta property=\"og:locale\" content=\"pt_PT\" \/>\n<meta property=\"og:type\" content=\"article\" \/>\n<meta property=\"og:title\" content=\"1 Medusa Invertida (Cassiopea sp.) - Medusea\" \/>\n<meta property=\"og:description\" content=\"Medusa invertida Cassiopea sp, uma esp\u00e9cie marinha fascinante que vive de cabe\u00e7a para baixo no fundo do mar, com algas simbi\u00f3ticas e \u00e9 perfeita para aqu\u00e1rios marinhos.\" \/>\n<meta property=\"og:url\" content=\"https:\/\/medusea.es\/pt\/loja\/medusas_vivo\/1-medusa-invertida-cassiopea-sp\/\" \/>\n<meta property=\"og:site_name\" content=\"Medusea\" \/>\n<meta property=\"article:publisher\" content=\"https:\/\/www.facebook.com\/medusea.es\/\" \/>\n<meta property=\"og:image\" content=\"https:\/\/medusea.es\/wp-content\/uploads\/2021\/04\/medusa_invertida2-e1619686635370.jpg\" \/>\n\t<meta property=\"og:image:width\" content=\"504\" \/>\n\t<meta property=\"og:image:height\" content=\"441\" \/>\n\t<meta property=\"og:image:type\" content=\"image\/jpeg\" \/>\n<meta name=\"twitter:card\" content=\"summary_large_image\" \/>\n<meta name=\"twitter:label1\" content=\"Est. reading time\" \/>\n\t<meta name=\"twitter:data1\" content=\"2 minutes\" \/>\n<script type=\"application\/ld+json\" class=\"yoast-schema-graph\">{\"@context\":\"https:\\\/\\\/schema.org\",\"@graph\":[{\"@type\":\"WebPage\",\"@id\":\"https:\\\/\\\/medusea.es\\\/pt\\\/loja\\\/medusas_vivo\\\/1-medusa-invertida-cassiopea-sp\\\/\",\"url\":\"https:\\\/\\\/medusea.es\\\/pt\\\/loja\\\/medusas_vivo\\\/1-medusa-invertida-cassiopea-sp\\\/\",\"name\":\"1 Medusa Invertida (Cassiopea sp.) - Medusea\",\"isPartOf\":{\"@id\":\"https:\\\/\\\/medusea.es\\\/#website\"},\"primaryImageOfPage\":{\"@id\":\"https:\\\/\\\/medusea.es\\\/pt\\\/loja\\\/medusas_vivo\\\/1-medusa-invertida-cassiopea-sp\\\/#primaryimage\"},\"image\":{\"@id\":\"https:\\\/\\\/medusea.es\\\/pt\\\/loja\\\/medusas_vivo\\\/1-medusa-invertida-cassiopea-sp\\\/#primaryimage\"},\"thumbnailUrl\":\"https:\\\/\\\/medusea.es\\\/wp-content\\\/uploads\\\/2021\\\/04\\\/medusa_invertida2-e1619686635370.jpg\",\"datePublished\":\"2021-04-29T08:35:42+00:00\",\"description\":\"Medusa invertida Cassiopea sp, uma esp\u00e9cie marinha fascinante que vive de cabe\u00e7a para baixo no fundo do mar, com algas simbi\u00f3ticas e \u00e9 perfeita para aqu\u00e1rios marinhos.\",\"breadcrumb\":{\"@id\":\"https:\\\/\\\/medusea.es\\\/pt\\\/loja\\\/medusas_vivo\\\/1-medusa-invertida-cassiopea-sp\\\/#breadcrumb\"},\"inLanguage\":\"pt-PI\",\"potentialAction\":[{\"@type\":\"ReadAction\",\"target\":[\"https:\\\/\\\/medusea.es\\\/pt\\\/loja\\\/medusas_vivo\\\/1-medusa-invertida-cassiopea-sp\\\/\"]}]},{\"@type\":\"ImageObject\",\"inLanguage\":\"pt-PI\",\"@id\":\"https:\\\/\\\/medusea.es\\\/pt\\\/loja\\\/medusas_vivo\\\/1-medusa-invertida-cassiopea-sp\\\/#primaryimage\",\"url\":\"https:\\\/\\\/medusea.es\\\/wp-content\\\/uploads\\\/2021\\\/04\\\/medusa_invertida2-e1619686635370.jpg\",\"contentUrl\":\"https:\\\/\\\/medusea.es\\\/wp-content\\\/uploads\\\/2021\\\/04\\\/medusa_invertida2-e1619686635370.jpg\",\"width\":504,\"height\":441},{\"@type\":\"BreadcrumbList\",\"@id\":\"https:\\\/\\\/medusea.es\\\/pt\\\/loja\\\/medusas_vivo\\\/1-medusa-invertida-cassiopea-sp\\\/#breadcrumb\",\"itemListElement\":[{\"@type\":\"ListItem\",\"position\":1,\"name\":\"Inicio\",\"item\":\"https:\\\/\\\/medusea.es\\\/pt\\\/inicio\\\/\"},{\"@type\":\"ListItem\",\"position\":2,\"name\":\"Loja Medusea\",\"item\":\"https:\\\/\\\/medusea.es\\\/loja-medusea\\\/\"},{\"@type\":\"ListItem\",\"position\":3,\"name\":\"1 Medusa Invertida (Cassiopea sp.)\"}]},{\"@type\":\"WebSite\",\"@id\":\"https:\\\/\\\/medusea.es\\\/#website\",\"url\":\"https:\\\/\\\/medusea.es\\\/\",\"name\":\"Medusea\",\"description\":\"Cr\u00eda y Venta de medusas\",\"publisher\":{\"@id\":\"https:\\\/\\\/medusea.es\\\/#organization\"},\"potentialAction\":[{\"@type\":\"SearchAction\",\"target\":{\"@type\":\"EntryPoint\",\"urlTemplate\":\"https:\\\/\\\/medusea.es\\\/?s={search_term_string}\"},\"query-input\":{\"@type\":\"PropertyValueSpecification\",\"valueRequired\":true,\"valueName\":\"search_term_string\"}}],\"inLanguage\":\"pt-PI\"},{\"@type\":\"Organization\",\"@id\":\"https:\\\/\\\/medusea.es\\\/#organization\",\"name\":\"Medusea\",\"url\":\"https:\\\/\\\/medusea.es\\\/\",\"logo\":{\"@type\":\"ImageObject\",\"inLanguage\":\"pt-PI\",\"@id\":\"https:\\\/\\\/medusea.es\\\/#\\\/schema\\\/logo\\\/image\\\/\",\"url\":\"https:\\\/\\\/medusea.es\\\/wp-content\\\/uploads\\\/2020\\\/12\\\/cropped-logo-web-medusea.png\",\"contentUrl\":\"https:\\\/\\\/medusea.es\\\/wp-content\\\/uploads\\\/2020\\\/12\\\/cropped-logo-web-medusea.png\",\"width\":831,\"height\":165,\"caption\":\"Medusea\"},\"image\":{\"@id\":\"https:\\\/\\\/medusea.es\\\/#\\\/schema\\\/logo\\\/image\\\/\"},\"sameAs\":[\"https:\\\/\\\/www.facebook.com\\\/medusea.es\\\/\",\"https:\\\/\\\/www.instagram.com\\\/medusea.es\\\/\",\"https:\\\/\\\/www.linkedin.com\\\/company\\\/medusea?originalSubdomain=es\",\"https:\\\/\\\/www.youtube.com\\\/channel\\\/UCX-4HPdK7ATTueYeuvGrbgg\"]}]}<\/script>\n<!-- \/ Yoast SEO plugin. -->","yoast_head_json":{"title":"1 Medusa Invertida (Cassiopea sp.) - Medusea","description":"Medusa invertida Cassiopea sp, uma esp\u00e9cie marinha fascinante que vive de cabe\u00e7a para baixo no fundo do mar, com algas simbi\u00f3ticas e \u00e9 perfeita para aqu\u00e1rios marinhos.","robots":{"index":"index","follow":"follow","max-snippet":"max-snippet:-1","max-image-preview":"max-image-preview:large","max-video-preview":"max-video-preview:-1"},"canonical":"https:\/\/medusea.es\/pt\/loja\/medusas_vivo\/1-medusa-invertida-cassiopea-sp\/","og_locale":"pt_PT","og_type":"article","og_title":"1 Medusa Invertida (Cassiopea sp.) - Medusea","og_description":"Medusa invertida Cassiopea sp, uma esp\u00e9cie marinha fascinante que vive de cabe\u00e7a para baixo no fundo do mar, com algas simbi\u00f3ticas e \u00e9 perfeita para aqu\u00e1rios marinhos.","og_url":"https:\/\/medusea.es\/pt\/loja\/medusas_vivo\/1-medusa-invertida-cassiopea-sp\/","og_site_name":"Medusea","article_publisher":"https:\/\/www.facebook.com\/medusea.es\/","og_image":[{"width":504,"height":441,"url":"https:\/\/medusea.es\/wp-content\/uploads\/2021\/04\/medusa_invertida2-e1619686635370.jpg","type":"image\/jpeg"}],"twitter_card":"summary_large_image","twitter_misc":{"Est. reading time":"2 minutes"},"schema":{"@context":"https:\/\/schema.org","@graph":[{"@type":"WebPage","@id":"https:\/\/medusea.es\/pt\/loja\/medusas_vivo\/1-medusa-invertida-cassiopea-sp\/","url":"https:\/\/medusea.es\/pt\/loja\/medusas_vivo\/1-medusa-invertida-cassiopea-sp\/","name":"1 Medusa Invertida (Cassiopea sp.) - Medusea","isPartOf":{"@id":"https:\/\/medusea.es\/#website"},"primaryImageOfPage":{"@id":"https:\/\/medusea.es\/pt\/loja\/medusas_vivo\/1-medusa-invertida-cassiopea-sp\/#primaryimage"},"image":{"@id":"https:\/\/medusea.es\/pt\/loja\/medusas_vivo\/1-medusa-invertida-cassiopea-sp\/#primaryimage"},"thumbnailUrl":"https:\/\/medusea.es\/wp-content\/uploads\/2021\/04\/medusa_invertida2-e1619686635370.jpg","datePublished":"2021-04-29T08:35:42+00:00","description":"Medusa invertida Cassiopea sp, uma esp\u00e9cie marinha fascinante que vive de cabe\u00e7a para baixo no fundo do mar, com algas simbi\u00f3ticas e \u00e9 perfeita para aqu\u00e1rios marinhos.","breadcrumb":{"@id":"https:\/\/medusea.es\/pt\/loja\/medusas_vivo\/1-medusa-invertida-cassiopea-sp\/#breadcrumb"},"inLanguage":"pt-PI","potentialAction":[{"@type":"ReadAction","target":["https:\/\/medusea.es\/pt\/loja\/medusas_vivo\/1-medusa-invertida-cassiopea-sp\/"]}]},{"@type":"ImageObject","inLanguage":"pt-PI","@id":"https:\/\/medusea.es\/pt\/loja\/medusas_vivo\/1-medusa-invertida-cassiopea-sp\/#primaryimage","url":"https:\/\/medusea.es\/wp-content\/uploads\/2021\/04\/medusa_invertida2-e1619686635370.jpg","contentUrl":"https:\/\/medusea.es\/wp-content\/uploads\/2021\/04\/medusa_invertida2-e1619686635370.jpg","width":504,"height":441},{"@type":"BreadcrumbList","@id":"https:\/\/medusea.es\/pt\/loja\/medusas_vivo\/1-medusa-invertida-cassiopea-sp\/#breadcrumb","itemListElement":[{"@type":"ListItem","position":1,"name":"Inicio","item":"https:\/\/medusea.es\/pt\/inicio\/"},{"@type":"ListItem","position":2,"name":"Loja Medusea","item":"https:\/\/medusea.es\/loja-medusea\/"},{"@type":"ListItem","position":3,"name":"1 Medusa Invertida (Cassiopea sp.)"}]},{"@type":"WebSite","@id":"https:\/\/medusea.es\/#website","url":"https:\/\/medusea.es\/","name":"Medusea","description":"Cr\u00eda y Venta de medusas","publisher":{"@id":"https:\/\/medusea.es\/#organization"},"potentialAction":[{"@type":"SearchAction","target":{"@type":"EntryPoint","urlTemplate":"https:\/\/medusea.es\/?s={search_term_string}"},"query-input":{"@type":"PropertyValueSpecification","valueRequired":true,"valueName":"search_term_string"}}],"inLanguage":"pt-PI"},{"@type":"Organization","@id":"https:\/\/medusea.es\/#organization","name":"Medusea","url":"https:\/\/medusea.es\/","logo":{"@type":"ImageObject","inLanguage":"pt-PI","@id":"https:\/\/medusea.es\/#\/schema\/logo\/image\/","url":"https:\/\/medusea.es\/wp-content\/uploads\/2020\/12\/cropped-logo-web-medusea.png","contentUrl":"https:\/\/medusea.es\/wp-content\/uploads\/2020\/12\/cropped-logo-web-medusea.png","width":831,"height":165,"caption":"Medusea"},"image":{"@id":"https:\/\/medusea.es\/#\/schema\/logo\/image\/"},"sameAs":["https:\/\/www.facebook.com\/medusea.es\/","https:\/\/www.instagram.com\/medusea.es\/","https:\/\/www.linkedin.com\/company\/medusea?originalSubdomain=es","https:\/\/www.youtube.com\/channel\/UCX-4HPdK7ATTueYeuvGrbgg"]}]}},"_links":{"self":[{"href":"https:\/\/medusea.es\/pt\/wp-json\/wp\/v2\/product\/6382","targetHints":{"allow":["GET"]}}],"collection":[{"href":"https:\/\/medusea.es\/pt\/wp-json\/wp\/v2\/product"}],"about":[{"href":"https:\/\/medusea.es\/pt\/wp-json\/wp\/v2\/types\/product"}],"replies":[{"embeddable":true,"href":"https:\/\/medusea.es\/pt\/wp-json\/wp\/v2\/comments?post=6382"}],"version-history":[{"count":0,"href":"https:\/\/medusea.es\/pt\/wp-json\/wp\/v2\/product\/6382\/revisions"}],"wp:featuredmedia":[{"embeddable":true,"href":"https:\/\/medusea.es\/pt\/wp-json\/wp\/v2\/media\/6383"}],"wp:attachment":[{"href":"https:\/\/medusea.es\/pt\/wp-json\/wp\/v2\/media?parent=6382"}],"wp:term":[{"taxonomy":"product_brand","embeddable":true,"href":"https:\/\/medusea.es\/pt\/wp-json\/wp\/v2\/product_brand?post=6382"},{"taxonomy":"product_cat","embeddable":true,"href":"https:\/\/medusea.es\/pt\/wp-json\/wp\/v2\/product_cat?post=6382"},{"taxonomy":"product_tag","embeddable":true,"href":"https:\/\/medusea.es\/pt\/wp-json\/wp\/v2\/product_tag?post=6382"}],"curies":[{"name":"wp","href":"https:\/\/api.w.org\/{rel}","templated":true}]}}