{"id":6376,"date":"2021-02-28T15:52:17","date_gmt":"2021-02-28T15:52:17","guid":{"rendered":"https:\/\/medusea.es\/shop\/uncategorized\/1-medusa-ovo-frito-cotylorhiza-tuberculata\/"},"modified":"2021-02-28T15:52:17","modified_gmt":"2021-02-28T15:52:17","slug":"1-medusa-ovo-frito-cotylorhiza-tuberculata","status":"publish","type":"product","link":"https:\/\/medusea.es\/pt\/loja\/medusas_vivo\/1-medusa-ovo-frito-cotylorhiza-tuberculata\/","title":{"rendered":"1 Medusa Ovo Frito (Cotylorhiza tuberculata)"},"content":{"rendered":"<p><span style=\"font-weight: 400;\"><strong>Descri\u00e7\u00e3o:<\/strong> Umbrela achatada com uma eleva\u00e7\u00e3o semiesf\u00e9rica no centro. Bra\u00e7os bucais ramificados com in\u00fameros ap\u00eandices de colora\u00e7\u00e3o azul-violeta. Geralmente de cor verde-acastanhada devido \u00e0s algas unicelulares que vivem em simbiose com ela.  <\/span><\/p>\n<p><span style=\"font-weight: 400;\">A umbrela apresenta na borda 16 l\u00f3bulos marginais que, por sua vez, se dividem em outros l\u00f3bulos menores. Possui oito bra\u00e7os orais interligados que se ramificam.  <\/span><\/p>\n<ul>\n<li><strong>Reino:<\/strong> Animalia<\/li>\n<li><strong>Filo:<\/strong> Cnidaria<\/li>\n<li><strong>Classe:<\/strong> Scyphozoa<\/li>\n<li><strong>Ordem:<\/strong> Rhizostomeae<\/li>\n<li><strong>Fam\u00edlia: <\/strong>Cepheidae<\/li>\n<li><strong>G\u00eanero:<\/strong> Cotylorhiza<\/li>\n<li><strong>Esp\u00e9cie:<\/strong> Cotylorhiza tuberculata<\/li>\n<li><strong>Nome comum:<\/strong> Ovo frito, \u00e1gua-coagulada, \u00e1gua-viva sem cabe\u00e7a ondulada<\/li>\n<\/ul>\n<table style=\"background-color: #f2f2f2; width: 50%;\">\n<tbody>\n<tr>\n<td style=\"text-align: right;\"><strong>Faixa de temperatura:<\/strong><\/td>\n<td>22-28\u00baC<\/td>\n<\/tr>\n<tr>\n<td style=\"text-align: right;\"><strong>Salinidade:<\/strong><\/td>\n<td>33-38 ppt<\/td>\n<\/tr>\n<tr>\n<td style=\"text-align: right;\"><strong>pH:<\/strong><\/td>\n<td>7,9-8,4<\/td>\n<\/tr>\n<tr>\n<td style=\"text-align: right;\"><strong>Alcalinidade:<\/strong><\/td>\n<td>7,4-8,4 dKH<\/td>\n<\/tr>\n<tr>\n<td style=\"text-align: right;\"><strong>Am\u00f4nio<\/strong>:<\/td>\n<td>0,0 ppm<\/td>\n<\/tr>\n<tr>\n<td style=\"text-align: right;\"><strong>Nitritos:<\/strong><\/td>\n<td>0,0 ppm<\/td>\n<\/tr>\n<tr>\n<td style=\"text-align: right;\"><strong>Nitratos: <\/strong><\/td>\n<td>&lt;20 ppm<\/td>\n<\/tr>\n<tr>\n<td style=\"text-align: right;\"><strong>Fosfatos:<\/strong><\/td>\n<td>&lt;2,0 ppm<\/td>\n<\/tr>\n<\/tbody>\n<\/table>\n<p><strong>Distribui\u00e7\u00e3o <\/strong><span style=\"font-weight: 400;\">Esp\u00e9cie comum em \u00e1guas superficiais oce\u00e2nicas e costeiras. Forma grandes enxames de at\u00e9 v\u00e1rios quil\u00f4metros. Presente principalmente de maio a outubro. Em profundidades de at\u00e9 25 m, \u00e9 comum v\u00ea-las na superf\u00edcie da \u00e1gua. Presente no Mar Mediterr\u00e2neo.     <\/span><span style=\"font-weight: 400;\">Mar Mediterr\u00e2neo<\/span><\/p>\n<p><span style=\"font-weight: 400;\"><strong>Tamanho m\u00e1ximo: <\/strong><\/span><span style=\"font-weight: 400;\">20\u201330 cm, podendo alcan\u00e7ar at\u00e9 35 cm. Por\u00e9m, em aqu\u00e1rio, n\u00e3o atinge esse tamanho. <\/span><\/p>\n<p><span style=\"font-weight: 400;\"><strong>Expectativa de vida: <\/strong>Vivem v\u00e1rios meses em ambiente natural, at\u00e9 um ano em aqu\u00e1rios<\/span><\/p>\n<p><span style=\"font-weight: 400;\"><strong>Necessita de luz:<\/strong><\/span> <span style=\"font-weight: 400;\">Sim, devido \u00e0 presen\u00e7a de zooxantelas em seu interior.<\/span><\/p>\n<p><span style=\"font-weight: 400;\"><strong>Alimenta\u00e7\u00e3o: <\/strong><\/span><span style=\"font-weight: 400;\">S\u00e3o medusas muito ativas, pelo que requerem uma alimenta\u00e7\u00e3o variada e nutritiva. N\u00e1uplios de art\u00e9mia, ra\u00e7\u00e3o preparada para corais, ra\u00e7\u00e3o para medusas, rot\u00edferos, ra\u00e7\u00e3o congelada para rot\u00edferos, mistura para invertebrados, ciclopes congelados.  <\/span><\/p>\n<p><span style=\"font-weight: 400;\"><strong>Urticante:<\/strong> N\u00e3o \u00e9 urticante para humanos<\/span><\/p>\n<p><span style=\"font-weight: 400;\"><strong>N\u00edvel de cuidado:<\/strong> M\u00e9dio. S\u00e3o muito sens\u00edveis, sendo necess\u00e1rio cuidado na manipula\u00e7\u00e3o e limpeza do aqu\u00e1rio, pois podem ocorrer les\u00f5es nos tecidos. Fluxo de \u00e1gua leve a m\u00e9dio.  <\/span><\/p>\n<p>&nbsp;<\/p>\n","protected":false},"excerpt":{"rendered":"<p>Descri\u00e7\u00e3o: Umbrela achatada com uma eleva\u00e7\u00e3o semiesf\u00e9rica no centro. Bra\u00e7os bucais ramificados com in\u00fameros ap\u00eandices de colora\u00e7\u00e3o azul-violeta. Geralmente de cor verde-acastanhada devido \u00e0s algas unicelulares que vivem em simbiose com ela. A umbrela apresenta na borda 16 l\u00f3bulos marginais que, por sua vez, se dividem em outros l\u00f3bulos menores. Possui oito bra\u00e7os orais interligados [&hellip;]<\/p>\n","protected":false},"featured_media":6377,"comment_status":"closed","ping_status":"closed","template":"","meta":{"_monsterinsights_skip_tracking":false,"_monsterinsights_sitenote_active":false,"_monsterinsights_sitenote_note":"","_monsterinsights_sitenote_category":0,"ocean_post_layout":"","ocean_both_sidebars_style":"","ocean_both_sidebars_content_width":0,"ocean_both_sidebars_sidebars_width":0,"ocean_sidebar":"0","ocean_second_sidebar":"0","ocean_disable_margins":"enable","ocean_add_body_class":"","ocean_shortcode_before_top_bar":"","ocean_shortcode_after_top_bar":"","ocean_shortcode_before_header":"","ocean_shortcode_after_header":"","ocean_has_shortcode":"","ocean_shortcode_after_title":"","ocean_shortcode_before_footer_widgets":"","ocean_shortcode_after_footer_widgets":"","ocean_shortcode_before_footer_bottom":"","ocean_shortcode_after_footer_bottom":"","ocean_display_top_bar":"default","ocean_display_header":"default","ocean_header_style":"","ocean_center_header_left_menu":"0","ocean_custom_header_template":"0","ocean_custom_logo":0,"ocean_custom_retina_logo":0,"ocean_custom_logo_max_width":0,"ocean_custom_logo_tablet_max_width":0,"ocean_custom_logo_mobile_max_width":0,"ocean_custom_logo_max_height":0,"ocean_custom_logo_tablet_max_height":0,"ocean_custom_logo_mobile_max_height":0,"ocean_header_custom_menu":"0","ocean_menu_typo_font_family":"0","ocean_menu_typo_font_subset":"","ocean_menu_typo_font_size":0,"ocean_menu_typo_font_size_tablet":0,"ocean_menu_typo_font_size_mobile":0,"ocean_menu_typo_font_size_unit":"px","ocean_menu_typo_font_weight":"","ocean_menu_typo_font_weight_tablet":"","ocean_menu_typo_font_weight_mobile":"","ocean_menu_typo_transform":"","ocean_menu_typo_transform_tablet":"","ocean_menu_typo_transform_mobile":"","ocean_menu_typo_line_height":0,"ocean_menu_typo_line_height_tablet":0,"ocean_menu_typo_line_height_mobile":0,"ocean_menu_typo_line_height_unit":"","ocean_menu_typo_spacing":0,"ocean_menu_typo_spacing_tablet":0,"ocean_menu_typo_spacing_mobile":0,"ocean_menu_typo_spacing_unit":"","ocean_menu_link_color":"","ocean_menu_link_color_hover":"","ocean_menu_link_color_active":"","ocean_menu_link_background":"","ocean_menu_link_hover_background":"","ocean_menu_link_active_background":"","ocean_menu_social_links_bg":"","ocean_menu_social_hover_links_bg":"","ocean_menu_social_links_color":"","ocean_menu_social_hover_links_color":"","ocean_disable_title":"default","ocean_disable_heading":"default","ocean_post_title":"","ocean_post_subheading":"","ocean_post_title_style":"","ocean_post_title_background_color":"","ocean_post_title_background":0,"ocean_post_title_bg_image_position":"","ocean_post_title_bg_image_attachment":"","ocean_post_title_bg_image_repeat":"","ocean_post_title_bg_image_size":"","ocean_post_title_height":0,"ocean_post_title_bg_overlay":0.5,"ocean_post_title_bg_overlay_color":"","ocean_disable_breadcrumbs":"default","ocean_breadcrumbs_color":"","ocean_breadcrumbs_separator_color":"","ocean_breadcrumbs_links_color":"","ocean_breadcrumbs_links_hover_color":"","ocean_display_footer_widgets":"default","ocean_display_footer_bottom":"default","ocean_custom_footer_template":"0"},"product_brand":[],"product_cat":[98],"product_tag":[108],"class_list":{"0":"post-6376","1":"product","2":"type-product","3":"status-publish","4":"has-post-thumbnail","6":"product_cat-medusas_vivo","7":"product_tag-medusas-pt","9":"entry","10":"has-media","12":"first","13":"outofstock","14":"taxable","15":"shipping-taxable","16":"purchasable","17":"product-type-simple","18":"has-product-nav","19":"col","20":"span_1_of_3","21":"owp-content-center","22":"item-entry","23":"owp-thumbs-layout-horizontal","24":"owp-btn-normal","25":"owp-tabs-layout-horizontal","27":"circle-sale"},"yoast_head":"<!-- This site is optimized with the Yoast SEO plugin v27.5 - https:\/\/yoast.com\/product\/yoast-seo-wordpress\/ -->\n<title>1 Medusa Ovo Frito (Cotylorhiza tuberculata) - Medusea<\/title>\n<meta name=\"robots\" content=\"index, follow, max-snippet:-1, max-image-preview:large, max-video-preview:-1\" \/>\n<link rel=\"canonical\" href=\"https:\/\/medusea.es\/pt\/loja\/medusas_vivo\/1-medusa-ovo-frito-cotylorhiza-tuberculata\/\" \/>\n<meta property=\"og:locale\" content=\"pt_PT\" \/>\n<meta property=\"og:type\" content=\"article\" \/>\n<meta property=\"og:title\" content=\"1 Medusa Ovo Frito (Cotylorhiza tuberculata) - Medusea\" \/>\n<meta property=\"og:description\" content=\"Descri\u00e7\u00e3o: Umbrela achatada com uma eleva\u00e7\u00e3o semiesf\u00e9rica no centro. Bra\u00e7os bucais ramificados com in\u00fameros ap\u00eandices de colora\u00e7\u00e3o azul-violeta. Geralmente de cor verde-acastanhada devido \u00e0s algas unicelulares que vivem em simbiose com ela. A umbrela apresenta na borda 16 l\u00f3bulos marginais que, por sua vez, se dividem em outros l\u00f3bulos menores. Possui oito bra\u00e7os orais interligados [&hellip;]\" \/>\n<meta property=\"og:url\" content=\"https:\/\/medusea.es\/pt\/loja\/medusas_vivo\/1-medusa-ovo-frito-cotylorhiza-tuberculata\/\" \/>\n<meta property=\"og:site_name\" content=\"Medusea\" \/>\n<meta property=\"article:publisher\" content=\"https:\/\/www.facebook.com\/medusea.es\/\" \/>\n<meta property=\"og:image\" content=\"https:\/\/medusea.es\/wp-content\/uploads\/2021\/02\/HuevoFrito.jpg\" \/>\n\t<meta property=\"og:image:width\" content=\"1200\" \/>\n\t<meta property=\"og:image:height\" content=\"1200\" \/>\n\t<meta property=\"og:image:type\" content=\"image\/jpeg\" \/>\n<meta name=\"twitter:card\" content=\"summary_large_image\" \/>\n<meta name=\"twitter:label1\" content=\"Est. reading time\" \/>\n\t<meta name=\"twitter:data1\" content=\"2 minutes\" \/>\n<script type=\"application\/ld+json\" class=\"yoast-schema-graph\">{\"@context\":\"https:\\\/\\\/schema.org\",\"@graph\":[{\"@type\":\"WebPage\",\"@id\":\"https:\\\/\\\/medusea.es\\\/pt\\\/loja\\\/medusas_vivo\\\/1-medusa-ovo-frito-cotylorhiza-tuberculata\\\/\",\"url\":\"https:\\\/\\\/medusea.es\\\/pt\\\/loja\\\/medusas_vivo\\\/1-medusa-ovo-frito-cotylorhiza-tuberculata\\\/\",\"name\":\"1 Medusa Ovo Frito (Cotylorhiza tuberculata) - Medusea\",\"isPartOf\":{\"@id\":\"https:\\\/\\\/medusea.es\\\/#website\"},\"primaryImageOfPage\":{\"@id\":\"https:\\\/\\\/medusea.es\\\/pt\\\/loja\\\/medusas_vivo\\\/1-medusa-ovo-frito-cotylorhiza-tuberculata\\\/#primaryimage\"},\"image\":{\"@id\":\"https:\\\/\\\/medusea.es\\\/pt\\\/loja\\\/medusas_vivo\\\/1-medusa-ovo-frito-cotylorhiza-tuberculata\\\/#primaryimage\"},\"thumbnailUrl\":\"https:\\\/\\\/medusea.es\\\/wp-content\\\/uploads\\\/2021\\\/02\\\/HuevoFrito.jpg\",\"datePublished\":\"2021-02-28T15:52:17+00:00\",\"breadcrumb\":{\"@id\":\"https:\\\/\\\/medusea.es\\\/pt\\\/loja\\\/medusas_vivo\\\/1-medusa-ovo-frito-cotylorhiza-tuberculata\\\/#breadcrumb\"},\"inLanguage\":\"pt-PI\",\"potentialAction\":[{\"@type\":\"ReadAction\",\"target\":[\"https:\\\/\\\/medusea.es\\\/pt\\\/loja\\\/medusas_vivo\\\/1-medusa-ovo-frito-cotylorhiza-tuberculata\\\/\"]}]},{\"@type\":\"ImageObject\",\"inLanguage\":\"pt-PI\",\"@id\":\"https:\\\/\\\/medusea.es\\\/pt\\\/loja\\\/medusas_vivo\\\/1-medusa-ovo-frito-cotylorhiza-tuberculata\\\/#primaryimage\",\"url\":\"https:\\\/\\\/medusea.es\\\/wp-content\\\/uploads\\\/2021\\\/02\\\/HuevoFrito.jpg\",\"contentUrl\":\"https:\\\/\\\/medusea.es\\\/wp-content\\\/uploads\\\/2021\\\/02\\\/HuevoFrito.jpg\",\"width\":1200,\"height\":1200},{\"@type\":\"BreadcrumbList\",\"@id\":\"https:\\\/\\\/medusea.es\\\/pt\\\/loja\\\/medusas_vivo\\\/1-medusa-ovo-frito-cotylorhiza-tuberculata\\\/#breadcrumb\",\"itemListElement\":[{\"@type\":\"ListItem\",\"position\":1,\"name\":\"Inicio\",\"item\":\"https:\\\/\\\/medusea.es\\\/pt\\\/inicio\\\/\"},{\"@type\":\"ListItem\",\"position\":2,\"name\":\"Loja Medusea\",\"item\":\"https:\\\/\\\/medusea.es\\\/loja-medusea\\\/\"},{\"@type\":\"ListItem\",\"position\":3,\"name\":\"1 Medusa Ovo Frito (Cotylorhiza tuberculata)\"}]},{\"@type\":\"WebSite\",\"@id\":\"https:\\\/\\\/medusea.es\\\/#website\",\"url\":\"https:\\\/\\\/medusea.es\\\/\",\"name\":\"Medusea\",\"description\":\"Cr\u00eda y Venta de medusas\",\"publisher\":{\"@id\":\"https:\\\/\\\/medusea.es\\\/#organization\"},\"potentialAction\":[{\"@type\":\"SearchAction\",\"target\":{\"@type\":\"EntryPoint\",\"urlTemplate\":\"https:\\\/\\\/medusea.es\\\/?s={search_term_string}\"},\"query-input\":{\"@type\":\"PropertyValueSpecification\",\"valueRequired\":true,\"valueName\":\"search_term_string\"}}],\"inLanguage\":\"pt-PI\"},{\"@type\":\"Organization\",\"@id\":\"https:\\\/\\\/medusea.es\\\/#organization\",\"name\":\"Medusea\",\"url\":\"https:\\\/\\\/medusea.es\\\/\",\"logo\":{\"@type\":\"ImageObject\",\"inLanguage\":\"pt-PI\",\"@id\":\"https:\\\/\\\/medusea.es\\\/#\\\/schema\\\/logo\\\/image\\\/\",\"url\":\"https:\\\/\\\/medusea.es\\\/wp-content\\\/uploads\\\/2020\\\/12\\\/cropped-logo-web-medusea.png\",\"contentUrl\":\"https:\\\/\\\/medusea.es\\\/wp-content\\\/uploads\\\/2020\\\/12\\\/cropped-logo-web-medusea.png\",\"width\":831,\"height\":165,\"caption\":\"Medusea\"},\"image\":{\"@id\":\"https:\\\/\\\/medusea.es\\\/#\\\/schema\\\/logo\\\/image\\\/\"},\"sameAs\":[\"https:\\\/\\\/www.facebook.com\\\/medusea.es\\\/\",\"https:\\\/\\\/www.instagram.com\\\/medusea.es\\\/\",\"https:\\\/\\\/www.linkedin.com\\\/company\\\/medusea?originalSubdomain=es\",\"https:\\\/\\\/www.youtube.com\\\/channel\\\/UCX-4HPdK7ATTueYeuvGrbgg\"]}]}<\/script>\n<!-- \/ Yoast SEO plugin. -->","yoast_head_json":{"title":"1 Medusa Ovo Frito (Cotylorhiza tuberculata) - Medusea","robots":{"index":"index","follow":"follow","max-snippet":"max-snippet:-1","max-image-preview":"max-image-preview:large","max-video-preview":"max-video-preview:-1"},"canonical":"https:\/\/medusea.es\/pt\/loja\/medusas_vivo\/1-medusa-ovo-frito-cotylorhiza-tuberculata\/","og_locale":"pt_PT","og_type":"article","og_title":"1 Medusa Ovo Frito (Cotylorhiza tuberculata) - Medusea","og_description":"Descri\u00e7\u00e3o: Umbrela achatada com uma eleva\u00e7\u00e3o semiesf\u00e9rica no centro. Bra\u00e7os bucais ramificados com in\u00fameros ap\u00eandices de colora\u00e7\u00e3o azul-violeta. Geralmente de cor verde-acastanhada devido \u00e0s algas unicelulares que vivem em simbiose com ela. A umbrela apresenta na borda 16 l\u00f3bulos marginais que, por sua vez, se dividem em outros l\u00f3bulos menores. Possui oito bra\u00e7os orais interligados [&hellip;]","og_url":"https:\/\/medusea.es\/pt\/loja\/medusas_vivo\/1-medusa-ovo-frito-cotylorhiza-tuberculata\/","og_site_name":"Medusea","article_publisher":"https:\/\/www.facebook.com\/medusea.es\/","og_image":[{"width":1200,"height":1200,"url":"https:\/\/medusea.es\/wp-content\/uploads\/2021\/02\/HuevoFrito.jpg","type":"image\/jpeg"}],"twitter_card":"summary_large_image","twitter_misc":{"Est. reading time":"2 minutes"},"schema":{"@context":"https:\/\/schema.org","@graph":[{"@type":"WebPage","@id":"https:\/\/medusea.es\/pt\/loja\/medusas_vivo\/1-medusa-ovo-frito-cotylorhiza-tuberculata\/","url":"https:\/\/medusea.es\/pt\/loja\/medusas_vivo\/1-medusa-ovo-frito-cotylorhiza-tuberculata\/","name":"1 Medusa Ovo Frito (Cotylorhiza tuberculata) - Medusea","isPartOf":{"@id":"https:\/\/medusea.es\/#website"},"primaryImageOfPage":{"@id":"https:\/\/medusea.es\/pt\/loja\/medusas_vivo\/1-medusa-ovo-frito-cotylorhiza-tuberculata\/#primaryimage"},"image":{"@id":"https:\/\/medusea.es\/pt\/loja\/medusas_vivo\/1-medusa-ovo-frito-cotylorhiza-tuberculata\/#primaryimage"},"thumbnailUrl":"https:\/\/medusea.es\/wp-content\/uploads\/2021\/02\/HuevoFrito.jpg","datePublished":"2021-02-28T15:52:17+00:00","breadcrumb":{"@id":"https:\/\/medusea.es\/pt\/loja\/medusas_vivo\/1-medusa-ovo-frito-cotylorhiza-tuberculata\/#breadcrumb"},"inLanguage":"pt-PI","potentialAction":[{"@type":"ReadAction","target":["https:\/\/medusea.es\/pt\/loja\/medusas_vivo\/1-medusa-ovo-frito-cotylorhiza-tuberculata\/"]}]},{"@type":"ImageObject","inLanguage":"pt-PI","@id":"https:\/\/medusea.es\/pt\/loja\/medusas_vivo\/1-medusa-ovo-frito-cotylorhiza-tuberculata\/#primaryimage","url":"https:\/\/medusea.es\/wp-content\/uploads\/2021\/02\/HuevoFrito.jpg","contentUrl":"https:\/\/medusea.es\/wp-content\/uploads\/2021\/02\/HuevoFrito.jpg","width":1200,"height":1200},{"@type":"BreadcrumbList","@id":"https:\/\/medusea.es\/pt\/loja\/medusas_vivo\/1-medusa-ovo-frito-cotylorhiza-tuberculata\/#breadcrumb","itemListElement":[{"@type":"ListItem","position":1,"name":"Inicio","item":"https:\/\/medusea.es\/pt\/inicio\/"},{"@type":"ListItem","position":2,"name":"Loja Medusea","item":"https:\/\/medusea.es\/loja-medusea\/"},{"@type":"ListItem","position":3,"name":"1 Medusa Ovo Frito (Cotylorhiza tuberculata)"}]},{"@type":"WebSite","@id":"https:\/\/medusea.es\/#website","url":"https:\/\/medusea.es\/","name":"Medusea","description":"Cr\u00eda y Venta de medusas","publisher":{"@id":"https:\/\/medusea.es\/#organization"},"potentialAction":[{"@type":"SearchAction","target":{"@type":"EntryPoint","urlTemplate":"https:\/\/medusea.es\/?s={search_term_string}"},"query-input":{"@type":"PropertyValueSpecification","valueRequired":true,"valueName":"search_term_string"}}],"inLanguage":"pt-PI"},{"@type":"Organization","@id":"https:\/\/medusea.es\/#organization","name":"Medusea","url":"https:\/\/medusea.es\/","logo":{"@type":"ImageObject","inLanguage":"pt-PI","@id":"https:\/\/medusea.es\/#\/schema\/logo\/image\/","url":"https:\/\/medusea.es\/wp-content\/uploads\/2020\/12\/cropped-logo-web-medusea.png","contentUrl":"https:\/\/medusea.es\/wp-content\/uploads\/2020\/12\/cropped-logo-web-medusea.png","width":831,"height":165,"caption":"Medusea"},"image":{"@id":"https:\/\/medusea.es\/#\/schema\/logo\/image\/"},"sameAs":["https:\/\/www.facebook.com\/medusea.es\/","https:\/\/www.instagram.com\/medusea.es\/","https:\/\/www.linkedin.com\/company\/medusea?originalSubdomain=es","https:\/\/www.youtube.com\/channel\/UCX-4HPdK7ATTueYeuvGrbgg"]}]}},"_links":{"self":[{"href":"https:\/\/medusea.es\/pt\/wp-json\/wp\/v2\/product\/6376","targetHints":{"allow":["GET"]}}],"collection":[{"href":"https:\/\/medusea.es\/pt\/wp-json\/wp\/v2\/product"}],"about":[{"href":"https:\/\/medusea.es\/pt\/wp-json\/wp\/v2\/types\/product"}],"replies":[{"embeddable":true,"href":"https:\/\/medusea.es\/pt\/wp-json\/wp\/v2\/comments?post=6376"}],"version-history":[{"count":0,"href":"https:\/\/medusea.es\/pt\/wp-json\/wp\/v2\/product\/6376\/revisions"}],"wp:featuredmedia":[{"embeddable":true,"href":"https:\/\/medusea.es\/pt\/wp-json\/wp\/v2\/media\/6377"}],"wp:attachment":[{"href":"https:\/\/medusea.es\/pt\/wp-json\/wp\/v2\/media?parent=6376"}],"wp:term":[{"taxonomy":"product_brand","embeddable":true,"href":"https:\/\/medusea.es\/pt\/wp-json\/wp\/v2\/product_brand?post=6376"},{"taxonomy":"product_cat","embeddable":true,"href":"https:\/\/medusea.es\/pt\/wp-json\/wp\/v2\/product_cat?post=6376"},{"taxonomy":"product_tag","embeddable":true,"href":"https:\/\/medusea.es\/pt\/wp-json\/wp\/v2\/product_tag?post=6376"}],"curies":[{"name":"wp","href":"https:\/\/api.w.org\/{rel}","templated":true}]}}