{"id":6365,"date":"2016-08-30T15:23:28","date_gmt":"2016-08-30T15:23:28","guid":{"rendered":"https:\/\/medusea.es\/shop\/uncategorized\/3-aurelia-aurita\/"},"modified":"2025-07-28T07:27:30","modified_gmt":"2025-07-28T07:27:30","slug":"3-aurelia-aurita","status":"publish","type":"product","link":"https:\/\/medusea.es\/pt\/loja\/medusas_vivo\/3-aurelia-aurita\/","title":{"rendered":"3 Aurelia aurita"},"content":{"rendered":"<p>\u00c1gua-viva de apar\u00eancia gelatinosa e transparente, embora possa apresentar listras t\u00eanues. Na borda do guarda-chuva (umbrela), possui centenas de filamentos finos que servem para capturar alimento e lev\u00e1-lo \u00e0 boca, localizada no centro dos quatro bra\u00e7os na parte ventral. As formas em ferradura dispostas simetricamente no centro da umbrela s\u00e3o cavidades gastrovasculares que abrigam as g\u00f4nadas. Estes sacos tornam-se de cor laranja ap\u00f3s a alimenta\u00e7\u00e3o. Nada por meio de contra\u00e7\u00f5es regulares de seu corpo. Pode ser encontrada em pequenos grupos, desloca-se deixando-se levar pelas correntes marinhas, pois n\u00e3o tem muita for\u00e7a.     <\/p>\n<ul>\n<li><strong>Reino:<\/strong> Animalia<\/li>\n<li><strong>Filo:<\/strong> Cnidaria<\/li>\n<li><strong>Classe:<\/strong> Scyphozoa<\/li>\n<li><strong>Ordem:<\/strong> Semaeostomeae<\/li>\n<li><strong>Fam\u00edlia:<\/strong> Ulmaridae<\/li>\n<li><strong>G\u00eanero:<\/strong> Aurelia<\/li>\n<li><strong>Esp\u00e9cie:<\/strong> Aurelia aurita<\/li>\n<li><strong>Nome comum:<\/strong> \u00c1gua-viva comum, \u00e1gua-viva da lua, \u00e1gua-viva disco, \u00e1gua-viva guarda-chuva<\/li>\n<\/ul>\n<table style=\"background-color: #f2f2f2; width: 50%;\">\n<tbody>\n<tr>\n<td style=\"text-align: right;\"><strong>Faixa de temperatura:<\/strong><\/td>\n<td>18-24\u00baC<\/td>\n<\/tr>\n<tr>\n<td style=\"text-align: right;\"><strong>Salinidade:<\/strong><\/td>\n<td>34-38 ppt<\/td>\n<\/tr>\n<tr>\n<td style=\"text-align: right;\"><strong>pH:<\/strong><\/td>\n<td>7,9-8,4<\/td>\n<\/tr>\n<tr>\n<td style=\"text-align: right;\"><strong>Alcalinidade:<\/strong><\/td>\n<td>7,4-8,4 dKH<\/td>\n<\/tr>\n<tr>\n<td style=\"text-align: right;\"><strong>Am\u00f4nio<\/strong>:<\/td>\n<td>0,0 ppm<\/td>\n<\/tr>\n<tr>\n<td style=\"text-align: right;\"><strong>Nitritos:<\/strong><\/td>\n<td>0,0 ppm<\/td>\n<\/tr>\n<tr>\n<td style=\"text-align: right;\"><strong>Nitratos: <\/strong><\/td>\n<td>&lt;40,0 ppm<\/td>\n<\/tr>\n<tr>\n<td style=\"text-align: right;\"><strong>Fosfatos:<\/strong><\/td>\n<td>&lt;2,0 ppm<\/td>\n<\/tr>\n<\/tbody>\n<\/table>\n<p><strong>Distribui\u00e7\u00e3o:<\/strong> Encontrada em todos os mares do mundo, Oceanos Atl\u00e2ntico, Pac\u00edfico e \u00cdndico, e no Mar Mediterr\u00e2neo. Normalmente em zonas de baixa salinidade. <\/p>\n<p><span style=\"font-weight: 400;\"><strong>Tamanho m\u00e1ximo:<\/strong> 30 cm, sendo o habitual cerca de 6 cm<\/span><\/p>\n<p><span style=\"font-weight: 400;\"><strong>Expectativa de vida:<\/strong> 1 ano em meio natural, podendo viver at\u00e9 3 anos em aqu\u00e1rios<\/span><\/p>\n<p><span style=\"font-weight: 400;\"><strong>Necessita de luz: <\/strong>N\u00e3o, n\u00e3o \u00e9 fotossint\u00e9tica<\/span><\/p>\n<p><span style=\"font-weight: 400;\"><strong>Alimenta\u00e7\u00e3o: <\/strong>Carn\u00edvora, se alimenta de pl\u00e2ncton na natureza. Em aqu\u00e1rios: n\u00e1uplios de art\u00eamia salina, preparados de comida para corais, ra\u00e7\u00e3o especial para \u00e1guas-vivas. NUNCA pl\u00e2ncton vermelho (RED PLANKTON) da esp\u00e9cie calanus. Comida congelada como art\u00eamia, cyclops, cop\u00e9podes.   <\/span><\/p>\n<p><span style=\"font-weight: 400;\"><strong>Urticante:<\/strong> N\u00e3o \u00e9 urticante para humanos<\/span><\/p>\n<p><span style=\"font-weight: 400;\"><strong>N\u00edvel de cuidado: <\/strong>F\u00e1cil. Alimentar duas vezes ao dia. Necessita de fluxo de \u00e1gua leve, pois se danifica facilmente com correntes fortes. Em regi\u00f5es quentes, recomenda-se o uso de resfriador.   <\/span><br \/>\n<span style=\"font-weight: 400;\">Esta esp\u00e9cie de medusa \u00e9 a mais popular devido \u00e0 sua facilidade de cuidado e \u00e9 tamb\u00e9m a mais frequentemente exibida em aqu\u00e1rios p\u00fablicos. Os seus movimentos suaves produzem um efeito relaxante.  <\/span><\/p>\n","protected":false},"excerpt":{"rendered":"<p>Esta esp\u00e9cie de medusa \u00e9 a mais popular devido \u00e0 sua facilidade de cuidado e \u00e9 tamb\u00e9m a mais frequentemente exibida em aqu\u00e1rios p\u00fablicos. Os seus movimentos suaves produzem um efeito relaxante. <\/p>\n","protected":false},"featured_media":6366,"comment_status":"open","ping_status":"closed","template":"","meta":{"_monsterinsights_skip_tracking":false,"_monsterinsights_sitenote_active":false,"_monsterinsights_sitenote_note":"","_monsterinsights_sitenote_category":0,"ocean_post_layout":"","ocean_both_sidebars_style":"","ocean_both_sidebars_content_width":0,"ocean_both_sidebars_sidebars_width":0,"ocean_sidebar":"0","ocean_second_sidebar":"0","ocean_disable_margins":"enable","ocean_add_body_class":"","ocean_shortcode_before_top_bar":"","ocean_shortcode_after_top_bar":"","ocean_shortcode_before_header":"","ocean_shortcode_after_header":"","ocean_has_shortcode":"","ocean_shortcode_after_title":"","ocean_shortcode_before_footer_widgets":"","ocean_shortcode_after_footer_widgets":"","ocean_shortcode_before_footer_bottom":"","ocean_shortcode_after_footer_bottom":"","ocean_display_top_bar":"default","ocean_display_header":"default","ocean_header_style":"","ocean_center_header_left_menu":"0","ocean_custom_header_template":"0","ocean_custom_logo":0,"ocean_custom_retina_logo":0,"ocean_custom_logo_max_width":0,"ocean_custom_logo_tablet_max_width":0,"ocean_custom_logo_mobile_max_width":0,"ocean_custom_logo_max_height":0,"ocean_custom_logo_tablet_max_height":0,"ocean_custom_logo_mobile_max_height":0,"ocean_header_custom_menu":"0","ocean_menu_typo_font_family":"0","ocean_menu_typo_font_subset":"","ocean_menu_typo_font_size":0,"ocean_menu_typo_font_size_tablet":0,"ocean_menu_typo_font_size_mobile":0,"ocean_menu_typo_font_size_unit":"px","ocean_menu_typo_font_weight":"","ocean_menu_typo_font_weight_tablet":"","ocean_menu_typo_font_weight_mobile":"","ocean_menu_typo_transform":"","ocean_menu_typo_transform_tablet":"","ocean_menu_typo_transform_mobile":"","ocean_menu_typo_line_height":0,"ocean_menu_typo_line_height_tablet":0,"ocean_menu_typo_line_height_mobile":0,"ocean_menu_typo_line_height_unit":"","ocean_menu_typo_spacing":0,"ocean_menu_typo_spacing_tablet":0,"ocean_menu_typo_spacing_mobile":0,"ocean_menu_typo_spacing_unit":"","ocean_menu_link_color":"","ocean_menu_link_color_hover":"","ocean_menu_link_color_active":"","ocean_menu_link_background":"","ocean_menu_link_hover_background":"","ocean_menu_link_active_background":"","ocean_menu_social_links_bg":"","ocean_menu_social_hover_links_bg":"","ocean_menu_social_links_color":"","ocean_menu_social_hover_links_color":"","ocean_disable_title":"default","ocean_disable_heading":"default","ocean_post_title":"","ocean_post_subheading":"","ocean_post_title_style":"","ocean_post_title_background_color":"","ocean_post_title_background":0,"ocean_post_title_bg_image_position":"","ocean_post_title_bg_image_attachment":"","ocean_post_title_bg_image_repeat":"","ocean_post_title_bg_image_size":"","ocean_post_title_height":0,"ocean_post_title_bg_overlay":0.5,"ocean_post_title_bg_overlay_color":"","ocean_disable_breadcrumbs":"default","ocean_breadcrumbs_color":"","ocean_breadcrumbs_separator_color":"","ocean_breadcrumbs_links_color":"","ocean_breadcrumbs_links_hover_color":"","ocean_display_footer_widgets":"default","ocean_display_footer_bottom":"default","ocean_custom_footer_template":"0"},"product_brand":[],"product_cat":[98],"product_tag":[108],"class_list":{"0":"post-6365","1":"product","2":"type-product","3":"status-publish","4":"has-post-thumbnail","6":"product_cat-medusas_vivo","7":"product_tag-medusas-pt","9":"entry","10":"has-media","12":"first","13":"instock","14":"featured","15":"taxable","16":"shipping-taxable","17":"purchasable","18":"product-type-variable","19":"has-default-attributes","20":"has-product-nav","21":"col","22":"span_1_of_3","23":"owp-content-center","24":"item-entry","25":"owp-thumbs-layout-horizontal","26":"owp-btn-normal","27":"owp-tabs-layout-horizontal","28":"has-no-thumbnails","30":"circle-sale"},"yoast_head":"<!-- This site is optimized with the Yoast SEO plugin v27.5 - https:\/\/yoast.com\/product\/yoast-seo-wordpress\/ -->\n<title>3 Aurelia aurita - Medusea<\/title>\n<meta name=\"robots\" content=\"index, follow, max-snippet:-1, max-image-preview:large, max-video-preview:-1\" \/>\n<link rel=\"canonical\" href=\"https:\/\/medusea.es\/pt\/loja\/medusas_vivo\/3-aurelia-aurita\/\" \/>\n<meta property=\"og:locale\" content=\"pt_PT\" \/>\n<meta property=\"og:type\" content=\"article\" \/>\n<meta property=\"og:title\" content=\"3 Aurelia aurita - Medusea\" \/>\n<meta property=\"og:description\" content=\"Esta esp\u00e9cie de medusa \u00e9 a mais popular devido \u00e0 sua facilidade de cuidado e \u00e9 tamb\u00e9m a mais frequentemente exibida em aqu\u00e1rios p\u00fablicos. Os seus movimentos suaves produzem um efeito relaxante.\" \/>\n<meta property=\"og:url\" content=\"https:\/\/medusea.es\/pt\/loja\/medusas_vivo\/3-aurelia-aurita\/\" \/>\n<meta property=\"og:site_name\" content=\"Medusea\" \/>\n<meta property=\"article:publisher\" content=\"https:\/\/www.facebook.com\/medusea.es\/\" \/>\n<meta property=\"article:modified_time\" content=\"2025-07-28T07:27:30+00:00\" \/>\n<meta property=\"og:image\" content=\"https:\/\/medusea.es\/wp-content\/uploads\/2016\/05\/jellyfish-1167756_1920.jpg\" \/>\n\t<meta property=\"og:image:width\" content=\"1920\" \/>\n\t<meta property=\"og:image:height\" content=\"1275\" \/>\n\t<meta property=\"og:image:type\" content=\"image\/jpeg\" \/>\n<meta name=\"twitter:card\" content=\"summary_large_image\" \/>\n<meta name=\"twitter:label1\" content=\"Est. reading time\" \/>\n\t<meta name=\"twitter:data1\" content=\"2 minutes\" \/>\n<script type=\"application\/ld+json\" class=\"yoast-schema-graph\">{\"@context\":\"https:\\\/\\\/schema.org\",\"@graph\":[{\"@type\":\"WebPage\",\"@id\":\"https:\\\/\\\/medusea.es\\\/pt\\\/loja\\\/medusas_vivo\\\/3-aurelia-aurita\\\/\",\"url\":\"https:\\\/\\\/medusea.es\\\/pt\\\/loja\\\/medusas_vivo\\\/3-aurelia-aurita\\\/\",\"name\":\"3 Aurelia aurita - Medusea\",\"isPartOf\":{\"@id\":\"https:\\\/\\\/medusea.es\\\/#website\"},\"primaryImageOfPage\":{\"@id\":\"https:\\\/\\\/medusea.es\\\/pt\\\/loja\\\/medusas_vivo\\\/3-aurelia-aurita\\\/#primaryimage\"},\"image\":{\"@id\":\"https:\\\/\\\/medusea.es\\\/pt\\\/loja\\\/medusas_vivo\\\/3-aurelia-aurita\\\/#primaryimage\"},\"thumbnailUrl\":\"https:\\\/\\\/medusea.es\\\/wp-content\\\/uploads\\\/2016\\\/05\\\/jellyfish-1167756_1920.jpg\",\"datePublished\":\"2016-08-30T15:23:28+00:00\",\"dateModified\":\"2025-07-28T07:27:30+00:00\",\"breadcrumb\":{\"@id\":\"https:\\\/\\\/medusea.es\\\/pt\\\/loja\\\/medusas_vivo\\\/3-aurelia-aurita\\\/#breadcrumb\"},\"inLanguage\":\"pt-PI\",\"potentialAction\":[{\"@type\":\"ReadAction\",\"target\":[\"https:\\\/\\\/medusea.es\\\/pt\\\/loja\\\/medusas_vivo\\\/3-aurelia-aurita\\\/\"]}]},{\"@type\":\"ImageObject\",\"inLanguage\":\"pt-PI\",\"@id\":\"https:\\\/\\\/medusea.es\\\/pt\\\/loja\\\/medusas_vivo\\\/3-aurelia-aurita\\\/#primaryimage\",\"url\":\"https:\\\/\\\/medusea.es\\\/wp-content\\\/uploads\\\/2016\\\/05\\\/jellyfish-1167756_1920.jpg\",\"contentUrl\":\"https:\\\/\\\/medusea.es\\\/wp-content\\\/uploads\\\/2016\\\/05\\\/jellyfish-1167756_1920.jpg\",\"width\":1920,\"height\":1275},{\"@type\":\"BreadcrumbList\",\"@id\":\"https:\\\/\\\/medusea.es\\\/pt\\\/loja\\\/medusas_vivo\\\/3-aurelia-aurita\\\/#breadcrumb\",\"itemListElement\":[{\"@type\":\"ListItem\",\"position\":1,\"name\":\"Inicio\",\"item\":\"https:\\\/\\\/medusea.es\\\/pt\\\/inicio\\\/\"},{\"@type\":\"ListItem\",\"position\":2,\"name\":\"Loja Medusea\",\"item\":\"https:\\\/\\\/medusea.es\\\/loja-medusea\\\/\"},{\"@type\":\"ListItem\",\"position\":3,\"name\":\"3 Aurelia aurita\"}]},{\"@type\":\"WebSite\",\"@id\":\"https:\\\/\\\/medusea.es\\\/#website\",\"url\":\"https:\\\/\\\/medusea.es\\\/\",\"name\":\"Medusea\",\"description\":\"Cr\u00eda y Venta de medusas\",\"publisher\":{\"@id\":\"https:\\\/\\\/medusea.es\\\/#organization\"},\"potentialAction\":[{\"@type\":\"SearchAction\",\"target\":{\"@type\":\"EntryPoint\",\"urlTemplate\":\"https:\\\/\\\/medusea.es\\\/?s={search_term_string}\"},\"query-input\":{\"@type\":\"PropertyValueSpecification\",\"valueRequired\":true,\"valueName\":\"search_term_string\"}}],\"inLanguage\":\"pt-PI\"},{\"@type\":\"Organization\",\"@id\":\"https:\\\/\\\/medusea.es\\\/#organization\",\"name\":\"Medusea\",\"url\":\"https:\\\/\\\/medusea.es\\\/\",\"logo\":{\"@type\":\"ImageObject\",\"inLanguage\":\"pt-PI\",\"@id\":\"https:\\\/\\\/medusea.es\\\/#\\\/schema\\\/logo\\\/image\\\/\",\"url\":\"https:\\\/\\\/medusea.es\\\/wp-content\\\/uploads\\\/2020\\\/12\\\/cropped-logo-web-medusea.png\",\"contentUrl\":\"https:\\\/\\\/medusea.es\\\/wp-content\\\/uploads\\\/2020\\\/12\\\/cropped-logo-web-medusea.png\",\"width\":831,\"height\":165,\"caption\":\"Medusea\"},\"image\":{\"@id\":\"https:\\\/\\\/medusea.es\\\/#\\\/schema\\\/logo\\\/image\\\/\"},\"sameAs\":[\"https:\\\/\\\/www.facebook.com\\\/medusea.es\\\/\",\"https:\\\/\\\/www.instagram.com\\\/medusea.es\\\/\",\"https:\\\/\\\/www.linkedin.com\\\/company\\\/medusea?originalSubdomain=es\",\"https:\\\/\\\/www.youtube.com\\\/channel\\\/UCX-4HPdK7ATTueYeuvGrbgg\"]}]}<\/script>\n<!-- \/ Yoast SEO plugin. -->","yoast_head_json":{"title":"3 Aurelia aurita - Medusea","robots":{"index":"index","follow":"follow","max-snippet":"max-snippet:-1","max-image-preview":"max-image-preview:large","max-video-preview":"max-video-preview:-1"},"canonical":"https:\/\/medusea.es\/pt\/loja\/medusas_vivo\/3-aurelia-aurita\/","og_locale":"pt_PT","og_type":"article","og_title":"3 Aurelia aurita - Medusea","og_description":"Esta esp\u00e9cie de medusa \u00e9 a mais popular devido \u00e0 sua facilidade de cuidado e \u00e9 tamb\u00e9m a mais frequentemente exibida em aqu\u00e1rios p\u00fablicos. Os seus movimentos suaves produzem um efeito relaxante.","og_url":"https:\/\/medusea.es\/pt\/loja\/medusas_vivo\/3-aurelia-aurita\/","og_site_name":"Medusea","article_publisher":"https:\/\/www.facebook.com\/medusea.es\/","article_modified_time":"2025-07-28T07:27:30+00:00","og_image":[{"width":1920,"height":1275,"url":"https:\/\/medusea.es\/wp-content\/uploads\/2016\/05\/jellyfish-1167756_1920.jpg","type":"image\/jpeg"}],"twitter_card":"summary_large_image","twitter_misc":{"Est. reading time":"2 minutes"},"schema":{"@context":"https:\/\/schema.org","@graph":[{"@type":"WebPage","@id":"https:\/\/medusea.es\/pt\/loja\/medusas_vivo\/3-aurelia-aurita\/","url":"https:\/\/medusea.es\/pt\/loja\/medusas_vivo\/3-aurelia-aurita\/","name":"3 Aurelia aurita - Medusea","isPartOf":{"@id":"https:\/\/medusea.es\/#website"},"primaryImageOfPage":{"@id":"https:\/\/medusea.es\/pt\/loja\/medusas_vivo\/3-aurelia-aurita\/#primaryimage"},"image":{"@id":"https:\/\/medusea.es\/pt\/loja\/medusas_vivo\/3-aurelia-aurita\/#primaryimage"},"thumbnailUrl":"https:\/\/medusea.es\/wp-content\/uploads\/2016\/05\/jellyfish-1167756_1920.jpg","datePublished":"2016-08-30T15:23:28+00:00","dateModified":"2025-07-28T07:27:30+00:00","breadcrumb":{"@id":"https:\/\/medusea.es\/pt\/loja\/medusas_vivo\/3-aurelia-aurita\/#breadcrumb"},"inLanguage":"pt-PI","potentialAction":[{"@type":"ReadAction","target":["https:\/\/medusea.es\/pt\/loja\/medusas_vivo\/3-aurelia-aurita\/"]}]},{"@type":"ImageObject","inLanguage":"pt-PI","@id":"https:\/\/medusea.es\/pt\/loja\/medusas_vivo\/3-aurelia-aurita\/#primaryimage","url":"https:\/\/medusea.es\/wp-content\/uploads\/2016\/05\/jellyfish-1167756_1920.jpg","contentUrl":"https:\/\/medusea.es\/wp-content\/uploads\/2016\/05\/jellyfish-1167756_1920.jpg","width":1920,"height":1275},{"@type":"BreadcrumbList","@id":"https:\/\/medusea.es\/pt\/loja\/medusas_vivo\/3-aurelia-aurita\/#breadcrumb","itemListElement":[{"@type":"ListItem","position":1,"name":"Inicio","item":"https:\/\/medusea.es\/pt\/inicio\/"},{"@type":"ListItem","position":2,"name":"Loja Medusea","item":"https:\/\/medusea.es\/loja-medusea\/"},{"@type":"ListItem","position":3,"name":"3 Aurelia aurita"}]},{"@type":"WebSite","@id":"https:\/\/medusea.es\/#website","url":"https:\/\/medusea.es\/","name":"Medusea","description":"Cr\u00eda y Venta de medusas","publisher":{"@id":"https:\/\/medusea.es\/#organization"},"potentialAction":[{"@type":"SearchAction","target":{"@type":"EntryPoint","urlTemplate":"https:\/\/medusea.es\/?s={search_term_string}"},"query-input":{"@type":"PropertyValueSpecification","valueRequired":true,"valueName":"search_term_string"}}],"inLanguage":"pt-PI"},{"@type":"Organization","@id":"https:\/\/medusea.es\/#organization","name":"Medusea","url":"https:\/\/medusea.es\/","logo":{"@type":"ImageObject","inLanguage":"pt-PI","@id":"https:\/\/medusea.es\/#\/schema\/logo\/image\/","url":"https:\/\/medusea.es\/wp-content\/uploads\/2020\/12\/cropped-logo-web-medusea.png","contentUrl":"https:\/\/medusea.es\/wp-content\/uploads\/2020\/12\/cropped-logo-web-medusea.png","width":831,"height":165,"caption":"Medusea"},"image":{"@id":"https:\/\/medusea.es\/#\/schema\/logo\/image\/"},"sameAs":["https:\/\/www.facebook.com\/medusea.es\/","https:\/\/www.instagram.com\/medusea.es\/","https:\/\/www.linkedin.com\/company\/medusea?originalSubdomain=es","https:\/\/www.youtube.com\/channel\/UCX-4HPdK7ATTueYeuvGrbgg"]}]}},"_links":{"self":[{"href":"https:\/\/medusea.es\/pt\/wp-json\/wp\/v2\/product\/6365","targetHints":{"allow":["GET"]}}],"collection":[{"href":"https:\/\/medusea.es\/pt\/wp-json\/wp\/v2\/product"}],"about":[{"href":"https:\/\/medusea.es\/pt\/wp-json\/wp\/v2\/types\/product"}],"replies":[{"embeddable":true,"href":"https:\/\/medusea.es\/pt\/wp-json\/wp\/v2\/comments?post=6365"}],"version-history":[{"count":1,"href":"https:\/\/medusea.es\/pt\/wp-json\/wp\/v2\/product\/6365\/revisions"}],"predecessor-version":[{"id":6367,"href":"https:\/\/medusea.es\/pt\/wp-json\/wp\/v2\/product\/6365\/revisions\/6367"}],"wp:featuredmedia":[{"embeddable":true,"href":"https:\/\/medusea.es\/pt\/wp-json\/wp\/v2\/media\/6366"}],"wp:attachment":[{"href":"https:\/\/medusea.es\/pt\/wp-json\/wp\/v2\/media?parent=6365"}],"wp:term":[{"taxonomy":"product_brand","embeddable":true,"href":"https:\/\/medusea.es\/pt\/wp-json\/wp\/v2\/product_brand?post=6365"},{"taxonomy":"product_cat","embeddable":true,"href":"https:\/\/medusea.es\/pt\/wp-json\/wp\/v2\/product_cat?post=6365"},{"taxonomy":"product_tag","embeddable":true,"href":"https:\/\/medusea.es\/pt\/wp-json\/wp\/v2\/product_tag?post=6365"}],"curies":[{"name":"wp","href":"https:\/\/api.w.org\/{rel}","templated":true}]}}