{"id":6313,"date":"2021-01-04T10:49:48","date_gmt":"2021-01-04T10:49:48","guid":{"rendered":"https:\/\/medusea.es\/informacoes\/aclimatacao-das-medusas\/"},"modified":"2025-07-25T09:28:53","modified_gmt":"2025-07-25T09:28:53","slug":"aclimatacao-das-medusas","status":"publish","type":"page","link":"https:\/\/medusea.es\/pt\/informacoes\/aclimatacao-das-medusas\/","title":{"rendered":"ACLIMATA\u00c7\u00c3O DAS MEDUSAS"},"content":{"rendered":"\t\t<div data-elementor-type=\"wp-page\" data-elementor-id=\"6313\" class=\"elementor elementor-6313 elementor-3070\" data-elementor-post-type=\"page\">\n\t\t\t\t\t\t<section class=\"elementor-section elementor-top-section elementor-element elementor-element-79d561a elementor-section-boxed elementor-section-height-default elementor-section-height-default\" data-id=\"79d561a\" data-element_type=\"section\" data-e-type=\"section\">\n\t\t\t\t\t\t<div class=\"elementor-container elementor-column-gap-default\">\n\t\t\t\t\t<div class=\"elementor-column elementor-col-100 elementor-top-column elementor-element elementor-element-0d9f0dc\" data-id=\"0d9f0dc\" data-element_type=\"column\" data-e-type=\"column\">\n\t\t\t<div class=\"elementor-widget-wrap elementor-element-populated\">\n\t\t\t\t\t\t<div class=\"elementor-element elementor-element-97f27f4 elementor-widget elementor-widget-breadcrumbs\" data-id=\"97f27f4\" data-element_type=\"widget\" data-e-type=\"widget\" data-widget_type=\"breadcrumbs.default\">\n\t\t\t\t<div class=\"elementor-widget-container\">\n\t\t\t\t\t<p id=\"breadcrumbs\"><span><span><a href=\"https:\/\/medusea.es\/pt\/inicio\/\">Inicio<\/a><\/span><\/span><\/p>\t\t\t\t<\/div>\n\t\t\t\t<\/div>\n\t\t\t\t\t<\/div>\n\t\t<\/div>\n\t\t\t\t\t<\/div>\n\t\t<\/section>\n\t\t\t\t<section class=\"elementor-section elementor-top-section elementor-element elementor-element-1e9c93a elementor-section-boxed elementor-section-height-default elementor-section-height-default\" data-id=\"1e9c93a\" data-element_type=\"section\" data-e-type=\"section\">\n\t\t\t\t\t\t<div class=\"elementor-container elementor-column-gap-default\">\n\t\t\t\t\t<div class=\"elementor-column elementor-col-100 elementor-top-column elementor-element elementor-element-fea76d6\" data-id=\"fea76d6\" data-element_type=\"column\" data-e-type=\"column\">\n\t\t\t<div class=\"elementor-widget-wrap elementor-element-populated\">\n\t\t\t\t\t\t<div class=\"elementor-element elementor-element-cbce845 elementor-widget elementor-widget-text-editor\" data-id=\"cbce845\" data-element_type=\"widget\" data-e-type=\"widget\" data-widget_type=\"text-editor.default\">\n\t\t\t\t<div class=\"elementor-widget-container\">\n\t\t\t\t\t\t\t\t\t<p><span style=\"font-weight: 400;\">Sejam estas as suas primeiras medusas ou futuras aquisi\u00e7\u00f5es, o <strong>aqu\u00e1rio deve aclimatar-se <\/strong>ao seu novo habitat. \u00c9 importante que os novos exemplares sejam aclimatados ao mesmo habitat quando os introduzimos no aqu\u00e1rio. Para isso, coloque cuidadosamente as novas medusas num recipiente com a \u00e1gua do saco que as cont\u00e9m (tenha em aten\u00e7\u00e3o que a \u00e1gua ser\u00e1 adicionada ao longo do tempo, por isso o recipiente deve ter mais capacidade). Aos poucos, com uma concha, adicione \u00e1gua do aqu\u00e1rio ao recipiente. Este processo deve ser repetido com intervalos de, pelo menos, <strong>5 a 10 minutos<\/strong>. Inicialmente, demora uma hora por cada ponto de diferen\u00e7a. Outra op\u00e7\u00e3o \u00e9 aclimatar-se por gotejamento; utilize um tubo de silicone para preparar as medusas e deixe pingar para o recipiente que as cont\u00e9m.      <\/span><\/p><p><span style=\"font-weight: 400;\">Se houver grande diferen\u00e7a de temperatura (por exemplo, no ver\u00e3o), um m\u00e9todo alternativo \u00e9 colocar o saco das medusas diretamente dentro do aqu\u00e1rio por alguns minutos. Assim, a temperatura se ajusta gradualmente. A <strong>salinidade<\/strong> tamb\u00e9m deve ser ajustada aos poucos, adicionando pequenas quantidades de \u00e1gua do aqu\u00e1rio no recipiente das medusas<\/span><\/p><p><span style=\"font-weight: 400;\">A aclimata\u00e7\u00e3o correta ajuda suas medusas a se adaptarem ao novo ambiente sem estresse, garantindo um come\u00e7o saud\u00e1vel no aqu\u00e1rio!<\/span><\/p><p><span style=\"font-weight: 400;\">Verifique a temperatura e a salinidade com um <strong>term\u00f4metro e um refrat\u00f4metro<\/strong>.<\/span><\/p><p><span style=\"font-weight: 400;\">Assim que os par\u00e2metros estiverem iguais, as medusas podem ser transferidas ao aqu\u00e1rio com cuidado. <\/span><\/p><p><span style=\"font-weight: 400;\">Ap\u00f3s a aclimata\u00e7\u00e3o, pode ser necess\u00e1rio repor a \u00e1gua do aqu\u00e1rio. Para isso, adicione:<br><strong>\u00c1gua marinha artificial<\/strong> limpa, com os <strong>mesmos par\u00e2metros<\/strong> do aqu\u00e1rio.<\/span><\/p>\t\t\t\t\t\t\t\t<\/div>\n\t\t\t\t<\/div>\n\t\t\t\t\t<\/div>\n\t\t<\/div>\n\t\t\t\t\t<\/div>\n\t\t<\/section>\n\t\t\t\t<section class=\"elementor-section elementor-top-section elementor-element elementor-element-6851d85 elementor-section-boxed elementor-section-height-default elementor-section-height-default\" data-id=\"6851d85\" data-element_type=\"section\" data-e-type=\"section\">\n\t\t\t\t\t\t<div class=\"elementor-container elementor-column-gap-default\">\n\t\t\t\t\t<div class=\"elementor-column elementor-col-100 elementor-top-column elementor-element elementor-element-2010e60\" data-id=\"2010e60\" data-element_type=\"column\" data-e-type=\"column\">\n\t\t\t<div class=\"elementor-widget-wrap elementor-element-populated\">\n\t\t\t\t\t\t<div class=\"elementor-element elementor-element-f2fd837 elementor-widget elementor-widget-video\" data-id=\"f2fd837\" data-element_type=\"widget\" data-e-type=\"widget\" data-settings=\"{&quot;youtube_url&quot;:&quot;https:\\\/\\\/www.youtube.com\\\/watch?v=R50C6c4c-8k&quot;,&quot;video_type&quot;:&quot;youtube&quot;,&quot;controls&quot;:&quot;yes&quot;}\" data-widget_type=\"video.default\">\n\t\t\t\t<div class=\"elementor-widget-container\">\n\t\t\t\t\t\t\t<div class=\"elementor-wrapper elementor-open-inline\">\n\t\t\t<div class=\"elementor-video\"><\/div>\t\t<\/div>\n\t\t\t\t\t\t<\/div>\n\t\t\t\t<\/div>\n\t\t\t\t\t<\/div>\n\t\t<\/div>\n\t\t\t\t\t<\/div>\n\t\t<\/section>\n\t\t\t\t<\/div>\n\t\t","protected":false},"excerpt":{"rendered":"<p>Sejam estas as suas primeiras medusas ou futuras aquisi\u00e7\u00f5es, o aqu\u00e1rio deve aclimatar-se ao seu novo habitat. \u00c9 importante que os novos exemplares sejam aclimatados ao mesmo habitat quando os introduzimos no aqu\u00e1rio. Para isso, coloque cuidadosamente as novas medusas num recipiente com a \u00e1gua do saco que as cont\u00e9m (tenha em aten\u00e7\u00e3o que a [&hellip;]<\/p>\n","protected":false},"author":89,"featured_media":6314,"parent":6254,"menu_order":3,"comment_status":"closed","ping_status":"closed","template":"","meta":{"_monsterinsights_skip_tracking":false,"_monsterinsights_sitenote_active":false,"_monsterinsights_sitenote_note":"","_monsterinsights_sitenote_category":0,"ocean_post_layout":"","ocean_both_sidebars_style":"","ocean_both_sidebars_content_width":0,"ocean_both_sidebars_sidebars_width":0,"ocean_sidebar":"sidebar-2","ocean_second_sidebar":"0","ocean_disable_margins":"enable","ocean_add_body_class":"","ocean_shortcode_before_top_bar":"","ocean_shortcode_after_top_bar":"","ocean_shortcode_before_header":"","ocean_shortcode_after_header":"","ocean_has_shortcode":"","ocean_shortcode_after_title":"","ocean_shortcode_before_footer_widgets":"","ocean_shortcode_after_footer_widgets":"","ocean_shortcode_before_footer_bottom":"","ocean_shortcode_after_footer_bottom":"","ocean_display_top_bar":"default","ocean_display_header":"default","ocean_header_style":"","ocean_center_header_left_menu":"0","ocean_custom_header_template":"0","ocean_custom_logo":0,"ocean_custom_retina_logo":0,"ocean_custom_logo_max_width":0,"ocean_custom_logo_tablet_max_width":0,"ocean_custom_logo_mobile_max_width":0,"ocean_custom_logo_max_height":0,"ocean_custom_logo_tablet_max_height":0,"ocean_custom_logo_mobile_max_height":0,"ocean_header_custom_menu":"0","ocean_menu_typo_font_family":"0","ocean_menu_typo_font_subset":"","ocean_menu_typo_font_size":0,"ocean_menu_typo_font_size_tablet":0,"ocean_menu_typo_font_size_mobile":0,"ocean_menu_typo_font_size_unit":"px","ocean_menu_typo_font_weight":"","ocean_menu_typo_font_weight_tablet":"","ocean_menu_typo_font_weight_mobile":"","ocean_menu_typo_transform":"","ocean_menu_typo_transform_tablet":"","ocean_menu_typo_transform_mobile":"","ocean_menu_typo_line_height":0,"ocean_menu_typo_line_height_tablet":0,"ocean_menu_typo_line_height_mobile":0,"ocean_menu_typo_line_height_unit":"","ocean_menu_typo_spacing":0,"ocean_menu_typo_spacing_tablet":0,"ocean_menu_typo_spacing_mobile":0,"ocean_menu_typo_spacing_unit":"","ocean_menu_link_color":"","ocean_menu_link_color_hover":"","ocean_menu_link_color_active":"","ocean_menu_link_background":"","ocean_menu_link_hover_background":"","ocean_menu_link_active_background":"","ocean_menu_social_links_bg":"","ocean_menu_social_hover_links_bg":"","ocean_menu_social_links_color":"","ocean_menu_social_hover_links_color":"","ocean_disable_title":"enable","ocean_disable_heading":"enable","ocean_post_title":"","ocean_post_subheading":"","ocean_post_title_style":"background-image","ocean_post_title_background_color":"","ocean_post_title_background":0,"ocean_post_title_bg_image_position":"","ocean_post_title_bg_image_attachment":"","ocean_post_title_bg_image_repeat":"","ocean_post_title_bg_image_size":"","ocean_post_title_height":0,"ocean_post_title_bg_overlay":0.5,"ocean_post_title_bg_overlay_color":"","ocean_disable_breadcrumbs":"off","ocean_breadcrumbs_color":"","ocean_breadcrumbs_separator_color":"","ocean_breadcrumbs_links_color":"","ocean_breadcrumbs_links_hover_color":"","ocean_display_footer_widgets":"default","ocean_display_footer_bottom":"default","ocean_custom_footer_template":"0","footnotes":""},"class_list":["post-6313","page","type-page","status-publish","has-post-thumbnail","hentry","entry","has-media","owp-thumbs-layout-horizontal","owp-btn-normal","owp-tabs-layout-horizontal","has-no-thumbnails","has-product-nav","circle-sale"],"yoast_head":"<!-- This site is optimized with the Yoast SEO plugin v27.3 - https:\/\/yoast.com\/product\/yoast-seo-wordpress\/ -->\n<title>ACLIMATA\u00c7\u00c3O DAS MEDUSAS - Medusea<\/title>\n<meta name=\"description\" content=\"Quer seja a sua primeira medusa ou uma futura aquisi\u00e7\u00e3o, o aqu\u00e1rio precisa de se aclimatar ao seu novo habitat.\" \/>\n<meta name=\"robots\" content=\"index, follow, max-snippet:-1, max-image-preview:large, max-video-preview:-1\" \/>\n<link rel=\"canonical\" href=\"https:\/\/medusea.es\/pt\/informacoes\/aclimatacao-das-medusas\/\" \/>\n<meta property=\"og:locale\" content=\"pt_PT\" \/>\n<meta property=\"og:type\" content=\"article\" \/>\n<meta property=\"og:title\" content=\"ACLIMATA\u00c7\u00c3O DAS MEDUSAS - Medusea\" \/>\n<meta property=\"og:description\" content=\"Quer seja a sua primeira medusa ou uma futura aquisi\u00e7\u00e3o, o aqu\u00e1rio precisa de se aclimatar ao seu novo habitat.\" \/>\n<meta property=\"og:url\" content=\"https:\/\/medusea.es\/pt\/informacoes\/aclimatacao-das-medusas\/\" \/>\n<meta property=\"og:site_name\" content=\"Medusea\" \/>\n<meta property=\"article:publisher\" content=\"https:\/\/www.facebook.com\/medusea.es\/\" \/>\n<meta property=\"article:modified_time\" content=\"2025-07-25T09:28:53+00:00\" \/>\n<meta property=\"og:image\" content=\"https:\/\/medusea.es\/wp-content\/uploads\/2021\/01\/IMG_20170517_133227.jpg\" \/>\n\t<meta property=\"og:image:width\" content=\"1400\" \/>\n\t<meta property=\"og:image:height\" content=\"1050\" \/>\n\t<meta property=\"og:image:type\" content=\"image\/jpeg\" \/>\n<meta name=\"twitter:card\" content=\"summary_large_image\" \/>\n<meta name=\"twitter:label1\" content=\"Est. reading time\" \/>\n\t<meta name=\"twitter:data1\" content=\"1 minute\" \/>\n<script type=\"application\/ld+json\" class=\"yoast-schema-graph\">{\"@context\":\"https:\\\/\\\/schema.org\",\"@graph\":[{\"@type\":\"WebPage\",\"@id\":\"https:\\\/\\\/medusea.es\\\/pt\\\/informacoes\\\/aclimatacao-das-medusas\\\/\",\"url\":\"https:\\\/\\\/medusea.es\\\/pt\\\/informacoes\\\/aclimatacao-das-medusas\\\/\",\"name\":\"ACLIMATA\u00c7\u00c3O DAS MEDUSAS - Medusea\",\"isPartOf\":{\"@id\":\"https:\\\/\\\/medusea.es\\\/#website\"},\"primaryImageOfPage\":{\"@id\":\"https:\\\/\\\/medusea.es\\\/pt\\\/informacoes\\\/aclimatacao-das-medusas\\\/#primaryimage\"},\"image\":{\"@id\":\"https:\\\/\\\/medusea.es\\\/pt\\\/informacoes\\\/aclimatacao-das-medusas\\\/#primaryimage\"},\"thumbnailUrl\":\"https:\\\/\\\/medusea.es\\\/wp-content\\\/uploads\\\/2021\\\/01\\\/IMG_20170517_133227.jpg\",\"datePublished\":\"2021-01-04T10:49:48+00:00\",\"dateModified\":\"2025-07-25T09:28:53+00:00\",\"description\":\"Quer seja a sua primeira medusa ou uma futura aquisi\u00e7\u00e3o, o aqu\u00e1rio precisa de se aclimatar ao seu novo habitat.\",\"breadcrumb\":{\"@id\":\"https:\\\/\\\/medusea.es\\\/pt\\\/informacoes\\\/aclimatacao-das-medusas\\\/#breadcrumb\"},\"inLanguage\":\"pt-PI\",\"potentialAction\":[{\"@type\":\"ReadAction\",\"target\":[\"https:\\\/\\\/medusea.es\\\/pt\\\/informacoes\\\/aclimatacao-das-medusas\\\/\"]}]},{\"@type\":\"ImageObject\",\"inLanguage\":\"pt-PI\",\"@id\":\"https:\\\/\\\/medusea.es\\\/pt\\\/informacoes\\\/aclimatacao-das-medusas\\\/#primaryimage\",\"url\":\"https:\\\/\\\/medusea.es\\\/wp-content\\\/uploads\\\/2021\\\/01\\\/IMG_20170517_133227.jpg\",\"contentUrl\":\"https:\\\/\\\/medusea.es\\\/wp-content\\\/uploads\\\/2021\\\/01\\\/IMG_20170517_133227.jpg\",\"width\":1400,\"height\":1050,\"caption\":\"Aclimataci\u00f3n Medusas\"},{\"@type\":\"BreadcrumbList\",\"@id\":\"https:\\\/\\\/medusea.es\\\/pt\\\/informacoes\\\/aclimatacao-das-medusas\\\/#breadcrumb\",\"itemListElement\":[{\"@type\":\"ListItem\",\"position\":1,\"name\":\"Inicio\",\"item\":\"https:\\\/\\\/medusea.es\\\/pt\\\/inicio\\\/\"},{\"@type\":\"ListItem\",\"position\":2,\"name\":\"INFORMA\u00c7\u00d5ES\",\"item\":\"https:\\\/\\\/medusea.es\\\/pt\\\/informacoes\\\/\"},{\"@type\":\"ListItem\",\"position\":3,\"name\":\"ACLIMATA\u00c7\u00c3O DAS MEDUSAS\"}]},{\"@type\":\"WebSite\",\"@id\":\"https:\\\/\\\/medusea.es\\\/#website\",\"url\":\"https:\\\/\\\/medusea.es\\\/\",\"name\":\"Medusea\",\"description\":\"Cr\u00eda y Venta de medusas\",\"publisher\":{\"@id\":\"https:\\\/\\\/medusea.es\\\/#organization\"},\"potentialAction\":[{\"@type\":\"SearchAction\",\"target\":{\"@type\":\"EntryPoint\",\"urlTemplate\":\"https:\\\/\\\/medusea.es\\\/?s={search_term_string}\"},\"query-input\":{\"@type\":\"PropertyValueSpecification\",\"valueRequired\":true,\"valueName\":\"search_term_string\"}}],\"inLanguage\":\"pt-PI\"},{\"@type\":\"Organization\",\"@id\":\"https:\\\/\\\/medusea.es\\\/#organization\",\"name\":\"Medusea\",\"url\":\"https:\\\/\\\/medusea.es\\\/\",\"logo\":{\"@type\":\"ImageObject\",\"inLanguage\":\"pt-PI\",\"@id\":\"https:\\\/\\\/medusea.es\\\/#\\\/schema\\\/logo\\\/image\\\/\",\"url\":\"https:\\\/\\\/medusea.es\\\/wp-content\\\/uploads\\\/2020\\\/12\\\/cropped-logo-web-medusea.png\",\"contentUrl\":\"https:\\\/\\\/medusea.es\\\/wp-content\\\/uploads\\\/2020\\\/12\\\/cropped-logo-web-medusea.png\",\"width\":831,\"height\":165,\"caption\":\"Medusea\"},\"image\":{\"@id\":\"https:\\\/\\\/medusea.es\\\/#\\\/schema\\\/logo\\\/image\\\/\"},\"sameAs\":[\"https:\\\/\\\/www.facebook.com\\\/medusea.es\\\/\",\"https:\\\/\\\/www.instagram.com\\\/medusea.es\\\/\",\"https:\\\/\\\/www.linkedin.com\\\/company\\\/medusea?originalSubdomain=es\",\"https:\\\/\\\/www.youtube.com\\\/channel\\\/UCX-4HPdK7ATTueYeuvGrbgg\"]}]}<\/script>\n<!-- \/ Yoast SEO plugin. -->","yoast_head_json":{"title":"ACLIMATA\u00c7\u00c3O DAS MEDUSAS - Medusea","description":"Quer seja a sua primeira medusa ou uma futura aquisi\u00e7\u00e3o, o aqu\u00e1rio precisa de se aclimatar ao seu novo habitat.","robots":{"index":"index","follow":"follow","max-snippet":"max-snippet:-1","max-image-preview":"max-image-preview:large","max-video-preview":"max-video-preview:-1"},"canonical":"https:\/\/medusea.es\/pt\/informacoes\/aclimatacao-das-medusas\/","og_locale":"pt_PT","og_type":"article","og_title":"ACLIMATA\u00c7\u00c3O DAS MEDUSAS - Medusea","og_description":"Quer seja a sua primeira medusa ou uma futura aquisi\u00e7\u00e3o, o aqu\u00e1rio precisa de se aclimatar ao seu novo habitat.","og_url":"https:\/\/medusea.es\/pt\/informacoes\/aclimatacao-das-medusas\/","og_site_name":"Medusea","article_publisher":"https:\/\/www.facebook.com\/medusea.es\/","article_modified_time":"2025-07-25T09:28:53+00:00","og_image":[{"width":1400,"height":1050,"url":"https:\/\/medusea.es\/wp-content\/uploads\/2021\/01\/IMG_20170517_133227.jpg","type":"image\/jpeg"}],"twitter_card":"summary_large_image","twitter_misc":{"Est. reading time":"1 minute"},"schema":{"@context":"https:\/\/schema.org","@graph":[{"@type":"WebPage","@id":"https:\/\/medusea.es\/pt\/informacoes\/aclimatacao-das-medusas\/","url":"https:\/\/medusea.es\/pt\/informacoes\/aclimatacao-das-medusas\/","name":"ACLIMATA\u00c7\u00c3O DAS MEDUSAS - Medusea","isPartOf":{"@id":"https:\/\/medusea.es\/#website"},"primaryImageOfPage":{"@id":"https:\/\/medusea.es\/pt\/informacoes\/aclimatacao-das-medusas\/#primaryimage"},"image":{"@id":"https:\/\/medusea.es\/pt\/informacoes\/aclimatacao-das-medusas\/#primaryimage"},"thumbnailUrl":"https:\/\/medusea.es\/wp-content\/uploads\/2021\/01\/IMG_20170517_133227.jpg","datePublished":"2021-01-04T10:49:48+00:00","dateModified":"2025-07-25T09:28:53+00:00","description":"Quer seja a sua primeira medusa ou uma futura aquisi\u00e7\u00e3o, o aqu\u00e1rio precisa de se aclimatar ao seu novo habitat.","breadcrumb":{"@id":"https:\/\/medusea.es\/pt\/informacoes\/aclimatacao-das-medusas\/#breadcrumb"},"inLanguage":"pt-PI","potentialAction":[{"@type":"ReadAction","target":["https:\/\/medusea.es\/pt\/informacoes\/aclimatacao-das-medusas\/"]}]},{"@type":"ImageObject","inLanguage":"pt-PI","@id":"https:\/\/medusea.es\/pt\/informacoes\/aclimatacao-das-medusas\/#primaryimage","url":"https:\/\/medusea.es\/wp-content\/uploads\/2021\/01\/IMG_20170517_133227.jpg","contentUrl":"https:\/\/medusea.es\/wp-content\/uploads\/2021\/01\/IMG_20170517_133227.jpg","width":1400,"height":1050,"caption":"Aclimataci\u00f3n Medusas"},{"@type":"BreadcrumbList","@id":"https:\/\/medusea.es\/pt\/informacoes\/aclimatacao-das-medusas\/#breadcrumb","itemListElement":[{"@type":"ListItem","position":1,"name":"Inicio","item":"https:\/\/medusea.es\/pt\/inicio\/"},{"@type":"ListItem","position":2,"name":"INFORMA\u00c7\u00d5ES","item":"https:\/\/medusea.es\/pt\/informacoes\/"},{"@type":"ListItem","position":3,"name":"ACLIMATA\u00c7\u00c3O DAS MEDUSAS"}]},{"@type":"WebSite","@id":"https:\/\/medusea.es\/#website","url":"https:\/\/medusea.es\/","name":"Medusea","description":"Cr\u00eda y Venta de medusas","publisher":{"@id":"https:\/\/medusea.es\/#organization"},"potentialAction":[{"@type":"SearchAction","target":{"@type":"EntryPoint","urlTemplate":"https:\/\/medusea.es\/?s={search_term_string}"},"query-input":{"@type":"PropertyValueSpecification","valueRequired":true,"valueName":"search_term_string"}}],"inLanguage":"pt-PI"},{"@type":"Organization","@id":"https:\/\/medusea.es\/#organization","name":"Medusea","url":"https:\/\/medusea.es\/","logo":{"@type":"ImageObject","inLanguage":"pt-PI","@id":"https:\/\/medusea.es\/#\/schema\/logo\/image\/","url":"https:\/\/medusea.es\/wp-content\/uploads\/2020\/12\/cropped-logo-web-medusea.png","contentUrl":"https:\/\/medusea.es\/wp-content\/uploads\/2020\/12\/cropped-logo-web-medusea.png","width":831,"height":165,"caption":"Medusea"},"image":{"@id":"https:\/\/medusea.es\/#\/schema\/logo\/image\/"},"sameAs":["https:\/\/www.facebook.com\/medusea.es\/","https:\/\/www.instagram.com\/medusea.es\/","https:\/\/www.linkedin.com\/company\/medusea?originalSubdomain=es","https:\/\/www.youtube.com\/channel\/UCX-4HPdK7ATTueYeuvGrbgg"]}]}},"_links":{"self":[{"href":"https:\/\/medusea.es\/pt\/wp-json\/wp\/v2\/pages\/6313","targetHints":{"allow":["GET"]}}],"collection":[{"href":"https:\/\/medusea.es\/pt\/wp-json\/wp\/v2\/pages"}],"about":[{"href":"https:\/\/medusea.es\/pt\/wp-json\/wp\/v2\/types\/page"}],"author":[{"embeddable":true,"href":"https:\/\/medusea.es\/pt\/wp-json\/wp\/v2\/users\/89"}],"replies":[{"embeddable":true,"href":"https:\/\/medusea.es\/pt\/wp-json\/wp\/v2\/comments?post=6313"}],"version-history":[{"count":1,"href":"https:\/\/medusea.es\/pt\/wp-json\/wp\/v2\/pages\/6313\/revisions"}],"predecessor-version":[{"id":6315,"href":"https:\/\/medusea.es\/pt\/wp-json\/wp\/v2\/pages\/6313\/revisions\/6315"}],"up":[{"embeddable":true,"href":"https:\/\/medusea.es\/pt\/wp-json\/wp\/v2\/pages\/6254"}],"wp:featuredmedia":[{"embeddable":true,"href":"https:\/\/medusea.es\/pt\/wp-json\/wp\/v2\/media\/6314"}],"wp:attachment":[{"href":"https:\/\/medusea.es\/pt\/wp-json\/wp\/v2\/media?parent=6313"}],"curies":[{"name":"wp","href":"https:\/\/api.w.org\/{rel}","templated":true}]}}