{"id":6307,"date":"2021-01-04T10:24:01","date_gmt":"2021-01-04T10:24:01","guid":{"rendered":"https:\/\/medusea.es\/informacoes\/preparacao-da-agua-salgada-medusas\/"},"modified":"2025-07-25T09:06:53","modified_gmt":"2025-07-25T09:06:53","slug":"preparacao-da-agua-salgada-medusas","status":"publish","type":"page","link":"https:\/\/medusea.es\/pt\/informacoes\/preparacao-da-agua-salgada-medusas\/","title":{"rendered":"PREPARA\u00c7\u00c3O DA \u00c1GUA SALGADA MEDUSAS"},"content":{"rendered":"\t\t<div data-elementor-type=\"wp-page\" data-elementor-id=\"6307\" class=\"elementor elementor-6307 elementor-3068\" data-elementor-post-type=\"page\">\n\t\t\t\t\t\t<section class=\"elementor-section elementor-top-section elementor-element elementor-element-1d7e104a elementor-section-boxed elementor-section-height-default elementor-section-height-default\" data-id=\"1d7e104a\" data-element_type=\"section\" data-e-type=\"section\">\n\t\t\t\t\t\t<div class=\"elementor-container elementor-column-gap-default\">\n\t\t\t\t\t<div class=\"elementor-column elementor-col-100 elementor-top-column elementor-element elementor-element-7331b8af\" data-id=\"7331b8af\" data-element_type=\"column\" data-e-type=\"column\">\n\t\t\t<div class=\"elementor-widget-wrap elementor-element-populated\">\n\t\t\t\t\t\t<div class=\"elementor-element elementor-element-3627e4d4 elementor-widget elementor-widget-breadcrumbs\" data-id=\"3627e4d4\" data-element_type=\"widget\" data-e-type=\"widget\" data-widget_type=\"breadcrumbs.default\">\n\t\t\t\t<div class=\"elementor-widget-container\">\n\t\t\t\t\t<p id=\"breadcrumbs\"><span><span><a href=\"https:\/\/medusea.es\/pt\/inicio\/\">Inicio<\/a><\/span><\/span><\/p>\t\t\t\t<\/div>\n\t\t\t\t<\/div>\n\t\t\t\t\t<\/div>\n\t\t<\/div>\n\t\t\t\t\t<\/div>\n\t\t<\/section>\n\t\t\t\t<section class=\"elementor-section elementor-top-section elementor-element elementor-element-2125155 elementor-section-boxed elementor-section-height-default elementor-section-height-default\" data-id=\"2125155\" data-element_type=\"section\" data-e-type=\"section\">\n\t\t\t\t\t\t<div class=\"elementor-container elementor-column-gap-default\">\n\t\t\t\t\t<div class=\"elementor-column elementor-col-100 elementor-top-column elementor-element elementor-element-e0add0b\" data-id=\"e0add0b\" data-element_type=\"column\" data-e-type=\"column\">\n\t\t\t<div class=\"elementor-widget-wrap elementor-element-populated\">\n\t\t\t\t\t\t<div class=\"elementor-element elementor-element-e80f525 elementor-widget elementor-widget-text-editor\" data-id=\"e80f525\" data-element_type=\"widget\" data-e-type=\"widget\" data-widget_type=\"text-editor.default\">\n\t\t\t\t<div class=\"elementor-widget-container\">\n\t\t\t\t\t\t\t\t\t<p>A \u00e1gua utilizada deve ser de <strong>osmose reversa ou destilada<\/strong>. Nunca use \u00e1gua da torneira, pois pode conter subst\u00e2ncias t\u00f3xicas, como metais pesados ou altos n\u00edveis de cloro, que s\u00e3o prejudiciais \u00e0s medusas. Voc\u00ea pode encontrar \u00e1gua desionizada ou de osmose reversa em supermercados ou lojas especializadas em aqu\u00e1rios <\/p><p>A quantidade de sal deve ser misturada de acordo com a dosagem recomendada pelo fabricante. Normalmente, utiliza-se de <strong>30 a 32 g de sal por litro<\/strong> de \u00e1gua, para atingir uma <strong>densidade de 1022<\/strong>.<\/p><p>Para a primeira prepara\u00e7\u00e3o, o ideal \u00e9 misturar a \u00e1gua e o sal fora do aqu\u00e1rio. Caso esteja iniciando o sistema, a mistura pode ser feita diretamente no medus\u00e1rio. Deixe a mistura dissolver por pelo menos <strong>24 horas<\/strong>, agitando periodicamente para garantir a dilui\u00e7\u00e3o completa. Um aerador pode ajudar a acelerar esse processo.  <\/p><p>Ap\u00f3s esse per\u00edodo, use um hidr\u00f4metro\/dens\u00edmetro\/refrat\u00f4metro para <strong>medir a salinidade<\/strong>. Se necess\u00e1rio, ajuste adicionando mais sal ou mais \u00e1gua desionizada\/destilada.<\/p><p>Se estiver iniciando um medus\u00e1rio, ligue a bomba para misturar a \u00e1gua e permitir que os <strong>par\u00e2metros de pH<\/strong> e oxigena\u00e7\u00e3o se estabilizem.<\/p><p>Ao preparar <strong>\u00e1gua artificial para trocas de \u00e1gua<\/strong>, o processo deve ser feito sempre em recipientes externos ao aqu\u00e1rio. Adicione a dose necess\u00e1ria de sal \u00e0 \u00e1gua desionizada.<br>Misture bem at\u00e9 que todas as part\u00edculas estejam completamente dissolvidas. Aguarde 24 horas antes de utiliz\u00e1-la. <\/p>\t\t\t\t\t\t\t\t<\/div>\n\t\t\t\t<\/div>\n\t\t\t\t<div class=\"elementor-element elementor-element-18a5a69 elementor-alert-warning elementor-widget elementor-widget-alert\" data-id=\"18a5a69\" data-element_type=\"widget\" data-e-type=\"widget\" data-widget_type=\"alert.default\">\n\t\t\t\t<div class=\"elementor-widget-container\">\n\t\t\t\t\t\t\t<div class=\"elementor-alert\" role=\"alert\">\n\n\t\t\t\t\t\t<span class=\"elementor-alert-title\">Informa\u00e7\u00f5es importantes<\/span>\n\t\t\t\n\t\t\t\t\t\t<span class=\"elementor-alert-description\">N\u00e3o recomendamos o uso de \u00e1gua do mar natural, pois pode conter microrganismos indesejados, que podem colonizar o aqu\u00e1rio e causar infesta\u00e7\u00f5es dif\u00edceis de eliminar.<br>Caso voc\u00ea opte por usar \u00e1gua do mar, \u00e9 essencial filtr\u00e1-la com um sistema de UV antes de adicion\u00e1-la ao medus\u00e1rio. <\/span>\n\t\t\t\n\t\t\t\n\t\t<\/div>\n\t\t\t\t\t\t<\/div>\n\t\t\t\t<\/div>\n\t\t\t\t\t<\/div>\n\t\t<\/div>\n\t\t\t\t\t<\/div>\n\t\t<\/section>\n\t\t\t\t<section class=\"elementor-section elementor-top-section elementor-element elementor-element-43fd0b7d elementor-section-full_width elementor-section-height-default elementor-section-height-default\" data-id=\"43fd0b7d\" data-element_type=\"section\" data-e-type=\"section\" data-settings=\"{&quot;background_background&quot;:&quot;classic&quot;}\">\n\t\t\t\t\t\t<div class=\"elementor-container elementor-column-gap-default\">\n\t\t\t\t\t<div class=\"elementor-column elementor-col-100 elementor-top-column elementor-element elementor-element-32293867\" data-id=\"32293867\" data-element_type=\"column\" data-e-type=\"column\">\n\t\t\t<div class=\"elementor-widget-wrap elementor-element-populated\">\n\t\t\t\t\t\t<div class=\"elementor-element elementor-element-7f5498cc elementor-cta--layout-image-left elementor-cta--skin-classic elementor-animated-content elementor-bg-transform elementor-bg-transform-zoom-in elementor-widget elementor-widget-call-to-action\" data-id=\"7f5498cc\" data-element_type=\"widget\" data-e-type=\"widget\" data-widget_type=\"call-to-action.default\">\n\t\t\t\t<div class=\"elementor-widget-container\">\n\t\t\t\t\t\t\t<a class=\"elementor-cta\" href=\"https:\/\/medusea.es\/pt\/loja\/tratamento-da-agua\/\">\n\t\t\t\t\t<div class=\"elementor-cta__bg-wrapper\">\n\t\t\t\t<div class=\"elementor-cta__bg elementor-bg\" style=\"background-image: url(https:\/\/medusea.es\/wp-content\/uploads\/2021\/01\/aquaJelly-publi-castro-1024x683.jpg);\" role=\"img\" aria-label=\"C\u00f3mo preparar medusario\"><\/div>\n\t\t\t\t<div class=\"elementor-cta__bg-overlay\"><\/div>\n\t\t\t<\/div>\n\t\t\t\t\t\t\t<div class=\"elementor-cta__content\">\n\t\t\t\t\t\t\t\t\t<div class=\"elementor-content-item elementor-cta__content-item elementor-icon-wrapper elementor-cta__icon elementor-view-stacked elementor-shape-circle\">\n\t\t\t\t\t\t<div class=\"elementor-icon\">\n\t\t\t\t\t\t\t<i aria-hidden=\"true\" class=\"fas fa-shopping-bag\"><\/i>\t\t\t\t\t\t<\/div>\n\t\t\t\t\t<\/div>\n\t\t\t\t\n\t\t\t\t\t\t\t\t\t<h2 class=\"elementor-cta__title elementor-cta__content-item elementor-content-item\">\n\t\t\t\t\t\tTratamento da \u00e1gua\t\t\t\t\t<\/h2>\n\t\t\t\t\n\t\t\t\t\t\t\t\t\t<div class=\"elementor-cta__description elementor-cta__content-item elementor-content-item\">\n\t\t\t\t\t\tTudo o que precisas para uma boa simula\u00e7\u00e3o do ambiente marinho\t\t\t\t\t<\/div>\n\t\t\t\t\n\t\t\t\t\t\t\t\t\t<div class=\"elementor-cta__button-wrapper elementor-cta__content-item elementor-content-item \">\n\t\t\t\t\t<span class=\"elementor-cta__button elementor-button elementor-size-\">\n\t\t\t\t\t\tVou \u00e0 loja\t\t\t\t\t<\/span>\n\t\t\t\t\t<\/div>\n\t\t\t\t\t\t\t<\/div>\n\t\t\t\t\t\t<\/a>\n\t\t\t\t\t\t<\/div>\n\t\t\t\t<\/div>\n\t\t\t\t\t<\/div>\n\t\t<\/div>\n\t\t\t\t\t<\/div>\n\t\t<\/section>\n\t\t\t\t<\/div>\n\t\t","protected":false},"excerpt":{"rendered":"<p>A \u00e1gua utilizada deve ser de osmose reversa ou destilada. Nunca use \u00e1gua da torneira, pois pode conter subst\u00e2ncias t\u00f3xicas, como metais pesados ou altos n\u00edveis de cloro, que s\u00e3o prejudiciais \u00e0s medusas. Voc\u00ea pode encontrar \u00e1gua desionizada ou de osmose reversa em supermercados ou lojas especializadas em aqu\u00e1rios A quantidade de sal deve ser [&hellip;]<\/p>\n","protected":false},"author":89,"featured_media":6308,"parent":6254,"menu_order":2,"comment_status":"closed","ping_status":"closed","template":"","meta":{"_monsterinsights_skip_tracking":false,"_monsterinsights_sitenote_active":false,"_monsterinsights_sitenote_note":"","_monsterinsights_sitenote_category":0,"ocean_post_layout":"","ocean_both_sidebars_style":"","ocean_both_sidebars_content_width":0,"ocean_both_sidebars_sidebars_width":0,"ocean_sidebar":"sidebar-2","ocean_second_sidebar":"0","ocean_disable_margins":"enable","ocean_add_body_class":"","ocean_shortcode_before_top_bar":"","ocean_shortcode_after_top_bar":"","ocean_shortcode_before_header":"","ocean_shortcode_after_header":"","ocean_has_shortcode":"","ocean_shortcode_after_title":"","ocean_shortcode_before_footer_widgets":"","ocean_shortcode_after_footer_widgets":"","ocean_shortcode_before_footer_bottom":"","ocean_shortcode_after_footer_bottom":"","ocean_display_top_bar":"default","ocean_display_header":"default","ocean_header_style":"","ocean_center_header_left_menu":"0","ocean_custom_header_template":"0","ocean_custom_logo":0,"ocean_custom_retina_logo":0,"ocean_custom_logo_max_width":0,"ocean_custom_logo_tablet_max_width":0,"ocean_custom_logo_mobile_max_width":0,"ocean_custom_logo_max_height":0,"ocean_custom_logo_tablet_max_height":0,"ocean_custom_logo_mobile_max_height":0,"ocean_header_custom_menu":"0","ocean_menu_typo_font_family":"0","ocean_menu_typo_font_subset":"","ocean_menu_typo_font_size":0,"ocean_menu_typo_font_size_tablet":0,"ocean_menu_typo_font_size_mobile":0,"ocean_menu_typo_font_size_unit":"px","ocean_menu_typo_font_weight":"","ocean_menu_typo_font_weight_tablet":"","ocean_menu_typo_font_weight_mobile":"","ocean_menu_typo_transform":"","ocean_menu_typo_transform_tablet":"","ocean_menu_typo_transform_mobile":"","ocean_menu_typo_line_height":0,"ocean_menu_typo_line_height_tablet":0,"ocean_menu_typo_line_height_mobile":0,"ocean_menu_typo_line_height_unit":"","ocean_menu_typo_spacing":0,"ocean_menu_typo_spacing_tablet":0,"ocean_menu_typo_spacing_mobile":0,"ocean_menu_typo_spacing_unit":"","ocean_menu_link_color":"","ocean_menu_link_color_hover":"","ocean_menu_link_color_active":"","ocean_menu_link_background":"","ocean_menu_link_hover_background":"","ocean_menu_link_active_background":"","ocean_menu_social_links_bg":"","ocean_menu_social_hover_links_bg":"","ocean_menu_social_links_color":"","ocean_menu_social_hover_links_color":"","ocean_disable_title":"enable","ocean_disable_heading":"enable","ocean_post_title":"","ocean_post_subheading":"Para preparar a \u00e1gua marinha artificial, devem ser utilizadas sales especiais para aqu\u00e1rios (nunca sal de cozinha). Essas sales podem ser encontradas em nossa loja online: <a href=\"http:\/\/medusea.es\/\">www.medusea.es.<\/a> ","ocean_post_title_style":"background-image","ocean_post_title_background_color":"","ocean_post_title_background":0,"ocean_post_title_bg_image_position":"","ocean_post_title_bg_image_attachment":"","ocean_post_title_bg_image_repeat":"","ocean_post_title_bg_image_size":"","ocean_post_title_height":0,"ocean_post_title_bg_overlay":0.5,"ocean_post_title_bg_overlay_color":"","ocean_disable_breadcrumbs":"off","ocean_breadcrumbs_color":"","ocean_breadcrumbs_separator_color":"","ocean_breadcrumbs_links_color":"","ocean_breadcrumbs_links_hover_color":"","ocean_display_footer_widgets":"default","ocean_display_footer_bottom":"default","ocean_custom_footer_template":"0","footnotes":""},"class_list":["post-6307","page","type-page","status-publish","has-post-thumbnail","hentry","entry","has-media","owp-thumbs-layout-horizontal","owp-btn-normal","owp-tabs-layout-horizontal","has-no-thumbnails","has-product-nav","circle-sale"],"yoast_head":"<!-- This site is optimized with the Yoast SEO plugin v27.3 - https:\/\/yoast.com\/product\/yoast-seo-wordpress\/ -->\n<title>PREPARA\u00c7\u00c3O DA \u00c1GUA SALGADA MEDUSAS medusas - Medusea<\/title>\n<meta name=\"description\" content=\"Prepara\u00e7\u00e3o de \u00e1gua salgada para medusas. Os sais especiais para aqu\u00e1rios s\u00e3o utilizados para preparar \u00e1gua do mar artificial.\" \/>\n<meta name=\"robots\" content=\"index, follow, max-snippet:-1, max-image-preview:large, max-video-preview:-1\" \/>\n<link rel=\"canonical\" href=\"https:\/\/medusea.es\/pt\/informacoes\/preparacao-da-agua-salgada-medusas\/\" \/>\n<meta property=\"og:locale\" content=\"pt_PT\" \/>\n<meta property=\"og:type\" content=\"article\" \/>\n<meta property=\"og:title\" content=\"PREPARA\u00c7\u00c3O DA \u00c1GUA SALGADA MEDUSAS medusas - Medusea\" \/>\n<meta property=\"og:description\" content=\"Prepara\u00e7\u00e3o de \u00e1gua salgada para medusas. Os sais especiais para aqu\u00e1rios s\u00e3o utilizados para preparar \u00e1gua do mar artificial.\" \/>\n<meta property=\"og:url\" content=\"https:\/\/medusea.es\/pt\/informacoes\/preparacao-da-agua-salgada-medusas\/\" \/>\n<meta property=\"og:site_name\" content=\"Medusea\" \/>\n<meta property=\"article:publisher\" content=\"https:\/\/www.facebook.com\/medusea.es\/\" \/>\n<meta property=\"article:modified_time\" content=\"2025-07-25T09:06:53+00:00\" \/>\n<meta property=\"og:image\" content=\"https:\/\/medusea.es\/wp-content\/uploads\/2021\/01\/acuario_playa-scaled-1.jpg\" \/>\n\t<meta property=\"og:image:width\" content=\"2560\" \/>\n\t<meta property=\"og:image:height\" content=\"1439\" \/>\n\t<meta property=\"og:image:type\" content=\"image\/jpeg\" \/>\n<meta name=\"twitter:card\" content=\"summary_large_image\" \/>\n<meta name=\"twitter:label1\" content=\"Est. reading time\" \/>\n\t<meta name=\"twitter:data1\" content=\"2 minutes\" \/>\n<script type=\"application\/ld+json\" class=\"yoast-schema-graph\">{\"@context\":\"https:\\\/\\\/schema.org\",\"@graph\":[{\"@type\":\"WebPage\",\"@id\":\"https:\\\/\\\/medusea.es\\\/pt\\\/informacoes\\\/preparacao-da-agua-salgada-medusas\\\/\",\"url\":\"https:\\\/\\\/medusea.es\\\/pt\\\/informacoes\\\/preparacao-da-agua-salgada-medusas\\\/\",\"name\":\"PREPARA\u00c7\u00c3O DA \u00c1GUA SALGADA MEDUSAS medusas - Medusea\",\"isPartOf\":{\"@id\":\"https:\\\/\\\/medusea.es\\\/#website\"},\"primaryImageOfPage\":{\"@id\":\"https:\\\/\\\/medusea.es\\\/pt\\\/informacoes\\\/preparacao-da-agua-salgada-medusas\\\/#primaryimage\"},\"image\":{\"@id\":\"https:\\\/\\\/medusea.es\\\/pt\\\/informacoes\\\/preparacao-da-agua-salgada-medusas\\\/#primaryimage\"},\"thumbnailUrl\":\"https:\\\/\\\/medusea.es\\\/wp-content\\\/uploads\\\/2021\\\/01\\\/acuario_playa-scaled-1.jpg\",\"datePublished\":\"2021-01-04T10:24:01+00:00\",\"dateModified\":\"2025-07-25T09:06:53+00:00\",\"description\":\"Prepara\u00e7\u00e3o de \u00e1gua salgada para medusas. Os sais especiais para aqu\u00e1rios s\u00e3o utilizados para preparar \u00e1gua do mar artificial.\",\"breadcrumb\":{\"@id\":\"https:\\\/\\\/medusea.es\\\/pt\\\/informacoes\\\/preparacao-da-agua-salgada-medusas\\\/#breadcrumb\"},\"inLanguage\":\"pt-PI\",\"potentialAction\":[{\"@type\":\"ReadAction\",\"target\":[\"https:\\\/\\\/medusea.es\\\/pt\\\/informacoes\\\/preparacao-da-agua-salgada-medusas\\\/\"]}]},{\"@type\":\"ImageObject\",\"inLanguage\":\"pt-PI\",\"@id\":\"https:\\\/\\\/medusea.es\\\/pt\\\/informacoes\\\/preparacao-da-agua-salgada-medusas\\\/#primaryimage\",\"url\":\"https:\\\/\\\/medusea.es\\\/wp-content\\\/uploads\\\/2021\\\/01\\\/acuario_playa-scaled-1.jpg\",\"contentUrl\":\"https:\\\/\\\/medusea.es\\\/wp-content\\\/uploads\\\/2021\\\/01\\\/acuario_playa-scaled-1.jpg\",\"width\":2560,\"height\":1439,\"caption\":\"Preparaci\u00f3n agua salada medusas\"},{\"@type\":\"BreadcrumbList\",\"@id\":\"https:\\\/\\\/medusea.es\\\/pt\\\/informacoes\\\/preparacao-da-agua-salgada-medusas\\\/#breadcrumb\",\"itemListElement\":[{\"@type\":\"ListItem\",\"position\":1,\"name\":\"Inicio\",\"item\":\"https:\\\/\\\/medusea.es\\\/pt\\\/inicio\\\/\"},{\"@type\":\"ListItem\",\"position\":2,\"name\":\"INFORMA\u00c7\u00d5ES\",\"item\":\"https:\\\/\\\/medusea.es\\\/pt\\\/informacoes\\\/\"},{\"@type\":\"ListItem\",\"position\":3,\"name\":\"PREPARA\u00c7\u00c3O DA \u00c1GUA SALGADA MEDUSAS\"}]},{\"@type\":\"WebSite\",\"@id\":\"https:\\\/\\\/medusea.es\\\/#website\",\"url\":\"https:\\\/\\\/medusea.es\\\/\",\"name\":\"Medusea\",\"description\":\"Cr\u00eda y Venta de medusas\",\"publisher\":{\"@id\":\"https:\\\/\\\/medusea.es\\\/#organization\"},\"potentialAction\":[{\"@type\":\"SearchAction\",\"target\":{\"@type\":\"EntryPoint\",\"urlTemplate\":\"https:\\\/\\\/medusea.es\\\/?s={search_term_string}\"},\"query-input\":{\"@type\":\"PropertyValueSpecification\",\"valueRequired\":true,\"valueName\":\"search_term_string\"}}],\"inLanguage\":\"pt-PI\"},{\"@type\":\"Organization\",\"@id\":\"https:\\\/\\\/medusea.es\\\/#organization\",\"name\":\"Medusea\",\"url\":\"https:\\\/\\\/medusea.es\\\/\",\"logo\":{\"@type\":\"ImageObject\",\"inLanguage\":\"pt-PI\",\"@id\":\"https:\\\/\\\/medusea.es\\\/#\\\/schema\\\/logo\\\/image\\\/\",\"url\":\"https:\\\/\\\/medusea.es\\\/wp-content\\\/uploads\\\/2020\\\/12\\\/cropped-logo-web-medusea.png\",\"contentUrl\":\"https:\\\/\\\/medusea.es\\\/wp-content\\\/uploads\\\/2020\\\/12\\\/cropped-logo-web-medusea.png\",\"width\":831,\"height\":165,\"caption\":\"Medusea\"},\"image\":{\"@id\":\"https:\\\/\\\/medusea.es\\\/#\\\/schema\\\/logo\\\/image\\\/\"},\"sameAs\":[\"https:\\\/\\\/www.facebook.com\\\/medusea.es\\\/\",\"https:\\\/\\\/www.instagram.com\\\/medusea.es\\\/\",\"https:\\\/\\\/www.linkedin.com\\\/company\\\/medusea?originalSubdomain=es\",\"https:\\\/\\\/www.youtube.com\\\/channel\\\/UCX-4HPdK7ATTueYeuvGrbgg\"]}]}<\/script>\n<!-- \/ Yoast SEO plugin. -->","yoast_head_json":{"title":"PREPARA\u00c7\u00c3O DA \u00c1GUA SALGADA MEDUSAS medusas - Medusea","description":"Prepara\u00e7\u00e3o de \u00e1gua salgada para medusas. Os sais especiais para aqu\u00e1rios s\u00e3o utilizados para preparar \u00e1gua do mar artificial.","robots":{"index":"index","follow":"follow","max-snippet":"max-snippet:-1","max-image-preview":"max-image-preview:large","max-video-preview":"max-video-preview:-1"},"canonical":"https:\/\/medusea.es\/pt\/informacoes\/preparacao-da-agua-salgada-medusas\/","og_locale":"pt_PT","og_type":"article","og_title":"PREPARA\u00c7\u00c3O DA \u00c1GUA SALGADA MEDUSAS medusas - Medusea","og_description":"Prepara\u00e7\u00e3o de \u00e1gua salgada para medusas. Os sais especiais para aqu\u00e1rios s\u00e3o utilizados para preparar \u00e1gua do mar artificial.","og_url":"https:\/\/medusea.es\/pt\/informacoes\/preparacao-da-agua-salgada-medusas\/","og_site_name":"Medusea","article_publisher":"https:\/\/www.facebook.com\/medusea.es\/","article_modified_time":"2025-07-25T09:06:53+00:00","og_image":[{"width":2560,"height":1439,"url":"https:\/\/medusea.es\/wp-content\/uploads\/2021\/01\/acuario_playa-scaled-1.jpg","type":"image\/jpeg"}],"twitter_card":"summary_large_image","twitter_misc":{"Est. reading time":"2 minutes"},"schema":{"@context":"https:\/\/schema.org","@graph":[{"@type":"WebPage","@id":"https:\/\/medusea.es\/pt\/informacoes\/preparacao-da-agua-salgada-medusas\/","url":"https:\/\/medusea.es\/pt\/informacoes\/preparacao-da-agua-salgada-medusas\/","name":"PREPARA\u00c7\u00c3O DA \u00c1GUA SALGADA MEDUSAS medusas - Medusea","isPartOf":{"@id":"https:\/\/medusea.es\/#website"},"primaryImageOfPage":{"@id":"https:\/\/medusea.es\/pt\/informacoes\/preparacao-da-agua-salgada-medusas\/#primaryimage"},"image":{"@id":"https:\/\/medusea.es\/pt\/informacoes\/preparacao-da-agua-salgada-medusas\/#primaryimage"},"thumbnailUrl":"https:\/\/medusea.es\/wp-content\/uploads\/2021\/01\/acuario_playa-scaled-1.jpg","datePublished":"2021-01-04T10:24:01+00:00","dateModified":"2025-07-25T09:06:53+00:00","description":"Prepara\u00e7\u00e3o de \u00e1gua salgada para medusas. Os sais especiais para aqu\u00e1rios s\u00e3o utilizados para preparar \u00e1gua do mar artificial.","breadcrumb":{"@id":"https:\/\/medusea.es\/pt\/informacoes\/preparacao-da-agua-salgada-medusas\/#breadcrumb"},"inLanguage":"pt-PI","potentialAction":[{"@type":"ReadAction","target":["https:\/\/medusea.es\/pt\/informacoes\/preparacao-da-agua-salgada-medusas\/"]}]},{"@type":"ImageObject","inLanguage":"pt-PI","@id":"https:\/\/medusea.es\/pt\/informacoes\/preparacao-da-agua-salgada-medusas\/#primaryimage","url":"https:\/\/medusea.es\/wp-content\/uploads\/2021\/01\/acuario_playa-scaled-1.jpg","contentUrl":"https:\/\/medusea.es\/wp-content\/uploads\/2021\/01\/acuario_playa-scaled-1.jpg","width":2560,"height":1439,"caption":"Preparaci\u00f3n agua salada medusas"},{"@type":"BreadcrumbList","@id":"https:\/\/medusea.es\/pt\/informacoes\/preparacao-da-agua-salgada-medusas\/#breadcrumb","itemListElement":[{"@type":"ListItem","position":1,"name":"Inicio","item":"https:\/\/medusea.es\/pt\/inicio\/"},{"@type":"ListItem","position":2,"name":"INFORMA\u00c7\u00d5ES","item":"https:\/\/medusea.es\/pt\/informacoes\/"},{"@type":"ListItem","position":3,"name":"PREPARA\u00c7\u00c3O DA \u00c1GUA SALGADA MEDUSAS"}]},{"@type":"WebSite","@id":"https:\/\/medusea.es\/#website","url":"https:\/\/medusea.es\/","name":"Medusea","description":"Cr\u00eda y Venta de medusas","publisher":{"@id":"https:\/\/medusea.es\/#organization"},"potentialAction":[{"@type":"SearchAction","target":{"@type":"EntryPoint","urlTemplate":"https:\/\/medusea.es\/?s={search_term_string}"},"query-input":{"@type":"PropertyValueSpecification","valueRequired":true,"valueName":"search_term_string"}}],"inLanguage":"pt-PI"},{"@type":"Organization","@id":"https:\/\/medusea.es\/#organization","name":"Medusea","url":"https:\/\/medusea.es\/","logo":{"@type":"ImageObject","inLanguage":"pt-PI","@id":"https:\/\/medusea.es\/#\/schema\/logo\/image\/","url":"https:\/\/medusea.es\/wp-content\/uploads\/2020\/12\/cropped-logo-web-medusea.png","contentUrl":"https:\/\/medusea.es\/wp-content\/uploads\/2020\/12\/cropped-logo-web-medusea.png","width":831,"height":165,"caption":"Medusea"},"image":{"@id":"https:\/\/medusea.es\/#\/schema\/logo\/image\/"},"sameAs":["https:\/\/www.facebook.com\/medusea.es\/","https:\/\/www.instagram.com\/medusea.es\/","https:\/\/www.linkedin.com\/company\/medusea?originalSubdomain=es","https:\/\/www.youtube.com\/channel\/UCX-4HPdK7ATTueYeuvGrbgg"]}]}},"_links":{"self":[{"href":"https:\/\/medusea.es\/pt\/wp-json\/wp\/v2\/pages\/6307","targetHints":{"allow":["GET"]}}],"collection":[{"href":"https:\/\/medusea.es\/pt\/wp-json\/wp\/v2\/pages"}],"about":[{"href":"https:\/\/medusea.es\/pt\/wp-json\/wp\/v2\/types\/page"}],"author":[{"embeddable":true,"href":"https:\/\/medusea.es\/pt\/wp-json\/wp\/v2\/users\/89"}],"replies":[{"embeddable":true,"href":"https:\/\/medusea.es\/pt\/wp-json\/wp\/v2\/comments?post=6307"}],"version-history":[{"count":1,"href":"https:\/\/medusea.es\/pt\/wp-json\/wp\/v2\/pages\/6307\/revisions"}],"predecessor-version":[{"id":6309,"href":"https:\/\/medusea.es\/pt\/wp-json\/wp\/v2\/pages\/6307\/revisions\/6309"}],"up":[{"embeddable":true,"href":"https:\/\/medusea.es\/pt\/wp-json\/wp\/v2\/pages\/6254"}],"wp:featuredmedia":[{"embeddable":true,"href":"https:\/\/medusea.es\/pt\/wp-json\/wp\/v2\/media\/6308"}],"wp:attachment":[{"href":"https:\/\/medusea.es\/pt\/wp-json\/wp\/v2\/media?parent=6307"}],"curies":[{"name":"wp","href":"https:\/\/api.w.org\/{rel}","templated":true}]}}